{"id":6806,"date":"2014-06-17T10:43:44","date_gmt":"2014-06-17T09:43:44","guid":{"rendered":"http:\/\/www.teamartist.com\/blog\/?page_id=6806"},"modified":"2019-11-11T10:46:44","modified_gmt":"2019-11-11T09:46:44","slug":"le-agevolazioni-fiscali-delle-odv","status":"publish","type":"page","link":"https:\/\/www.teamartist.com\/blog\/prontuario\/le-agevolazioni-fiscali-delle-odv\/","title":{"rendered":"Le agevolazioni fiscali delle OdV"},"content":{"rendered":"<p><span lang=\"it-IT\">Ai sensi dell\u2019art. 10, comma 8 del <\/span><span lang=\"it-IT\">Decreto Legislativo n. 460\/1997<\/span><span lang=\"it-IT\">, alle Organizzazioni <\/span>di Volontariato viene riconosciuto il diritto di scegliere di avvalersi della normativa di \u201cmaggior favore\u201d. Ci\u00f2 significa che una OdV, ONLUS di diritto, pu\u00f2 applicare la disciplina fiscale pi\u00f9 conveniente scegliendo tra le agevolazioni contenute nella legge quadro (<span lang=\"zxx\"><a href=\"https:\/\/www.teamartist.com\/blog\/legge-quadro-sul-volontariato\/\" target=\"_blank\" rel=\"nofollow noopener noreferrer\">L. 266\/1991<\/a><\/span>) o quelle di cui al decreto istitutivo delle ONLUS (<span lang=\"zxx\"><a href=\"https:\/\/www.teamartist.com\/blog\/disposizioni-sulle-onlus\/\" target=\"_blank\" rel=\"nofollow noopener noreferrer\">D. Lgs. 460\/1997<\/a><\/span>).<\/p>\n<p style=\"text-align: justify;\" align=\"JUSTIFY\"><span lang=\"it-IT\">La <\/span><span lang=\"zxx\"><a href=\"https:\/\/www.teamartist.com\/blog\/disposizioni-sulle-onlus\/\" target=\"_blank\" rel=\"nofollow noopener noreferrer\">Circolare Ministeriale n. 168 del 26\/6\/1998<\/a><\/span> al punto 5.2 ha precisato che la <strong>scelta<\/strong> tra le diverse previsioni agevolative, anche se non necessita di una comunicazione agli uffici, <strong>deve essere mantenuta per <span style=\"text-decoration: underline;\">tutte<\/span> le operazioni che il soggetto svolge nell\u2019arco di un intero periodo d\u2019imposta<\/strong>.<\/p>\n<p style=\"text-align: justify;\" align=\"LEFT\">Quindi, ad esempio, le OdV che svolgono attivit\u00e0 commerciali soggette ad IVA possono scegliere, per almeno un periodo d&#8217;imposta, di operare nel regime di esclusione da IVA ex art. 8 L. 266\/91 oppure di aprire la partita IVA e optare fra i vari regimi contabili previsti dal sistema.<\/p>\n<p style=\"text-align: justify;\" align=\"LEFT\">Vediamo ora le agevolazioni fiscali previste per le OdV dalla <span lang=\"zxx\"><a href=\"https:\/\/www.teamartist.com\/blog\/legge-quadro-sul-volontariato\/\" target=\"_blank\" rel=\"nofollow noopener noreferrer\">L. 266\/1991<\/a><\/span>:<\/p>\n<ul style=\"text-align: justify;\">\n<li>Le OdV sono <strong>esonerate dall\u2019imposta di registro<\/strong> per gli atti costitutivi e gli atti connessi allo svolgimento della propria attivit\u00e0 (es: contratti di locazione o di comodato d\u2019uso gratuito di beni immobili o mobili necessari per il proprio operare, delibere assembleari che modificano lo statuto, ecc) (art. 8, comma 1).<\/li>\n<li>Le OdV sono <strong>esonerate anche dall\u2019imposta di bollo<\/strong> per gli atti costitutivi e gli atti connessi allo svolgimento della propria attivit\u00e0 (art. 8, comma 1).<\/li>\n<li>\n<p align=\"LEFT\">Le <strong>donazioni<\/strong> e i <strong>lasciti testamentari<\/strong> sono <strong>esenti dalla relativa imposta<\/strong> (art. 8, comma 2).<\/p>\n<\/li>\n<li>Le operazioni poste in essere (operazioni attive, cio\u00e8 le cessioni di beni e le prestazioni di servizi effettuate dietro corrispettivo) dalle organizzazioni di volontariatonello svolgimento della propria attivit\u00e0 sono<strong> fuori campo IVA<\/strong>, cio\u00e8 non rientrano nell\u2019ambito di applicazione di tale imposta (art. 8, comma 2). L\u2019esclusione da IVA comporta l<strong>\u2019esclusione da tutti gli obblighi formali <\/strong>connessi: una OdVnon \u00e8 obbligata cio\u00e8 ad aprire partita IVA, n\u00e9 deve rispettare le disposizioni dettate dal D.P.R. 633\/1972 in materia di imposta sul valore aggiunto (ad esempio: fatturazione dei servizi offerti, registrazione contabile, ecc.). Per le prestazioni effettuate basta emettere una nota di debito o una ricevuta.<\/li>\n<\/ul>\n<p style=\"text-align: justify; padding-left: 30px;\">Le OdV non sono invece esonerate dal pagamento dell&#8217;IVA sugli acquisti effettuati, in quanto assimilate a consumatori finali.<\/p>\n<ul>\n<li style=\"text-align: justify;\">I proventi derivanti da <strong>attivit\u00e0 commerciali e produttive marginali<\/strong> <strong>non costituiscono redditi imponibili ai fini IRES<\/strong>, qualora sia documentato il loro totale impiego per i fini istituzionali dell\u2019organizzazione di volontariato (art. 8, comma 4).<\/li>\n<li>\n<p style=\"text-align: justify;\">Per le <strong>erogazioni liberali<\/strong> sono applicabili tutte le agevolazioni previste per le ONLUS.<\/p>\n<\/li>\n<\/ul>\n","protected":false},"excerpt":{"rendered":"<p><a class=\"ninja_pages_read_more\"  href=\"https:\/\/www.teamartist.com\/blog\/prontuario\/le-agevolazioni-fiscali-delle-odv\/\"><\/a><\/p>\n","protected":false},"author":1,"featured_media":14464,"parent":109,"menu_order":0,"comment_status":"closed","ping_status":"open","template":"prontuario.php","format":[],"meta":{"ns_format_proposto":0,"ns_tipologia_proposta":0,"ns_tag_proposti":[],"ns_argomento_proposto":0,"ns_categoria_proposta":0,"ns_check_query_entries":[],"ns_valutazione_query_keywords":[],"ns_pagespeed_results":[],"footnotes":""},"categories":[863],"tags":[],"tipologia":[],"argomento":[],"class_list":["post-6806","page","type-page","status-publish","has-post-thumbnail","hentry","category-costituireassociazione"],"_links":{"self":[{"href":"https:\/\/www.teamartist.com\/blog\/wp-json\/wp\/v2\/pages\/6806","targetHints":{"allow":["GET"]}}],"collection":[{"href":"https:\/\/www.teamartist.com\/blog\/wp-json\/wp\/v2\/pages"}],"about":[{"href":"https:\/\/www.teamartist.com\/blog\/wp-json\/wp\/v2\/types\/page"}],"author":[{"embeddable":true,"href":"https:\/\/www.teamartist.com\/blog\/wp-json\/wp\/v2\/users\/1"}],"replies":[{"embeddable":true,"href":"https:\/\/www.teamartist.com\/blog\/wp-json\/wp\/v2\/comments?post=6806"}],"version-history":[{"count":0,"href":"https:\/\/www.teamartist.com\/blog\/wp-json\/wp\/v2\/pages\/6806\/revisions"}],"up":[{"embeddable":true,"href":"https:\/\/www.teamartist.com\/blog\/wp-json\/wp\/v2\/pages\/109"}],"wp:featuredmedia":[{"embeddable":true,"href":"https:\/\/www.teamartist.com\/blog\/wp-json\/wp\/v2\/media\/14464"}],"wp:attachment":[{"href":"https:\/\/www.teamartist.com\/blog\/wp-json\/wp\/v2\/media?parent=6806"}],"wp:term":[{"taxonomy":"category","embeddable":true,"href":"https:\/\/www.teamartist.com\/blog\/wp-json\/wp\/v2\/categories?post=6806"},{"taxonomy":"post_tag","embeddable":true,"href":"https:\/\/www.teamartist.com\/blog\/wp-json\/wp\/v2\/tags?post=6806"},{"taxonomy":"tipologia","embeddable":true,"href":"https:\/\/www.teamartist.com\/blog\/wp-json\/wp\/v2\/tipologia?post=6806"},{"taxonomy":"argomento","embeddable":true,"href":"https:\/\/www.teamartist.com\/blog\/wp-json\/wp\/v2\/argomento?post=6806"},{"taxonomy":"format","embeddable":true,"href":"https:\/\/www.teamartist.com\/blog\/wp-json\/wp\/v2\/format?post=6806"}],"curies":[{"name":"wp","href":"https:\/\/api.w.org\/{rel}","templated":true}]}}