{"id":6770,"date":"2014-06-16T09:33:19","date_gmt":"2014-06-16T08:33:19","guid":{"rendered":"http:\/\/www.teamartist.com\/blog\/?page_id=6770"},"modified":"2019-11-11T10:46:40","modified_gmt":"2019-11-11T09:46:40","slug":"le-agevolazioni-delle-aps","status":"publish","type":"page","link":"https:\/\/www.teamartist.com\/blog\/le-agevolazioni-delle-aps\/","title":{"rendered":"Le agevolazioni delle Associazioni di Promozione Sociale &#8211; APS"},"content":{"rendered":"<p style=\"text-align: left;\" align=\"CENTER\">L\u2019iscrizione nel\u00a0<a href=\"https:\/\/www.teamartist.com\/blog\/2012\/11\/23\/iscrizione-registro-nazionale-associazioni-promozione-sociale\/\">Registro\u00a0Nazionale delle APS<\/a>, o nei diversi registri regionali e\/o provinciali \u00e8 <em>condizione necessaria<\/em> per stipulare <a href=\"https:\/\/www.teamartist.com\/blog\/2014\/12\/29\/come-scrivere-una-convenzione-tra-la-tua-associazione-ed-una-scuola\/\" target=\"_blank\" rel=\"nofollow noopener noreferrer\">Convenzioni<\/a> con Enti Pubblici e per usufruire dei benefici previsti dalla <span lang=\"zxx\"><a href=\"https:\/\/www.teamartist.com\/blog\/disciplina-delle-aps\/\" target=\"_blank\" rel=\"nofollow noopener noreferrer\">Legge 383\/2000<\/a><\/span> e dalle leggi regionali e provinciali.<\/p>\n<p style=\"text-align: justify;\" align=\"LEFT\">Le Associazioni di Promozione Sociale, se iscritte, possono:<\/p>\n<ul style=\"text-align: justify;\">\n<li>\n<p align=\"LEFT\"><strong>ricevere contributi <\/strong>dallo Stato, dalle regioni, dagli enti locali o da altri enti o istituzioni pubbliche, anche finalizzati al sostegno di specifici e documentati programmi (i cosiddetti \u2018finanziamenti per progetti\u2019) realizzati nell\u2019ambito dei fini statutari nonch\u00e9 contributi;<\/p>\n<\/li>\n<li>\n<p align=\"LEFT\"><strong>stipulare convenzioni con gli enti pubblici <\/strong>(es.Comune, Provincia, ecc) per lo svolgimento delle attivit\u00e0 previste dallo statuto verso terzi. Le associazioni devono essere iscritte da almeno sei mesi nel registro delle APS e devono stipulare la polizza assicurativa a copertura dei propri aderenti (art. 30);<\/p>\n<\/li>\n<li>\n<p align=\"LEFT\"><strong>accedere ai finanziamenti del Fondo Sociale Europeo <\/strong>per progetti finalizzati al raggiungimento degli obiettivi istituzionali (art. 28);<\/p>\n<\/li>\n<li>\n<p align=\"LEFT\">usufruire di alcune agevolazioni previste per le cooperative per l\u2019<strong>ammissione al credito agevolato<\/strong>, limitatamente ai progetti per i quali sono operanti convenzioni con enti pubblici (art. 24);<\/p>\n<\/li>\n<li>\n<p align=\"LEFT\">ottenere la <strong>riduzione di tributi di competenza degli enti locali<\/strong>, se deliberato (art. 23);<\/p>\n<\/li>\n<li>\n<p align=\"LEFT\">avere <strong>diritto di<\/strong><strong> accesso<\/strong> <strong>ai documenti amministrativi<\/strong> (art. 26);<\/p>\n<\/li>\n<li>\n<p align=\"LEFT\">ottenere, da parte delle amministrazioni statali, regionali, provinciali e comunali, l\u2019<strong>utilizzo di beni mobili ed immobili<\/strong>, a titolo non oneroso in caso di manifestazioni temporanee (art. 31), o incomodato per lo svolgimento delle loro attivit\u00e0 istituzionali (art. 32);<\/p>\n<\/li>\n<li>\n<p align=\"LEFT\">essere <strong>autorizzate temporaneamente <\/strong>(in occasione di particolari eventi o manifestazioni) <strong>alla somministrazione di bevande ed alimenti ed all\u2019esercizio di <\/strong><strong>attivit\u00e0 turistiche<\/strong> e ricettive, ma solo per i propri associati e loro familiari conviventi (art. 31);<\/p>\n<\/li>\n<li>\n<p align=\"LEFT\">equiparare, ai fini fiscali, le cessioni di beni e le prestazioni di servizi rese ai <strong>familiari conviventi <\/strong>degli associati, a quelle rese agli associati (art. 20);<\/p>\n<\/li>\n<li>\n<p align=\"LEFT\">ottenere <strong>flessibilit\u00e0 dell\u2019orario di lavoro<\/strong> o delle turnazioni per i propri lavoratori (art. 19);<\/p>\n<\/li>\n<li>\n<p align=\"LEFT\">far ottenere la <strong>detrazione\/deduzione dalle imposte sui redditi\u00a0<\/strong><strong>di<\/strong> parte delle <strong>erogazioni liberali <\/strong>effettuate a loro favore (art. 22).<\/p>\n<\/li>\n<\/ul>\n<p style=\"text-align: justify;\" align=\"LEFT\">Inoltre, ai sensi dell&#8217;<a href=\"https:\/\/www.teamartist.com\/blog\/tuir-testo-unico-delle-imposte-sui-redditi\/\" target=\"_blank\" rel=\"nofollow noopener noreferrer\">art. 148 TUIR<\/a>, per le APS Nazionali e per le associazioni ad esse affiliate, <strong>non sono attivit\u00e0 commerciali<\/strong>:<\/p>\n<ul>\n<li style=\"text-align: justify;\">\n<p align=\"LEFT\">la <strong>somministrazione di alimenti e bevande<\/strong> a soci\/tesserati, effettuata da bar ed esercizi similari presso le sedi in cui viene svolta l\u2019attivit\u00e0 istituzionale;<\/p>\n<\/li>\n<li>\n<p style=\"text-align: justify;\" align=\"LEFT\">l\u2019<strong>organizzazione di viaggi e soggiorni<\/strong> strettamente complementari all&#8217;attivit\u00e0 istituzionale (tale attivit\u00e0 \u00e8 de-commercializzata ai fini IRES, ma \u00e8 considerata<em> commerciale ai fini IVA<\/em>).<\/p>\n<\/li>\n<\/ul>\n","protected":false},"excerpt":{"rendered":"<p><a class=\"ninja_pages_read_more\"  href=\"https:\/\/www.teamartist.com\/blog\/le-agevolazioni-delle-aps\/\"><\/a><\/p>\n","protected":false},"author":1,"featured_media":14459,"parent":0,"menu_order":0,"comment_status":"closed","ping_status":"open","template":"prontuario.php","format":[],"meta":{"ns_format_proposto":0,"ns_tipologia_proposta":0,"ns_tag_proposti":[],"ns_argomento_proposto":0,"ns_categoria_proposta":0,"ns_check_query_entries":[],"ns_valutazione_query_keywords":[],"ns_pagespeed_results":[],"footnotes":""},"categories":[863],"tags":[898],"tipologia":[],"argomento":[],"class_list":["post-6770","page","type-page","status-publish","has-post-thumbnail","hentry","category-costituireassociazione","tag-associazione_di_promozione_sociale_-_aps"],"_links":{"self":[{"href":"https:\/\/www.teamartist.com\/blog\/wp-json\/wp\/v2\/pages\/6770","targetHints":{"allow":["GET"]}}],"collection":[{"href":"https:\/\/www.teamartist.com\/blog\/wp-json\/wp\/v2\/pages"}],"about":[{"href":"https:\/\/www.teamartist.com\/blog\/wp-json\/wp\/v2\/types\/page"}],"author":[{"embeddable":true,"href":"https:\/\/www.teamartist.com\/blog\/wp-json\/wp\/v2\/users\/1"}],"replies":[{"embeddable":true,"href":"https:\/\/www.teamartist.com\/blog\/wp-json\/wp\/v2\/comments?post=6770"}],"version-history":[{"count":0,"href":"https:\/\/www.teamartist.com\/blog\/wp-json\/wp\/v2\/pages\/6770\/revisions"}],"wp:featuredmedia":[{"embeddable":true,"href":"https:\/\/www.teamartist.com\/blog\/wp-json\/wp\/v2\/media\/14459"}],"wp:attachment":[{"href":"https:\/\/www.teamartist.com\/blog\/wp-json\/wp\/v2\/media?parent=6770"}],"wp:term":[{"taxonomy":"category","embeddable":true,"href":"https:\/\/www.teamartist.com\/blog\/wp-json\/wp\/v2\/categories?post=6770"},{"taxonomy":"post_tag","embeddable":true,"href":"https:\/\/www.teamartist.com\/blog\/wp-json\/wp\/v2\/tags?post=6770"},{"taxonomy":"tipologia","embeddable":true,"href":"https:\/\/www.teamartist.com\/blog\/wp-json\/wp\/v2\/tipologia?post=6770"},{"taxonomy":"argomento","embeddable":true,"href":"https:\/\/www.teamartist.com\/blog\/wp-json\/wp\/v2\/argomento?post=6770"},{"taxonomy":"format","embeddable":true,"href":"https:\/\/www.teamartist.com\/blog\/wp-json\/wp\/v2\/format?post=6770"}],"curies":[{"name":"wp","href":"https:\/\/api.w.org\/{rel}","templated":true}]}}