{"id":6735,"date":"2014-06-13T10:33:09","date_gmt":"2014-06-13T09:33:09","guid":{"rendered":"http:\/\/www.teamartist.com\/blog\/?page_id=6735"},"modified":"2025-04-04T11:47:10","modified_gmt":"2025-04-04T10:47:10","slug":"tipologie-di-entrate","status":"publish","type":"page","link":"https:\/\/www.teamartist.com\/blog\/tipologie-di-entrate\/","title":{"rendered":"Associazioni no profit: tipologie di entrate\u00a0"},"content":{"rendered":"\n<p>Sebbene sia un argomento in continua evoluzione, in questo articolo proviamo a darti una panoramica di quante tipologie di entrate ci possono essere per un associazione senza scopo di lucro.\u00a0<\/p>\n<p>Ci focalizzeremo quindi sulle seguenti:<\/p>\n<ul>\n<li aria-level=\"1\">ASD \u2013 Associazioni Sportive Dilettantistiche<\/li>\n<li aria-level=\"1\">APS \u2013 Associazioni di Promozione Sociale<\/li>\n<li aria-level=\"1\">OdV \u2013 Organizzazioni di Volontariato\u00a0<\/li>\n<li aria-level=\"1\">Associazioni nel Runts come \u201cAltri enti del Terzo Settore\u201d<\/li>\n<li aria-level=\"1\">ANPG \u2013 Associazioni no profit generiche<\/li>\n<\/ul>\n<p>Come abbiamo anticipato all\u2019inizio di questo articolo, quello che affrontiamo oggi \u00e8 un argomento soggetto a continue variazioni ed evoluzioni legislative, alcune gi\u00e0 in vigore altre invece in attesa di provvedimenti attuativi.\u00a0<\/p>\n<p>Non solo, a volte basta una Circolare dell&#8217;Agenzia delle Entrate per andare a modificare prassi consolidate; \u00e8 il caso della nota <a href=\"https:\/\/www.teamartist.com\/circolare-ade-spiegazione-presidenti\/\">circolare del 1\u00b0 agosto 2018, la 18\/E<\/a>. La normativa di riferimento \u00e8 il <a href=\"https:\/\/www.teamartist.com\/blog\/tuir-testo-unico-delle-imposte-sui-redditi\/\">TUIR<\/a>.<\/p>\n<p>Per questo motivo \u00e8 indispensabile per il lettore, nell&#8217;affrontare questo argomento, sincerarsi della data del contenuto che sta leggendo perch\u00e9 \u00e8 probabile che pi\u00f9 sia vecchio e pi\u00f9 siano intervenuti dei cambiamenti nel frattempo.\u00a0<\/p>\n<p>Ad esempio: dal 1\u00b0 gennaio 2025 era prevista una profonda trasformazione <strong>della gestione della Partiva IVA per le associazioni, che non \u00e8 stata rimandata al 1\u00b0Gennaio 2026.<\/strong> Non solo, altre modifiche saranno probabili\/possibili\/ attese, quando dovessero entrare a regime i decreti attuativi della Riforma del Terzo Settore e della Riforma dello Sport. Al momento per\u00f2 non ci sono ancora.<\/p>\n<p>(=&gt; Per approfondire il tema della <strong>nuova gestione della Partita IVA<\/strong>, <a href=\"https:\/\/www.teamartist.com\/blog\/2024\/10\/23\/gestione-iva-e-associazioni-cosa-cambia-dal-1-gennaio-2025\/\"><strong>CLICCA QUI<\/strong><\/a>)<\/p>\n<p>Attualmente, quindi, sostanzialmente il trattamento fiscale \u00e8 identico a prescindere dalla tipologia di Associazione.<\/p>\n<p>Per tutte le Associazioni (ASD, APS, OdV, ANPG etc) abbiamo:<\/p>\n<ul>\n<li aria-level=\"1\"><strong>Entrate istituzionali\u00a0<\/strong><\/li>\n<\/ul>\n<ul>\n<li aria-level=\"1\"><strong>Entrate commercializzate<\/strong><\/li>\n<\/ul>\n<ul>\n<li aria-level=\"1\"><strong>Entrate commerciali\u00a0<\/strong><\/li>\n<\/ul>\n<ul>\n<li aria-level=\"1\"><strong>Entrate speciali\u00a0<\/strong><\/li>\n<\/ul>\n<p>Approfondiamolo nello specifico nei prossimi paragrafi.<\/p>\n<h2>Entrate istituzionali<\/h2>\n<p>Le attivit\u00e0 istituzionali <strong>non sono soggette a IVA e non concorrono alla formazione del reddito<\/strong> dell\u2019Associazione.\u00a0<\/p>\n<p>Sono quindi pure entrate ESENTASSE. Rientrano in questa categoria:<\/p>\n<h3>Quote associative annuali\u00a0<\/h3>\n<p>Si tratta delle somme che vengono versate in sede di prima iscrizione per acquisire lo status di socio, e delle somme che vengono versate gli anni successivi per il mantenimento dei diritti di elettorato attivo e passivo all&#8217;interno dell&#8217;Assemblea Soci.\u00a0<\/p>\n<p>Sono considerate entrate istituzionali anche le eventuali quote versate dai soci a titolo di contribuzione straordinaria (ad esempio per far fronte a un debito imprevisto).<\/p>\n<h3>Contributi pubblici a fondo perduto<\/h3>\n<p>Si tratta di somme erogate da Pubbliche Amministrazioni per sostenere le finalit\u00e0 istituzionali dell\u2019associazione.\u00a0<\/p>\n<p>Per essere considerati tali non deve essere prevista alcuna controprestazione (NESSO SINALLAGAMATICO).<\/p>\n<h3>Erogazioni Liberali<\/h3>\n<p>Si tratta di somme erogate da persone fisiche o giuridiche senza alcuna controprestazione e i cui importi non sono predeterminati.\u00a0<\/p>\n<p>Per approfondire leggi il nostro articolo sulle <a href=\"https:\/\/www.teamartist.com\/blog\/2012\/09\/27\/erogazioni-liberali-associazioni-onlus-aps\/\">Erogazioni liberali<\/a>.<\/p>\n<h3>Quote di partecipazione all&#8217;acquisto di beni o servizi sotto la forma di \u201cgruppi di acquisto solidale\u201d<\/h3>\n<p>Si tratta di somme raccolte tra i soci per svolgere acquisti di gruppo; non deve essere applicato alcun ricarico, l&#8217;acquisto deve avere finalit\u00e0 etiche, di solidariet\u00e0 sociale e di sostenibilit\u00e0 ambientale e deve essere in diretta attuazione dei propri scopi statutari.<\/p>\n<h2>Entrate commercializzate<\/h2>\n<p>Alcune delle entrate realizzate dagli enti non commerciali di tipo associativo, pur avendo natura di per s\u00e9 commerciale sono state \u201cdecommercializzate\u201d.\u00a0<\/p>\n<p>Il regime fiscale di tali entrate viene per legge parificato a quello delle attivit\u00e0 istituzionali \u201cpure\u201d: <strong>Non sono soggette a IVA e non concorrono alla formazione del reddito<\/strong> dell\u2019Associazione.\u00a0<\/p>\n<p>Sono quindi pure entrate ESENTASSE. Rientrano in questa categoria<\/p>\n<ul>\n<li aria-level=\"1\"><strong>Contributi associativi versati dai propri soci per la partecipazione alle attivit\u00e0 dell&#8217;Associazione: <\/strong>il caso tipico sono i contributi dei soci per la partecipazione a Corsi o Eventi dell&#8217;Associazione.<\/li>\n<li aria-level=\"1\"><strong>Contributi corrisposti da Amministrazioni pubbliche per lo svolgimento convenzionato o in regime di accreditamento<\/strong> <strong>di attivit\u00e0 aventi finalit\u00e0 sociali<\/strong> esercitate in conformit\u00e0 ai fini istituzionali degli enti stessi. <a href=\"https:\/\/www.teamartist.com\/blog\/2013\/10\/08\/associazioni-corsi-scuole-esenzione-iva\/\">Leggi il nostro post <em>Associazioni e corsi per le Scuole. Sono esenti IVA?<\/em><\/a><\/li>\n<li aria-level=\"1\">Entrate da eventi di Raccolta Fondi (ATTENZIONE! Solo se l&#8217;associazione non ha partita iva. Se l&#8217;Associazione ha partita iva, in buona parte <a href=\"https:\/\/www.teamartist.com\/circolare-ade-spiegazione-presidenti\/\">diventano entrate Commerciali soggette a IVA)<\/a>. Per approfondire leggi il nostro articolo: \u201c<a href=\"https:\/\/www.teamartist.com\/blog\/2015\/06\/11\/le-due-raccolte-fondi-annuali-che-possono-fare-tutte-le-associazioni\/\">Le due raccolte fondi Annuali che possono fare tutte le Associazioni.<\/a>\u201d<\/li>\n<li aria-level=\"1\"><strong>Corrispettivi specifici versati dai propri soci o partecipanti, dagli associati o partecipanti di altre associazioni<\/strong> (che svolgono la medesima attivit\u00e0 e che per legge, regolamento, atto costitutivo o statuto fanno parte di un\u2019unica organizzazione locale o nazionale) <strong>o dai tesserati alle rispettive organizzazioni nazionali<\/strong>, per partecipare ad <strong>attivit\u00e0<\/strong> organizzate dall\u2019associazione <strong>nell\u2019ambito delle finalit\u00e0 istituzionali<\/strong>\u00a0<\/li>\n<li aria-level=\"1\"><strong>Vendita di proprie pubblicazioni a soci e non soci, purch\u00e9 la cessione avvenga prevalentemente agli associati<\/strong>. Somministrazione di alimenti e bevande effettuata da bar associativi, rivolta a soci e tesserati. (ATTENZIONE! Per poter fare tali somministrazioni bisogna avere tutta una serie di autorizzazioni e requisiti. Leggi il nostro articolo di approfondimento:\u201d <a href=\"https:\/\/www.teamartist.com\/blog\/2015\/07\/13\/posso-aprire-un-bar-nella-mia-associazione\/\">Posso aprire un bar nella mia Associazione?<\/a>\u201d\u00a0<\/li>\n<li aria-level=\"1\"><strong>Attivit\u00e0 commerciali marginali e occasionali<\/strong>. I proventi non sono soggetti a IVA, ai sensi del DPR 633\/1972, art. 1-5 (per questo motivo non \u00e8 necessario aprire la partita IVA). Non c\u2019\u00e8 l\u2019obbligo di emettere fatture; al posto della fattura si pu\u00f2 emettere una \u201cnota di debito\u201d scrivendo in fondo al documento \u201cestranea al regime IVA ai sensi dell\u2019art. 4, comma 1, DPR 633\/1972, in quanto prestazione occasionale. Si tratta di una super-eccezione e va valutata caso per caso.<\/li>\n<\/ul>\n<h2>Entrate commerciali\u00a0<\/h2>\n<p>Si configurano invece come di natura commerciale tutti gli introiti non qualificabili come derivanti da attivit\u00e0 istituzionale o come attivit\u00e0 decommercializzate.\u00a0<\/p>\n<p>Per poterle avere l&#8217;Associazione DEVE avere una Partita Iva aperta e sar\u00e0 bene optare il regime agevolato semplificato esclusivo per le Associazioni no profit di cui al <a href=\"https:\/\/www.teamartist.com\/blog\/regime-fiscale-agevolato-ex-l-39891\/\">DL 398\/1991<\/a>.<\/p>\n<p>Rientrano in ogni caso in questa categoria:<\/p>\n<h3>Prestazioni di servizi a non soci e a non tesserati<\/h3>\n<p>Tutto ci\u00f2 che l\u2019associazione incassa da non soci\/non tesserati per attivit\u00e0\/servizi effettuati a loro favore, costituisce entrata commerciale.\u00a0<\/p>\n<h3>Organizzazione di manifestazioni con ingresso a pagamento<\/h3>\n<p>L\u2019organizzazione di manifestazioni con ingresso a pagamento che prevedono l\u2019apertura al pubblico costituisce attivit\u00e0 commerciale.<\/p>\n<h3>Pubblicit\u00e0 commerciale\u00a0<\/h3>\n<p>Rientrano sotto questa voce tutti i proventi che l\u2019associazione consegue in base a <strong>contratti di natura pubblicitaria, ivi inclusi i contratti di<\/strong> <strong>sponsorizzazione<\/strong>. Il corrispettivo di un accordo promo-pubblicitario, oltre che in denaro, pu\u00f2 anche essere erogato in natura senza che questo muti la natura del rapporto in esame.\u00a0<\/p>\n<h3>Somministrazione di pasti (ristorante)\u00a0<\/h3>\n<p>La somministrazione di pasti sotto la forma di Ristorante e non di Bar, intendendosi come tali cibi che con la cottura mutano le proprie caratteristiche organolettiche, risulta essere comunque di natura commerciale anche se rivolta esclusivamente ai soci.<\/p>\n<h3>Cessione di prodotti nuovi acquistati per la rivendita<\/h3>\n<p>Questa condizione si verifica tutte le volte che l\u2019associazione acquista beni tenendoli in magazzino e li rivende ad associati che ne facciano richiesta.<\/p>\n<p><strong>Ogni altra entrate derivante attivit\u00e0 non riconducibile a quelle istituzionali o decommercializzate.<\/strong><\/p>\n<p>ATTENZIONE<\/p>\n<p>Per svolgere <strong>attivit\u00e0 commerciale abituale<\/strong> occorre:<\/p>\n<ul>\n<li aria-level=\"1\">aprire la <strong>partita IVA<\/strong>: <a href=\"https:\/\/www.teamartist.com\/blog\/2012\/10\/01\/richiesta-codice-fiscale-partita-iva-associazione\/\"><em>E\u2019 obbligatorio che una Associazione abbia un codice fiscale o la partita iva?<\/em><\/a> Leggi il nostro articolo: <a href=\"https:\/\/www.teamartist.com\/blog\/2012\/10\/01\/richiesta-codice-fiscale-partita-iva-associazione\/\">Associazione con e senza partita IVA<\/a><\/li>\n<li aria-level=\"1\">iscriversi al <strong>REA<\/strong>: <a href=\"https:\/\/www.teamartist.com\/blog\/2012\/11\/09\/associazioni-iscrizione-rea\/\"><em>Le Associazioni e l\u2019iscrizione al R.E.A.<\/em><\/a> Leggi il nostro articolo: <a href=\"https:\/\/www.teamartist.com\/blog\/2012\/11\/09\/associazioni-iscrizione-rea\/\">Le Associazioni e l\u2019iscrizione al R.E.A.<\/a><\/li>\n<\/ul>\n<h2>Entrate speciali\u00a0<\/h2>\n<p><strong>Noleggio e Affitto di spazi Associativi. <\/strong>Leggi il nostro articolo: <a href=\"https:\/\/www.teamartist.com\/blog\/tipologie-di-entrate\/\">Tipologie di entrate delle Associazioni No Profit \/ Enti Non Commerciali<\/a><\/p>\n<p><strong>Cessione di atleti dilettanti delle ASD: <\/strong>Leggi il nostro articolo: <a href=\"https:\/\/www.teamartist.com\/blog\/2013\/06\/04\/cessione-atleti-dilettanti\/\">La cessione di atleti dilettanti<\/a><\/p>\n<h2><strong>APPROFONDIMENTO<\/strong><\/h2>\n<p class=\"\" data-start=\"226\" data-end=\"477\">Come hai visto, le tipologie di entrate per un\u2019associazione sono numerose e in continua evoluzione, e saperle gestire correttamente \u00e8 fondamentale per mantenere la sostenibilit\u00e0 economica dell\u2019ente, evitare errori fiscali e cogliere nuove opportunit\u00e0.<\/p>\n<p class=\"\" data-start=\"479\" data-end=\"716\">Se vuoi trasformare queste informazioni in una strategia economica concreta, utile e subito applicabile alla tua associazione, ti invitiamo a partecipare al workshop operativo \u201cStrategia economica: nuovi incassi e riduzione dei costi\u201d.<\/p>\n<p class=\"\" data-start=\"718\" data-end=\"870\">Tre incontri online, guidati dai nostri consulenti senior, durante i quali costruirai passo dopo passo il piano economico del tuo prossimo anno sociale. Grazie al Workshop avrai un lavoro <strong>FINITO.<\/strong><\/p>\n<p><a href=\"https:\/\/clubdeipresidenti.it\/club\/post\/workshop-strategia-economica-nuovi-incassi-e-riduzione-dei-costi\/\" rel=\"nofollow noopener noreferrer\" target=\"_blank\">CLICCA QUI PER AVERE PI\u00d9 INFORMAZIONI SUL WORKSHOP<\/a><\/p>\n<p>\u00a0<\/p>\n<p><b>Aggiornamento del 22 novembre 2024<\/b><\/p>\n<p><b>Giovanni Damiano Dalerba<\/b><\/p>\n<p><i><span style=\"font-weight: 400;\">Associazionista senior di TeamArtist<\/span><\/i><\/p>\n","protected":false},"excerpt":{"rendered":"<p><a class=\"ninja_pages_read_more\"  href=\"https:\/\/www.teamartist.com\/blog\/tipologie-di-entrate\/\"><\/a><\/p>\n","protected":false},"author":1,"featured_media":14460,"parent":0,"menu_order":0,"comment_status":"closed","ping_status":"open","template":"prontuario.php","format":[],"meta":{"ns_format_proposto":0,"ns_tipologia_proposta":0,"ns_tag_proposti":[],"ns_argomento_proposto":0,"ns_categoria_proposta":0,"ns_check_query_entries":[],"ns_valutazione_query_keywords":[],"ns_pagespeed_results":[],"footnotes":""},"categories":[707],"tags":[],"tipologia":[],"argomento":[],"class_list":["post-6735","page","type-page","status-publish","has-post-thumbnail","hentry","category-commercialista_per_associazioni"],"_links":{"self":[{"href":"https:\/\/www.teamartist.com\/blog\/wp-json\/wp\/v2\/pages\/6735","targetHints":{"allow":["GET"]}}],"collection":[{"href":"https:\/\/www.teamartist.com\/blog\/wp-json\/wp\/v2\/pages"}],"about":[{"href":"https:\/\/www.teamartist.com\/blog\/wp-json\/wp\/v2\/types\/page"}],"author":[{"embeddable":true,"href":"https:\/\/www.teamartist.com\/blog\/wp-json\/wp\/v2\/users\/1"}],"replies":[{"embeddable":true,"href":"https:\/\/www.teamartist.com\/blog\/wp-json\/wp\/v2\/comments?post=6735"}],"version-history":[{"count":"3","href":"https:\/\/www.teamartist.com\/blog\/wp-json\/wp\/v2\/pages\/6735\/revisions"}],"predecessor-version":[{"id":14288,"href":"https:\/\/www.teamartist.com\/blog\/wp-json\/wp\/v2\/pages\/6735\/revisions\/14288"}],"wp:featuredmedia":[{"embeddable":true,"href":"https:\/\/www.teamartist.com\/blog\/wp-json\/wp\/v2\/media\/14460"}],"wp:attachment":[{"href":"https:\/\/www.teamartist.com\/blog\/wp-json\/wp\/v2\/media?parent=6735"}],"wp:term":[{"taxonomy":"category","embeddable":true,"href":"https:\/\/www.teamartist.com\/blog\/wp-json\/wp\/v2\/categories?post=6735"},{"taxonomy":"post_tag","embeddable":true,"href":"https:\/\/www.teamartist.com\/blog\/wp-json\/wp\/v2\/tags?post=6735"},{"taxonomy":"tipologia","embeddable":true,"href":"https:\/\/www.teamartist.com\/blog\/wp-json\/wp\/v2\/tipologia?post=6735"},{"taxonomy":"argomento","embeddable":true,"href":"https:\/\/www.teamartist.com\/blog\/wp-json\/wp\/v2\/argomento?post=6735"},{"taxonomy":"format","embeddable":true,"href":"https:\/\/www.teamartist.com\/blog\/wp-json\/wp\/v2\/format?post=6735"}],"curies":[{"name":"wp","href":"https:\/\/api.w.org\/{rel}","templated":true}]}}