{"id":6529,"date":"2016-05-25T12:05:57","date_gmt":"2016-05-25T11:05:57","guid":{"rendered":"http:\/\/www.teamartist.com\/blog\/?page_id=6529"},"modified":"2023-10-30T18:16:17","modified_gmt":"2023-10-30T17:16:17","slug":"come-costituire-una-associazione-culturale","status":"publish","type":"page","link":"https:\/\/www.teamartist.com\/blog\/come-costituire-una-associazione-culturale\/","title":{"rendered":"Creare e gestire un\u2019associazione culturale\ufffc"},"content":{"rendered":"\n<p>Le associazioni culturali?&nbsp;<\/p>\n\n\n\n<p>Non esistono.&nbsp;<\/p>\n\n\n\n<p>Pu\u00f2 sembrare una provocazione questa frase d\u2019introduzione, soprattutto perch\u00e9 apparentemente \u00e8 in contrasto con il titolo dove invece si parla di <strong>come creare e gestire un\u2019associazione culturale<\/strong>.&nbsp;<\/p>\n\n\n\n<p>Per questo motivo ti consigliamo di continuare a leggere l\u2019articolo, cos\u00ec da comprendere meglio cosa vogliamo dire veramente quando facciamo questa affermazione.<\/p>\n\n\n\n<p>Quando asseriamo che le Associazioni Culturali non esistono, intendiamo dire che non esiste una normativa che le identifichi come tali e che di conseguenza le regoli.&nbsp;<\/p>\n\n\n\n<p>La <a href=\"https:\/\/www.teamartist.com\/costituire-nuova-associazione\/\">costituzione di un\u2019associazione culturale<\/a> \u00e8 sicuramente soggetta a una procedura da seguire, ma prima di andare avanti, \u00e8 bene essere informati su <strong>cosa sono realmente le associazioni culturali<\/strong>.<\/p>\n\n\n\n<p>Per definizione, un\u2019associazione culturale \u00e8 un ente non commerciale, quindi senza scopo di lucro, costituita da un gruppo di persone che decidono di \u201cassociarsi\u201d appunto, per svolgere e seguire attivit\u00e0 di interesse generale. Nel caso in cui l\u2019associazione culturale, invece, svolga attivit\u00e0 commerciale in modo continuativo, non prevalente rispetto alle attivit\u00e0 istituzionali, \u00e8 consigliabile fare richiesta di Partita IVA, sebbene non sia obbligatorio.<\/p>\n\n\n\n<p>Bisogna porre per\u00f2 attenzione a una differenza importante che intercorre tra le associazioni culturali e le organizzazioni di volontariato, in quanto spesso viene fatta confusione. Quest\u2019ultime sono regolamentate dalla Legge 11 agosto 1991, n. 266, secondo la quale l&#8217;attivit\u00e0 del volontario non pu\u00f2 essere retribuita in alcun modo nemmeno dal beneficiario. Al volontario possono essere soltanto rimborsate dall&#8217;organizzazione di appartenenza le spese effettivamente sostenute per l&#8217;attivit\u00e0 prestata, entro limiti preventivamente stabiliti dalle organizzazioni stesse.<\/p>\n\n\n\n<p>Come si pu\u00f2 quindi comprendere, le associazioni culturali hanno tutt\u2019altro obiettivo, non sono sottoposte alla stessa regolamentazione e sono classificabili come imprese sociali.<\/p>\n\n\n\n<p>Prosegui la lettura dell\u2019articolo per approfondire cosa si intende per associazione culturale e come crearne una.<\/p>\n\n\n\n<h2 class=\"wp-block-heading\" id=\"h-cosa-si-intende-per-associazione-culturale\">Cosa si intende per associazione culturale?<\/h2>\n\n\n\n<p>Sebbene la maggior parte dei sedicenti professionisti del Terzo Settore ne sia totalmente all\u2019oscuro, siano essi Notai, Avvocati o Commercialisti, quando si parla di \u201c<strong>Associazione Culturale<\/strong>\u201d si intende una delle 6 forme di associazioni senza scopo di lucro qui sopra riportate (si, anche le ASD perch\u00e9 lo sport \u00e8 certamente una forma di cultura) che tra le proprie finalit\u00e0, attivit\u00e0 e iniziative riportate<a href=\"https:\/\/www.teamartist.com\/blog\/2012\/04\/10\/statuto-aggiornato-normativa-associazioni\/\"> a Statuto<\/a>, annovera anche quelle di natura culturale.<\/p>\n\n\n\n<p>In questo senso si \u00e8 certamente fatto un passo in avanti con la riforma del Terzo Settore (Decreto legislativo 117\/2017) perch\u00e9 per la prima volta lo Stato, oltre che introdurre un registro unico nazionale degli enti del terzo settore (RUNTS), ha stilato un elenco di attivit\u00e0 che gli Enti del Terzo Settore possono svolgere e, tra queste, ha identificato quelle di natura culturale.&nbsp;<\/p>\n\n\n\n<p>Si tratta della lettera i) dell\u2019articolo 5 del gi\u00e0 menzionato D.Lgs 117\/2017, la quale riporta, tra le attivit\u00e0 svolgibili dagli ETS:&nbsp;<\/p>\n\n\n\n<p>\u201c<strong>organizzazione e gestione di attivit\u00e0 culturali, artistiche o ricreative di interesse sociale<\/strong>, incluse attivit\u00e0, anche editoriali, di promozione e diffusione della cultura e della pratica del volontariato e delle attivit\u00e0 di interesse generale di cui al presente articolo\u201d.<\/p>\n\n\n\n<p>Se vuoi scoprire come organizzare la tua associazione a seguito della riforma del terzo settore, pu\u00f2 interessarti partecipare al corso di <a href=\"https:\/\/www.teamartist.com\/corso-buona-gestione-associazione\/\">Buona Gestione dell\u2019Associazione<\/a>.<\/p>\n\n\n\n<p>Se invece vuoi sapere di pi\u00f9 su<strong> come creare un\u2019associazione culturale <\/strong>e quale tipologia \u00e8 pi\u00f9 conveniente, prosegui la lettura.&nbsp;<\/p>\n\n\n\n<h2 class=\"wp-block-heading\" id=\"h-come-creare-un-associazione-culturale\">Come creare un\u2019associazione culturale<\/h2>\n\n\n\n<p>La <a href=\"https:\/\/www.teamartist.com\/costituire-nuova-associazione\/\">creazione di un&#8217;associazione culturale <\/a>inizia con la stesura di un atto costitutivo. Questo \u00e8 seguito dallo sviluppo dello statuto dell\u2019associazione che stabilisce le regole interne, gli obiettivi e attivit\u00e0 dell\u2019associazione.&nbsp;<\/p>\n\n\n\n<p>I requisiti formali per <a href=\"https:\/\/www.teamartist.com\/blog\/prontuario\/come-si-fonda-una-associazione\/\">fondare un\u2019associazione<\/a> includono un numero minimo di soci e la formalizzazione della volont\u00e0 di costituirsi in associazione.<\/p>\n\n\n\n<p>La comunione di intenti e la passione condivisa rappresentano la linfa vitale di ogni ente culturale. L&#8217;essenza di ogni associazione culturale \u00e8 lo scopo non lucrativo, e spesso si focalizza sulla promozione e organizzazione di attivit\u00e0 culturali.<\/p>\n\n\n\n<p>Per rendere ufficiale l&#8217;ente, \u00e8 fondamentale la presentazione della domanda per ottenere il codice fiscale come associazione. Una volta ottenuto il codice fiscale come associazione, l&#8217;ente pu\u00f2 essere inserito nel registro delle associazioni culturali.<\/p>\n\n\n\n<p>Gli associati fondatori sono coloro che avviano l&#8217;associazione e hanno un ruolo centrale nelle sue attivit\u00e0 iniziali.&nbsp;<\/p>\n\n\n\n<p>La<a href=\"https:\/\/www.teamartist.com\/blog\/prontuario\/come-si-gestisce-una-associazione\/\"> gestione dell&#8217;associazione <\/a>si basa sul consiglio direttivo dell\u2019associazione culturale. Quest&#8217;ultimo \u00e8 responsabile dell&#8217;elaborazione del bilancio annuale dell\u2019associazione culturale, e non solo.<\/p>\n\n\n\n<p>\u00c8 importante tener conto dei costi per costituire un\u2019associazione culturale, che possono variare a seconda delle circostanze e delle esigenze specifiche dell&#8217;associazione.<\/p>\n\n\n\n<p>Ma<strong> quanti tipi di associazioni culturali esistono<\/strong>? Approfondiamolo seguendo la lettura di questo articolo.<\/p>\n\n\n\n<h2 class=\"wp-block-heading\" id=\"h-quali-tipi-di-associazioni-culturali-esistono\">Quali tipi di associazioni culturali esistono?<\/h2>\n\n\n\n<p>Nella normativa italiana sono identificate queste tipologie di Associazioni:<\/p>\n\n\n\n<p><strong>ASD<\/strong>&nbsp;&#8211; Associazioni Sportive Dilettantistiche (ASD), normate e identificate dalla Riforma dello Sport, D.Lgs 36\/2021.<\/p>\n\n\n\n<p>Scopri di pi\u00f9 sulle ASD a questo link: <a href=\"https:\/\/www.teamartist.com\/blog\/associazioni-sportive-dilettantistiche\/\">https:\/\/www.teamartist.com\/blog\/associazioni-sportive-dilettantistiche\/<\/a><\/p>\n\n\n\n<p><strong>APS<\/strong>&nbsp;&#8211; Associazioni di Promozione Sociale (oggi all\u2019interno degli \u201cEnti del Terzo Settore\u201d, normate e identificate dalla Riforma del Terzo Settore, D.Lgs 117\/2017). Secondo quanto espresso dalla Legge 7 dicembre 2000, n. 383, in merito alle risorse economiche per sostenere l\u2019associazione, le APS prive di personalit\u00e0 giuridica possono ricevere donazioni e, con beneficio di inventario, lasciti testamentari, con l&#8217;obbligo di destinare i beni ricevuti e le loro rendite al conseguimento delle finalit\u00e0 previste dall&#8217;atto costitutivo e dallo statuto.<\/p>\n\n\n\n<p><strong>Scopri di pi\u00f9 sulle APS a questo link: <\/strong><a href=\"https:\/\/www.teamartist.com\/blog\/prontuario\/fondare-una-associazione-di-promozione-sociale\/\">https:\/\/www.teamartist.com\/blog\/prontuario\/fondare-una-associazione-di-promozione-sociale\/<\/a><\/p>\n\n\n\n<p><strong>ODV<\/strong>&nbsp;&#8211; Organizzazioni di Volontariato (oggi all\u2019interno degli \u201cEnti del Terzo Settore\u201d, normate e identificate dalla Riforma del Terzo Settore, D.Lgs 117\/2017). Secondo l\u2019Art. 3 della Legge 6 agosto 1990, n. 266 \u00e8 considerata organizzazione di volontariato, ogni organismo liberamente costituito ai fini di svolgere attivit\u00e0 di volontariato (non retribuita nemmeno dal beneficiario), che si avvalga in modo determinante e prevalente delle prestazioni personali, volontarie e gratuite dei propri aderenti.<\/p>\n\n\n\n<p>Scopri di pi\u00f9 sulle ODV a questo link: <a href=\"https:\/\/www.teamartist.com\/blog\/prontuario\/associazioni-di-volontariato\/\">https:\/\/www.teamartist.com\/blog\/prontuario\/associazioni-di-volontariato\/<\/a><\/p>\n\n\n\n<p><strong>Associazioni \u201cAltri Enti del Terzo Settore\u201d<\/strong>&nbsp;(normate e identificate dalla Riforma del Terzo Settore, D.Lgs 117\/2017).<\/p>\n\n\n\n<p><strong>Associazioni non riconosciute generiche<\/strong>&nbsp;(normate e identificate dal Codice Civile Italiano, articoli dal 36 al 42)<\/p>\n\n\n\n<p><strong>Associazioni riconosciute generiche<\/strong>&nbsp;(normate e identificate dal Codice Civile Italiano, articoli dal 14 al 35).<\/p>\n\n\n\n<h3 class=\"wp-block-heading\" id=\"h-come-viene-inquadrata-un-associazione-culturale\">Come viene inquadrata un\u2019associazione culturale?<\/h3>\n\n\n\n<p>Al momento quindi una associazione che volesse svolgere attivit\u00e0 culturali sarebbe bene che fosse un <strong>Ente del Terzo Settore<\/strong> (soprattutto per i vantaggi fiscali che ne derivano) e, tra questi, con tutta probabilit\u00e0 sarebbe bene scegliere la sottocategoria delle <strong>APS<\/strong> &#8211; Associazioni di Promozione Sociale.&nbsp;<\/p>\n\n\n\n<p>Questo sia per i particolari vantaggi fiscali, sia perch\u00e9 di norma un\u2019associazione culturale si occupa di raccogliere attorno a s\u00e9 gli appassionati di un determinato ambito culturale, come ad esempio l\u2019astrofilia, la musica, il teatro, le lingue, l\u2019et\u00e0) e a essi rivolge le proprie iniziative &#8211; che \u00e8 proprio ci\u00f2 per cui le APS sono pensate.<\/p>\n\n\n\n<p>Per fare un esempio molto comune, un\u2019APS pu\u00f2 organizzare corsi di avviamento e specializzazione. Scuole di musica, scuole di teatro, scuole di lingue eccetera, infatti, sono spesso create e gestite con questa forma associativa.<\/p>\n\n\n\n<h3 class=\"wp-block-heading\" id=\"h-quali-sono-i-benefici-fiscali-dedicati-ad-un-aps-culturale\">Quali sono i benefici fiscali dedicati ad un\u2019APS culturale?<\/h3>\n\n\n\n<p>L\u2019associazione di promozione sociale culturale avrebbe anche accesso al 5 per mille, al 90% dei ricchi bandi pubblici che ogni anno vengono rivolti agli Enti del Terzo Settore, ma anche, quando lo Stato lo prevede (\u00e8 dal 2021 che non accade), al 2 per mille.<\/p>\n\n\n\n<p>Se hai trovato questo articolo utile o se hai altre domande, ricordati di lasciare un commento e ti risponderemo al pi\u00f9 presto!<\/p>\n\n\n\n<p>Se ti interessa rimanere aggiornato mensilmente sulle novit\u00e0 e gli argomenti pi\u00f9 importanti relativi al tuo ETS, clicca su questo link. (Link landing membership webinar).<\/p>\n\n\n\n<p><strong>Data di aggiornamento 30\/10\/2023<\/strong><\/p>\n","protected":false},"excerpt":{"rendered":"<p><a class=\"ninja_pages_read_more\"  href=\"https:\/\/www.teamartist.com\/blog\/come-costituire-una-associazione-culturale\/\"><\/a><\/p>\n","protected":false},"author":1,"featured_media":9807,"parent":0,"menu_order":0,"comment_status":"closed","ping_status":"open","template":"","format":[],"meta":{"ns_format_proposto":0,"ns_tipologia_proposta":0,"ns_tag_proposti":[],"ns_argomento_proposto":0,"ns_categoria_proposta":0,"ns_check_query_entries":[],"ns_valutazione_query_keywords":[],"ns_pagespeed_results":[],"footnotes":""},"categories":[863],"tags":[902,875],"tipologia":[],"argomento":[],"class_list":["post-6529","page","type-page","status-publish","has-post-thumbnail","hentry","category-costituireassociazione","tag-associazione_culturale","tag-costituire_associazione_culturale"],"_links":{"self":[{"href":"https:\/\/www.teamartist.com\/blog\/wp-json\/wp\/v2\/pages\/6529","targetHints":{"allow":["GET"]}}],"collection":[{"href":"https:\/\/www.teamartist.com\/blog\/wp-json\/wp\/v2\/pages"}],"about":[{"href":"https:\/\/www.teamartist.com\/blog\/wp-json\/wp\/v2\/types\/page"}],"author":[{"embeddable":true,"href":"https:\/\/www.teamartist.com\/blog\/wp-json\/wp\/v2\/users\/1"}],"replies":[{"embeddable":true,"href":"https:\/\/www.teamartist.com\/blog\/wp-json\/wp\/v2\/comments?post=6529"}],"version-history":[{"count":"2","href":"https:\/\/www.teamartist.com\/blog\/wp-json\/wp\/v2\/pages\/6529\/revisions"}],"predecessor-version":[{"id":14053,"href":"https:\/\/www.teamartist.com\/blog\/wp-json\/wp\/v2\/pages\/6529\/revisions\/14053"}],"wp:featuredmedia":[{"embeddable":true,"href":"https:\/\/www.teamartist.com\/blog\/wp-json\/wp\/v2\/media\/9807"}],"wp:attachment":[{"href":"https:\/\/www.teamartist.com\/blog\/wp-json\/wp\/v2\/media?parent=6529"}],"wp:term":[{"taxonomy":"category","embeddable":true,"href":"https:\/\/www.teamartist.com\/blog\/wp-json\/wp\/v2\/categories?post=6529"},{"taxonomy":"post_tag","embeddable":true,"href":"https:\/\/www.teamartist.com\/blog\/wp-json\/wp\/v2\/tags?post=6529"},{"taxonomy":"tipologia","embeddable":true,"href":"https:\/\/www.teamartist.com\/blog\/wp-json\/wp\/v2\/tipologia?post=6529"},{"taxonomy":"argomento","embeddable":true,"href":"https:\/\/www.teamartist.com\/blog\/wp-json\/wp\/v2\/argomento?post=6529"},{"taxonomy":"format","embeddable":true,"href":"https:\/\/www.teamartist.com\/blog\/wp-json\/wp\/v2\/format?post=6529"}],"curies":[{"name":"wp","href":"https:\/\/api.w.org\/{rel}","templated":true}]}}