{"id":6399,"date":"2014-04-07T10:38:57","date_gmt":"2014-04-07T09:38:57","guid":{"rendered":"http:\/\/www.teamartist.com\/blog\/?page_id=6399"},"modified":"2019-11-11T10:46:24","modified_gmt":"2019-11-11T09:46:24","slug":"certificati-penali","status":"publish","type":"page","link":"https:\/\/www.teamartist.com\/blog\/certificati-penali\/","title":{"rendered":"Circolare interpretativa D.L. n\u00b0 39\/2014 &#8211; Certificato penale: obblighi per le ASD"},"content":{"rendered":"<p>&nbsp;<\/p>\n<p><em>Vi consigliamo di leggere il <a href=\"https:\/\/www.teamartist.com\/blog\/2014\/04\/04\/vittoria-sui-certificati-penali-nelle-associazioni\/\" target=\"_blank\" rel=\"nofollow noopener noreferrer\">nostro articolo chiarificatore sul tema dei certificati penali<\/a><\/em><\/p>\n<p>&nbsp;<\/p>\n<h2 id=\"stcpDiv\"><strong>CONI<\/strong><\/h2>\n<h2><strong>Circolare interpretativa del Ministero della Giustizia sul decreto legislativo 39\/2014<\/strong><\/h2>\n<p>&nbsp;<\/p>\n<p><em>Venerd\u00ec, 04 Aprile 2014<\/em><\/p>\n<p style=\"text-align: justify;\">\n<p style=\"text-align: justify;\">In riferimento alla concreta attuazione del <a href=\"https:\/\/www.teamartist.com\/blog\/certificato-penale\/\" target=\"_blank\" rel=\"nofollow noopener noreferrer\">decreto legislativo n. 39\/2014<\/a> e, in particolare, all\u2019obbligo di presentazione del certificato penale da parte delle associazioni e societ\u00e0 sportive dilettantistiche, a seguito dei chiarimenti in proposito forniti dall\u2019ufficio legislativo del Ministero della Giustizia (vedi note allegate), si rappresenta quanto segue.<\/p>\n<p style=\"text-align: justify;\">\n<p style=\"text-align: justify;\">Con la prima nota si chiarisce che l\u2019obbligo di presentazione del certificato penale trova applicazione solo ed esclusivamente con riferimento ai rapporti di lavoro definiti, in relazione ai quali, cio\u00e8, il soggetto che si avvale dell\u2019opera di terzi assume a tutti gli effetti la qualit\u00e0 di <em>\u201cdatore di lavoro\u201d<\/em>.<\/p>\n<p style=\"text-align: justify;\">In questo caso, l\u2019obbligo sussiste a partire dal 7 aprile 2014 per i datori di lavoro che intendano impiegare una persona per lo svolgimento di attivit\u00e0 che comportino contatti diretti e regolari con minori.<\/p>\n<p style=\"text-align: justify;\">Ci\u00f2 premesso, non rientrano nell\u2019obbligo della certificazione del casellario giudiziale tutti i soggetti che prestano la propria opera presso le societ\u00e0 e associazioni sportive dilettantistiche (istruttori e tecnici compresi) con i quali non si sia configurato un rapporto di lavoro autonomo o subordinato.<\/p>\n<p style=\"text-align: justify;\"><span style=\"text-decoration: underline;\">Pertanto nulla dovr\u00e0 essere richiesto ai soggetti che svolgono attivit\u00e0 di mero volontariato presso societ\u00e0 e associazioni sportive dilettantistiche n\u00e9 a coloro i quali percepiscono i compensi di cui all\u2019art. 67, comma 1, lett. m), del TUIR (cosiddetti collaboratori sportivi ex \u201clegge Pescante\u201d).<\/span><\/p>\n<p style=\"text-align: justify;\">\n<p style=\"text-align: justify;\">Fermo restando quanto rappresentato in precedenza, con la seconda nota l\u2019ufficio legislativo del Ministero della Giustizia chiarisce che, nei casi in cui la certificazione sia obbligatoria, nelle more del rilascio del certificato regolarmente richiesto da parte del Casellario, si potr\u00e0 procedere all\u2019utilizzo dei lavoratori addetti ai minori previa acquisizione di atto di notoriet\u00e0 avente il medesimo contenuto della dichiarazione sostitutiva di certificazione.<\/p>\n<p style=\"text-align: justify;\">\n<p style=\"text-align: justify;\">Per ulteriori chiarimenti o informazioni \u00e8 possibile consultare il sito del Ministero della Giustizia ovvero contattare il servizio di help desk del Ministero della Giustizia, al numero telefonico 06-97996200.<\/p>\n","protected":false},"excerpt":{"rendered":"<p><a class=\"ninja_pages_read_more\"  href=\"https:\/\/www.teamartist.com\/blog\/certificati-penali\/\"><\/a><\/p>\n","protected":false},"author":1,"featured_media":14462,"parent":0,"menu_order":0,"comment_status":"closed","ping_status":"open","template":"","format":[],"meta":{"ns_format_proposto":0,"ns_tipologia_proposta":0,"ns_tag_proposti":[],"ns_argomento_proposto":0,"ns_categoria_proposta":0,"ns_check_query_entries":[],"ns_valutazione_query_keywords":[],"ns_pagespeed_results":[],"footnotes":""},"categories":[749],"tags":[896,914],"tipologia":[],"argomento":[],"class_list":["post-6399","page","type-page","status-publish","has-post-thumbnail","hentry","category-consulenza","tag-associazione_sportiva_dilettantistica_-_asd","tag-leggi_e_normative"],"_links":{"self":[{"href":"https:\/\/www.teamartist.com\/blog\/wp-json\/wp\/v2\/pages\/6399","targetHints":{"allow":["GET"]}}],"collection":[{"href":"https:\/\/www.teamartist.com\/blog\/wp-json\/wp\/v2\/pages"}],"about":[{"href":"https:\/\/www.teamartist.com\/blog\/wp-json\/wp\/v2\/types\/page"}],"author":[{"embeddable":true,"href":"https:\/\/www.teamartist.com\/blog\/wp-json\/wp\/v2\/users\/1"}],"replies":[{"embeddable":true,"href":"https:\/\/www.teamartist.com\/blog\/wp-json\/wp\/v2\/comments?post=6399"}],"version-history":[{"count":0,"href":"https:\/\/www.teamartist.com\/blog\/wp-json\/wp\/v2\/pages\/6399\/revisions"}],"wp:featuredmedia":[{"embeddable":true,"href":"https:\/\/www.teamartist.com\/blog\/wp-json\/wp\/v2\/media\/14462"}],"wp:attachment":[{"href":"https:\/\/www.teamartist.com\/blog\/wp-json\/wp\/v2\/media?parent=6399"}],"wp:term":[{"taxonomy":"category","embeddable":true,"href":"https:\/\/www.teamartist.com\/blog\/wp-json\/wp\/v2\/categories?post=6399"},{"taxonomy":"post_tag","embeddable":true,"href":"https:\/\/www.teamartist.com\/blog\/wp-json\/wp\/v2\/tags?post=6399"},{"taxonomy":"tipologia","embeddable":true,"href":"https:\/\/www.teamartist.com\/blog\/wp-json\/wp\/v2\/tipologia?post=6399"},{"taxonomy":"argomento","embeddable":true,"href":"https:\/\/www.teamartist.com\/blog\/wp-json\/wp\/v2\/argomento?post=6399"},{"taxonomy":"format","embeddable":true,"href":"https:\/\/www.teamartist.com\/blog\/wp-json\/wp\/v2\/format?post=6399"}],"curies":[{"name":"wp","href":"https:\/\/api.w.org\/{rel}","templated":true}]}}