{"id":6118,"date":"2014-03-03T11:46:43","date_gmt":"2014-03-03T10:46:43","guid":{"rendered":"http:\/\/www.teamartist.com\/blog\/?page_id=6118"},"modified":"2019-11-11T10:46:35","modified_gmt":"2019-11-11T09:46:35","slug":"attivita-commerciali-marginali","status":"publish","type":"page","link":"https:\/\/www.teamartist.com\/blog\/attivita-commerciali-marginali\/","title":{"rendered":"D.M. 25\/05\/1995 &#8211; Attivit\u00e0 commerciali marginali delle Associazioni di Volontariato ODV"},"content":{"rendered":"<h2 lang=\"it-IT\" align=\"LEFT\"><strong>DECRETO MINISTERIALE 25 maggio 1995<\/strong><\/h2>\n<h2 lang=\"it-IT\" align=\"LEFT\"><strong>Criteri per l&#8217;individuazione delle attivit\u00e0 commerciali e produttive marginali svolte dalle organizzazioni di volontariato.<\/strong><\/h2>\n<p align=\"LEFT\"><em>Pubblicato sulla Gazzetta Ufficiale N. 134 del 10 Giugno 1995<\/em><\/p>\n<p align=\"CENTER\">IL MINISTRO DELLE FINANZE<\/p>\n<p align=\"CENTER\">di concerto con<\/p>\n<p align=\"CENTER\">IL MINISTRO PER LA FAMIGLIA E LA SOLIDARIETA&#8217; SOCIALE<\/p>\n<p style=\"text-align: justify;\" align=\"LEFT\">Visto l&#8217;art. 8, comma 4, primo periodo, della legge 11 agosto 1991, n. 266, secondo il quale<em> &#8220;i proventi derivanti da attivit\u00e0 commerciali e produttive marginali non costituiscono redditi imponibili ai fini dell&#8217;imposta sul reddito delle persone giuridiche (IRPEG) e dell&#8217;imposta locale sui redditi (ILOR), qualora sia documentato il loro totale impiego per i fini istituzionali dell&#8217;organizzazione di volontariato&#8221;<\/em>;<\/p>\n<p style=\"text-align: justify;\" align=\"LEFT\">Visto l&#8217;art. 8, comma 4, secondo periodo, della medesima legge n. 266 del 1991, nel testo sostituito dal decreto-legge 29 aprile 1994, n. 260, convertito, con modificazioni, dalla legge 27 giugno 1994, n. 413, il quale stabilisce che i criteri relativi al concetto di marginalit\u00e0 sono fissati dal Ministro delle finanze con proprio decreto, di concerto con il Ministro per gli affari sociali;<\/p>\n<p style=\"text-align: justify;\" align=\"LEFT\">Vista la delega di funzioni del Presidente del Consiglio dei Ministri al Ministro senza portafoglio per la famiglia e la solidariet\u00e0 sociale di cui al decreto del Presidente del Consiglio dei Ministri 26 gennaio 1995 (pubblicato nella Gazzetta Ufficiale &#8211; serie generale &#8211; n. 22 del 27 gennaio 1995);<\/p>\n<p style=\"text-align: justify;\" align=\"LEFT\">Considerato che occorre provvedere al riguardo;<\/p>\n<p style=\"text-align: center;\" align=\"CENTER\">Decreta<\/p>\n<p style=\"text-align: center;\" align=\"CENTER\"><strong>Art. 1<\/strong><\/p>\n<p style=\"text-align: justify;\" align=\"CENTER\">\u00a01. Agli effetti dell&#8217;art. 8, comma 4, della legge 11 agosto 1991, n. 266, si considerano attivit\u00e0 commerciali e produttive marginali le seguenti attivit\u00e0:<\/p>\n<p style=\"text-align: justify;\" align=\"LEFT\"><i>a.<\/i> attivit\u00e0 di vendita occasionali o iniziative occasionali di solidariet\u00e0 svolte nel corso di celebrazioni o ricorrenze o in concomitanza a campagne di sensibilizzazione pubblica verso i fini istituzionali dell&#8217;organizzazione di volontariato;<\/p>\n<p style=\"text-align: justify;\" align=\"LEFT\"><i>b.<\/i> attivit\u00e0 di vendita di beni acquisiti da terzi a titolo gratuito a fini di sovvenzione, a condizione che la vendita sia curata direttamente dall&#8217;organizzazione senza alcun intermediario;<\/p>\n<p style=\"text-align: justify;\" align=\"LEFT\"><i>c.<\/i> cessione di beni prodotti dagli assistiti e dai volontari semprech\u00e9 la vendita dei prodotti sia curata direttamente dall&#8217;organizzazione senza alcun intermediario;<\/p>\n<p style=\"text-align: justify;\" align=\"LEFT\"><i>d<\/i>. attivit\u00e0 di somministrazione di alimenti e bevande in occasione di raduni, manifestazioni, celebrazioni e simili a carattere occasionale;<\/p>\n<p style=\"text-align: justify;\" align=\"LEFT\"><i>e<\/i>. attivit\u00e0 di prestazione di servizi rese in conformit\u00e0 alle finalit\u00e0 istituzionali, non riconducibili nell&#8217;ambito applicativo dell&#8217;art. 111, comma 3, del testo unico delle imposte sui redditi, approvato con decreto del Presidente della Repubblica 22 dicembre 1986, n. 917, verso pagamento di corrispettivi specifici che non eccedano del 50% i costi di diretta imputazione.<\/p>\n<p style=\"text-align: justify;\" align=\"LEFT\">2. Le attivit\u00e0 devono essere svolte:<\/p>\n<p style=\"text-align: justify;\" align=\"LEFT\"><i>a.<\/i> in funzione della realizzazione del fine istituzionale dell&#8217;organizzazione di volontariato iscritta nei registri di cui all&#8217;art. 6 della legge n. 266 del 1991;<\/p>\n<p style=\"text-align: justify;\" align=\"LEFT\"><i>b.<\/i> senza l&#8217;impiego di mezzi organizzati professionalmente per fini di concorrenzialit\u00e0 sul mercato, quali l&#8217;uso di pubblicit\u00e0 dei prodotti, di insegne elettriche, di locali attrezzati secondo gli usi dei corrispondenti esercizi commerciali, di marchi di distinzione dell&#8217;impresa<\/p>\n<p style=\"text-align: justify;\" align=\"LEFT\">3. Non rientrano, comunque, tra i proventi delle attivit\u00e0 commerciali e produttive marginali quelli derivanti da convenzioni.<\/p>\n","protected":false},"excerpt":{"rendered":"<p><a class=\"ninja_pages_read_more\"  href=\"https:\/\/www.teamartist.com\/blog\/attivita-commerciali-marginali\/\"><\/a><\/p>\n","protected":false},"author":1,"featured_media":14467,"parent":0,"menu_order":0,"comment_status":"closed","ping_status":"open","template":"","format":[],"meta":{"ns_format_proposto":0,"ns_tipologia_proposta":0,"ns_tag_proposti":[],"ns_argomento_proposto":0,"ns_categoria_proposta":0,"ns_check_query_entries":[],"ns_valutazione_query_keywords":[],"ns_pagespeed_results":[],"footnotes":""},"categories":[749],"tags":[900,914],"tipologia":[],"argomento":[],"class_list":["post-6118","page","type-page","status-publish","has-post-thumbnail","hentry","category-consulenza","tag-associazione_e_organizzazione_di_volontariato-odv","tag-leggi_e_normative"],"_links":{"self":[{"href":"https:\/\/www.teamartist.com\/blog\/wp-json\/wp\/v2\/pages\/6118","targetHints":{"allow":["GET"]}}],"collection":[{"href":"https:\/\/www.teamartist.com\/blog\/wp-json\/wp\/v2\/pages"}],"about":[{"href":"https:\/\/www.teamartist.com\/blog\/wp-json\/wp\/v2\/types\/page"}],"author":[{"embeddable":true,"href":"https:\/\/www.teamartist.com\/blog\/wp-json\/wp\/v2\/users\/1"}],"replies":[{"embeddable":true,"href":"https:\/\/www.teamartist.com\/blog\/wp-json\/wp\/v2\/comments?post=6118"}],"version-history":[{"count":0,"href":"https:\/\/www.teamartist.com\/blog\/wp-json\/wp\/v2\/pages\/6118\/revisions"}],"wp:featuredmedia":[{"embeddable":true,"href":"https:\/\/www.teamartist.com\/blog\/wp-json\/wp\/v2\/media\/14467"}],"wp:attachment":[{"href":"https:\/\/www.teamartist.com\/blog\/wp-json\/wp\/v2\/media?parent=6118"}],"wp:term":[{"taxonomy":"category","embeddable":true,"href":"https:\/\/www.teamartist.com\/blog\/wp-json\/wp\/v2\/categories?post=6118"},{"taxonomy":"post_tag","embeddable":true,"href":"https:\/\/www.teamartist.com\/blog\/wp-json\/wp\/v2\/tags?post=6118"},{"taxonomy":"tipologia","embeddable":true,"href":"https:\/\/www.teamartist.com\/blog\/wp-json\/wp\/v2\/tipologia?post=6118"},{"taxonomy":"argomento","embeddable":true,"href":"https:\/\/www.teamartist.com\/blog\/wp-json\/wp\/v2\/argomento?post=6118"},{"taxonomy":"format","embeddable":true,"href":"https:\/\/www.teamartist.com\/blog\/wp-json\/wp\/v2\/format?post=6118"}],"curies":[{"name":"wp","href":"https:\/\/api.w.org\/{rel}","templated":true}]}}