{"id":5964,"date":"2014-02-26T12:03:39","date_gmt":"2014-02-26T11:03:39","guid":{"rendered":"http:\/\/www.teamartist.com\/blog\/?page_id=5964"},"modified":"2019-11-11T10:46:27","modified_gmt":"2019-11-11T09:46:27","slug":"disposizioni-varie","status":"publish","type":"page","link":"https:\/\/www.teamartist.com\/blog\/disposizioni-varie\/","title":{"rendered":"D.L. 289\/2002 art. 90 &#8211; Disposizioni per le Associazioni Sportive Dilettantistiche"},"content":{"rendered":"<p style=\"text-align: left;\" align=\"CENTER\"><em>Pubblicato sulla Gazzetta Ufficiale n.305 del 31\/12\/2002 &#8211; Suppl. Ordinario n. 240 <\/em><\/p>\n<p align=\"LEFT\"><em>Testo in vigore dal 01\/01\/2003; aggiornato al 26\/02\/2014<\/em><\/p>\n<h2 style=\"text-align: center;\" align=\"CENTER\"><span style=\"font-size: 12pt; color: #333333;\"><b>LEGGE 27 dicembre 2002, n. 289 <\/b><\/span><\/h2>\n<h2 style=\"text-align: center;\"><span style=\"font-size: 12pt; color: #333333;\"><b>Disposizioni per la formazione del bilancio annuale e pluriennale dello Stato (L<\/b><strong><b>egge<\/b><\/strong><b> Finanziaria 2003).<\/b><\/span><\/h2>\n<p style=\"text-align: center;\"><strong>Art. 90<\/strong><\/p>\n<p style=\"text-align: center;\"><strong>Disposizioni per l&#8217;attivit\u00e0 sportiva dilettantistica<\/strong><\/p>\n<p style=\"text-align: justify;\">1. Le disposizioni della legge 16 dicembre 1991, n. 398, e successive modificazioni, e le altre disposizioni tributarie riguardanti le associazioni sportive dilettantistiche si applicano anche alle societ\u00e0 sportive dilettantistiche costituite in societ\u00e0 di capitali senza fine di lucro.<\/p>\n<p style=\"text-align: justify;\">2. A decorrere dal periodo di imposta in corso alla data di entrata in vigore della presente legge, l&#8217;importo fissato dall&#8217;articolo 1, comma 1, della legge 16 dicembre 1991, n. 398, come sostituito dall&#8217;articolo 25 della legge 13 maggio 1999, n. 133, e successive modificazioni, \u00e9 elevato a 250.000 euro.<\/p>\n<p style=\"text-align: justify;\">3. Al testo unico delle imposte sui redditi, di cui al decreto del Presidente della Repubblica 22 dicembre 1986, n. 917, e successive modificazioni, sono apportate le seguenti modificazioni:<\/p>\n<ul>\n<li style=\"text-align: justify;\">a) all&#8217;articolo 81, comma 1, lettera m), \u00e9 aggiunto, in fine, il seguente periodo: &#8220;Tale disposizione si applica anche ai rapporti di collaborazione coordinata e continuativa di carattere amministrativo-gestionale di natura non professionale resi in favore di societ\u00e0 e associazioni sportive dilettantistiche.&#8221;;<\/li>\n<li style=\"text-align: justify;\">b) all&#8217;articolo 83, comma 2, le parole: &#8220;a lire 10.000.000&#8221; sono sostituite dalle seguenti: &#8220;a 7.500 euro&#8221;.<\/li>\n<\/ul>\n<p style=\"text-align: justify;\">4. Il CONI, le Federazioni sportive nazionali e gli enti di promozione sportiva riconosciuti dal CONI non sono obbligati ad operare la ritenuta del 4 per cento a titolo di acconto sui contributi erogati alle societ\u00e0 e associazioni sportive dilettantistiche, stabilita dall&#8217;articolo 28, secondo comma, del decreto del Presidente della Repubblica 29 settembre 1973, n. 600.<\/p>\n<p style=\"text-align: justify;\">5. Gli atti costitutivi e di trasformazione delle societ\u00e0 e associazioni sportive dilettantistiche, nonch\u00e9 delle Federazioni sportive e degli enti di promozione sportiva riconosciuti dal CONI direttamente connessi allo svolgimento dell&#8217;attivit\u00e0 sportiva, sono soggetti all&#8217;imposta di registro in misura fissa.<\/p>\n<p style=\"text-align: justify;\">6. Al n. 27-bis della tabella di cui all&#8217;allegato B annesso al decreto del Presidente della Repubblica 26 ottobre 1972, n. 642, sono aggiunte, in fine, le seguenti parole: &#8220;e dalle federazioni sportive ed enti di promozione sportiva riconosciuti dal CONI&#8221;.<\/p>\n<p style=\"text-align: justify;\">7. All&#8217;articolo 13-bis, comma 1, del decreto del Presidente della Repubblica 26 ottobre 1972, n. 641, dopo le parole: &#8220;organizzazioni non lucrative di utilit\u00e0 sociale (ONLUS)&#8221; sono inserite le seguenti: &#8220;e le societ\u00e0 e associazioni sportive dilettantistiche&#8221;.<\/p>\n<p style=\"text-align: justify;\">8. Il corrispettivo in denaro o in natura in favore di societ\u00e0, associazioni sportive dilettantistiche e fondazioni costituite da istituzioni scolastiche, nonch\u00e9 di associazioni sportive scolastiche che svolgono attivit\u00e0 nei settori giovanili riconosciuta dalle Federazioni sportive nazionali o da enti di promozione sportiva costituisce, per il soggetto erogante, fino ad un importo annuo complessivamente non superiore a 200.000 euro, spesa di pubblicit\u00e0, volta alla promozione dell&#8217;immagine o dei prodotti del soggetto erogante mediante una specifica attivit\u00e0 del beneficiario, ai sensi dell&#8217;articolo 74, comma 2, del testo unico delle imposte sui redditi, di cui al decreto del Presidente della Repubblica 22 dicembre 1986, n. 917.<\/p>\n<p style=\"text-align: justify;\">9. Al testo unico delle imposte sui redditi di cui al decreto del Presidente della Repubblica 22 dicembre 1986, n. 917, e successive modificazioni, sono apportate le seguenti modificazioni:<\/p>\n<ul>\n<li style=\"text-align: justify;\">a) all&#8217;articolo 13-bis, comma 1, la lettera i-ter) \u00e9 sostituita dalla seguente: &#8220;i-ter) le erogazioni liberali in denaro per un importo complessivo in ciascun periodo d&#8217;imposta non superiore a 1.500 euro, in favore delle societ\u00e0 e associazioni sportive dilettantistiche, a condizione che il versamento di tali erogazioni sia eseguito tramite banca o ufficio postale ovvero secondo altre modalit\u00e0 stabilite con decreto del Ministro dell&#8217;economia e delle finanze, da adottare ai sensi dell&#8217;articolo 17, comma 3, della legge 23 agosto 1988, n. 400&#8221;;<\/li>\n<li style=\"text-align: justify;\">b) all&#8217;articolo 65, comma 2, la lettera c-octies) \u00e9 abrogata.<\/li>\n<\/ul>\n<p style=\"text-align: justify;\">10. All&#8217;articolo 17, comma 2, del decreto legislativo 15 dicembre 1997, n. 446, le parole: &#8220;delle indennit\u00e0 e dei rimborsi di cui all&#8217;articolo 81, comma 1, lettera m), del citato testo unico delle imposte sui redditi&#8221; sono soppresse.<\/p>\n<p style=\"text-align: justify;\">11. All&#8217;articolo 111-bis, comma 4, del testo unico delle imposte sui redditi, di cui al decreto del Presidente della Repubblica 22 dicembre 1986, n. 917, sono aggiunte, in fine, le seguenti parole: &#8220;ed alle associazioni sportive dilettantistiche&#8221;.<\/p>\n<p style=\"text-align: justify;\">11-bis. Per i soggetti di cui al comma 1 la pubblicit\u00e0, in qualunque modo realizzata negli impianti utilizzati per manifestazioni sportive dilettantistiche con capienza inferiore ai tremila posti, \u00e9 da considerarsi, ai fini dell&#8217;applicazione delle disposizioni del decreto del Presidente della Repubblica 26 ottobre 1972, n. 640, in rapporto di occasionalit\u00e0 rispetto all&#8217;evento sportivo direttamente organizzato.<em> (*)<\/em><\/p>\n<p style=\"text-align: justify;\">12. Presso l&#8217;Istituto per il credito sportivo \u00e9 istituito il Fondo di garanzia per i mutui relativi alla costruzione, all&#8217;ampliamento, all&#8217;attrezzatura, al miglioramento o all&#8217;acquisto di impianti sportivi, ivi compresa l&#8217;acquisizione delle relative aree, da parte di societ\u00e0 o associazioni sportive nonch\u00e9 di ogni altro soggetto pubblico o privato che persegua, anche indirettamente, finalit\u00e0 sportive.<\/p>\n<p style=\"text-align: justify;\">13. Il Fondo \u00e9 gestito in base a criteri approvati dal Presidente del Consiglio dei Ministri, o dall&#8217;Autorit\u00e0 di Governo delegata per lo sport, ove nominata, su proposta dell&#8217;Istituto per il credito sportivo, sentito il Comitato olimpico nazionale italiano. Al Fondo possono essere destinati ulteriori apporti conferiti direttamente o indirettamente da enti pubblici.<\/p>\n<p style=\"text-align: justify;\">14. Il Fondo \u00e9 gestito e amministrato a titolo gratuito dall&#8217;istituto per il credito sportivo.<\/p>\n<p style=\"text-align: justify;\"><em>15. comma abrogato dal D.L. 21 giugno 2013, n. 69, convertito con modificazioni dalla L. 9 agosto 2013, n. 98.<\/em><\/p>\n<p style=\"text-align: justify;\">16. La dotazione finanziaria del Fondo \u00e9 costituita dall&#8217;importo annuale acquisito dal fondo speciale di cui all&#8217; articolo 5 della legge 24 dicembre 1957, n. 1295, e successive modificazioni, dei premi riservati al CONI a norma dell&#8217;articolo 6 del decreto legislativo 14 aprile 1948, n. 496, colpiti da decadenza.<\/p>\n<p style=\"text-align: justify;\">17. Le societ\u00e0 e associazioni sportive dilettantistiche devono indicare nella denominazione sociale la finalit\u00e0 sportiva e la ragione o la denominazione sociale dilettantistica e possono assumere una delle seguenti forme:<\/p>\n<ul>\n<li style=\"text-align: justify;\">a) associazione sportiva priva di personalit\u00e0 giuridica disciplinata dagli articoli 36 e seguenti del codice civile;<\/li>\n<li style=\"text-align: justify;\">b) associazione sportiva con personalit\u00e0 giuridica di diritto privato ai sensi del regolamento di cui al decreto del Presidente della Repubblica 10 febbraio 2000, n. 361;<\/li>\n<li style=\"text-align: justify;\">c) societ\u00e0 sportiva di capitali o cooperativa costituita secondo le disposizioni vigenti, ad eccezione di quelle che prevedono le finalit\u00e0 di lucro.<\/li>\n<\/ul>\n<p style=\"text-align: justify;\">18. Le societ\u00e0 e le associazioni sportive dilettantistiche si costituiscono con atto scritto nel quale deve tra l&#8217;altro essere indicata la sede legale. Nello statuto devono essere espressamente previsti:<\/p>\n<ul>\n<li style=\"text-align: justify;\">a) la denominazione;<\/li>\n<li style=\"text-align: justify;\">b) l&#8217;oggetto sociale con riferimento all&#8217;organizzazione di attivit\u00e0 sportive dilettantistiche, compresa l&#8217;attivit\u00e0 didattica;<\/li>\n<li style=\"text-align: justify;\">c) l&#8217; attribuzione della rappresentanza legale dell&#8217;associazione;<\/li>\n<li style=\"text-align: justify;\">d) l&#8217;assenza di fini di lucro e la previsione che i proventi delle attivit\u00e0 non possono, in nessun caso, essere divisi fra gli, associati, anche in forme indirette<\/li>\n<li style=\"text-align: justify;\">e) le norme sull&#8217;ordinamento interno ispirato a principi di democrazia e di uguaglianza dei diritti di tutti gli associati, con la previsione dell&#8217;elettivit\u00e0 delle cariche sociali, fatte salve le societ\u00e0 sportive dilettantistiche che assumono la forma di societ\u00e0 di capitali o cooperative per le quali si applicano le disposizioni del codice civile;<\/li>\n<li style=\"text-align: justify;\">f) l&#8217;obbligo di redazione di rendiconti economico-finanziari, nonch\u00e9 le modalit\u00e0 di approvazione degli stessi da parte degli organi statutari;<\/li>\n<li style=\"text-align: justify;\">g) le modalit\u00e0 di scioglimento dell&#8217;associazione;<\/li>\n<li style=\"text-align: justify;\">h) l&#8217;obbligo di devoluzione ai fini sportivi del patrimonio in caso di&#8217; scioglimento delle societ\u00e0 e delle associazioni.<\/li>\n<\/ul>\n<p style=\"text-align: justify;\">18-bis. <strong>\u00e9 fatto divieto agli amministratori delle societ\u00e0 e delle associazioni sportive dilettantistiche di ricoprire la medesima carica in altre societ\u00e0 o associazioni sportive dilettantistiche nell&#8217;ambito della medesima federazione sportiva o disciplina associata se riconosciute dal CONI, ovvero nell&#8217;ambito della medesima disciplina facente capo ad un ente di promozione sportiva<\/strong>.<\/p>\n<p style=\"text-align: justify;\">18-ter. Le societ\u00e0 e le associazioni sportive dilettantistiche che, alla data di entrata in vigore della presente legge, sono in possesso dei requisiti di cui al comma 18, possono provvedere all&#8217;integrazione della denominazione sociale di cui al comma 17 attraverso verbale della determinazione assunta in tale senso dall&#8217;assemblea dei soci.<\/p>\n<p style=\"text-align: justify;\">19. Sono fatte salve le disposizioni relative ai gruppi sportivi delle Forze armate, delle Forze di polizia e del Corpo nazionale dei vigili del fuoco, di cui all&#8217;articolo 6, comma 4, della legge 31 marzo 2000, n. 78, firmatari di apposite convenzioni con il CONI.<\/p>\n<p style=\"text-align: justify;\"><em>20. comma abrogato dal D.L. 22 marzo 2004, n. 72, convertito, con modificazioni, dalla L. 21 maggio 2004, n. 128.<\/em><\/p>\n<p style=\"text-align: justify;\"><em>21.<em> comma abrogato dal D.L. 22 marzo 2004, n. 72, convertito, con modificazioni, dalla L. 21 maggio 2004, n. 128.<\/em><\/em><\/p>\n<p style=\"text-align: justify;\"><em>22. <em><em>comma abrogato dal D.L. 22 marzo 2004, n. 72, convertito, con modificazioni, dalla L. 21 maggio 2004, n. 128.<\/em><\/em><\/em><\/p>\n<p style=\"text-align: justify;\">23.<strong> I dipendenti pubblici possono prestare la propria attivit\u00e0, nell&#8217;ambito delle societ\u00e0 e associazioni sportive dilettantistiche, fuori dall&#8217;orario di lavoro, purch\u00e9 a titolo gratuito e fatti salvi gli obblighi di servizio, previa comunicazione all&#8217;amministrazione di appartenenza. Ai medesimi soggetti possono essere riconosciuti esclusivamente le indennit\u00e0 e i rimborsi di cui all&#8217;articolo 81, comma 1, lettera m), del testo unico delle imposte sui redditi, di cui al decreto del Presidente della Repubblica 22 dicembre 1986, n. 917.<\/strong><\/p>\n<p style=\"text-align: justify;\"><span style=\"color: #ff0000;\">[Cio\u00e8: &#8220;<em>m) le indennit\u00e0 di trasferta, i rimborsi forfettari di spesa, i premi e i compensi erogati nell&#8217;esercizio <\/em><em>diretto di attivit\u00e0 sportive dilettantistiche dal CONI, dalle Federazioni sportive nazionali, dall&#8217;Unione <\/em><em>nazionale per l&#8217;incremento delle razze equine (UNIRE), dagli enti di promozione sportiva e da <\/em><em>qualunque organismo, comunque denominato, che persegua finalit\u00e0 sportive dilettantistiche e che da <\/em><em>essi sia riconosciuto<\/em>.&#8221; Si tratta di <a style=\"color: #ff0000;\" href=\"https:\/\/www.teamartist.com\/blog\/2013\/01\/15\/indennita-rimborsi-premi-compensi-sportivi-dilettanti\/\">i<\/a><a style=\"color: #ff0000;\" href=\"https:\/\/www.teamartist.com\/blog\/2013\/01\/15\/indennita-rimborsi-premi-compensi-sportivi-dilettanti\/\">ndennit\u00e0, rimborsi, premi e compensi nelle ASD ad atleti, allenatori, giudici di gara, commissari speciali, dirigenti e collaboratori amministrativi<\/a> il cosiddetto\u00a0<strong>regime dei 7.500<\/strong>]<\/span><\/p>\n<p style=\"text-align: justify;\">24. <strong>L&#8217;uso degli impianti sportivi in esercizio da parte degli enti locali territoriali \u00e9 aperto a tutti i cittadini e deve essere garantito, sulla base di criteri obiettivi, a tutte le societ\u00e0 e associazioni sportive.\u00a0<\/strong><\/p>\n<p style=\"text-align: justify;\">25. Ai fini del conseguimento degli obiettivi di cui all&#8217;articolo 29 della presente legge, nei casi in cui l&#8217;ente pubblico territoriale non intenda gestire direttamente gli impianti sportivi, la gestione \u00e9 affidata in via preferenziale a societ\u00e0 e associazioni sportive dilettantistiche, enti di promozione sportiva, discipline sportive associate e Federazioni sportive nazionali, sulla base di convenzioni che ne stabiliscono i criteri d&#8217;uso e previa determinazione di criteri generali e obiettivi per l&#8217;individuazione dei soggetti affidatari. Le regioni disciplinano, con propria legge, le modalit\u00e0 di affidamento.<\/p>\n<p style=\"text-align: justify;\">26. <strong>Le palestre, le aree di gioco e gli impianti sportivi scolastici, compatibilmente con le esigenze dell&#8217;attivit\u00e0 didattica e delle attivit\u00e0 sportive della scuola, comprese quelle extracurriculari ai sensi del regolamento di cui al decreto del Presidente della Repubblica 10 ottobre 1996, n. 567, devono essere posti a disposizione di societ\u00e0 e associazioni sportive dilettantistiche aventi sede nel medesimo comune in cui ha sede l&#8217;istituto scolastico o in comuni confinanti.<\/strong><\/p>\n<p style=\"text-align: justify;\"><em> (*) AGGIORNAMENTO<\/em><\/p>\n<p style=\"text-align: justify;\"><em>La L. 23 dicembre 2005, n. 266 ha disposto (con l&#8217;art. 1, comma 128) che la disposizione di cui al comma 11-bis del presente articolo si interpreta nel senso che la pubblicit\u00e0, in qualunque modo realizzata dai soggetti di cui al comma 1 del medesimo articolo 90, rivolta all&#8217;interno degli impianti dagli stessi utilizzati per manifestazioni sportive dilettantistiche con capienza inferiore ai tremila posti, \u00e9 esente dall&#8217;imposta sulla pubblicit\u00e0 di cui al capo I del decreto legislativo 15 novembre 1993, n. 507.<\/em><\/p>\n<h2 style=\"text-align: justify;\" align=\"LEFT\"><\/h2>\n<div id=\"stcpDiv\">\n<p style=\"text-align: center;\">\u00a0________________________________<\/p>\n<p>&nbsp;<\/p>\n<\/div>\n<h2 align=\"LEFT\"><\/h2>\n<p align=\"LEFT\"><em>Pubblicato sulla Gazzetta Ufficiale n.124 del 28-5-2004<\/em><\/p>\n<p align=\"LEFT\"><em>Decreto-Legge convertito con modificazioni dalla L. 27 luglio 2004, n. 186 (in SO n.131, relativo alla G.U. 28\/07\/2004, n.175).<\/em><\/p>\n<p><em>Testo in vigore dal 29-5-2004; aggiornato al 26-2-2014.<\/em><\/p>\n<h2 style=\"text-align: center;\" align=\"LEFT\"><span style=\"font-size: 12pt; color: #333333;\"><b>DECRETO-LEGGE 28 maggio 2004, n. 136 <\/b><\/span><\/h2>\n<h2 style=\"text-align: center;\" align=\"LEFT\"><span style=\"font-size: 12pt; color: #333333;\"><b>Disposizioni urgenti per garantire la funzionalit\u00e0 di taluni settori della pubblica amministrazione.<\/b><\/span><\/h2>\n<div>\n<p style=\"text-align: center;\"><strong>Art. 7<\/strong><\/p>\n<p style=\"text-align: center;\"><strong>Disposizioni in materia di attivit\u00e0 sportiva dilettantistica<\/strong><\/p>\n<p style=\"text-align: justify;\">1. In relazione alla necessit\u00e0 di confermare che il CONI \u00e9 unico organismo certificatore della effettiva attivit\u00e0 sportiva svolta dalle societ\u00e0 e dalle associazioni dilettantistiche, le disposizioni di cui ai commi 1, 3, 5, 7, 8, 9, 10, 11 e 12 dell&#8217;articolo 90 della legge 27 dicembre 2002, n. 289, e successive modificazioni, si applicano alle societ\u00e0 ed alle associazioni sportive dilettantistiche che sono in possesso del riconoscimento ai fini sportivi rilasciato dal CONI, quale garante dell&#8217;unicit\u00e0 dell&#8217;ordinamento sportivo nazionale ai sensi dell&#8217;articolo 5, comma 1, del decreto legislativo 23 luglio 1999, n. 242, e successive modificazioni.<\/p>\n<p style=\"text-align: justify;\">2. Il CONI trasmette annualmente al Ministero dell&#8217;economia e delle finanze &#8211; Agenzia delle entrate, l&#8217;elenco delle societ\u00e0 e delle associazioni sportive dilettantistiche riconosciute ai fini sportivi.<\/p>\n<p style=\"text-align: justify;\"><span style=\"color: #ff0000;\">[Il cosiddetto\u00a0<a style=\"color: #ff0000;\" href=\"https:\/\/www.teamartist.com\/blog\/2012\/09\/25\/registro-telematico-associazioni-sportive-coni\/\">Registro Telematico delle Associazioni Sportive tenuto dal CONI<\/a>]<\/span><\/p>\n<\/div>\n","protected":false},"excerpt":{"rendered":"<p><a class=\"ninja_pages_read_more\"  href=\"https:\/\/www.teamartist.com\/blog\/disposizioni-varie\/\"><\/a><\/p>\n","protected":false},"author":1,"featured_media":14479,"parent":0,"menu_order":0,"comment_status":"closed","ping_status":"open","template":"","format":[],"meta":{"ns_format_proposto":0,"ns_tipologia_proposta":0,"ns_tag_proposti":[],"ns_argomento_proposto":0,"ns_categoria_proposta":0,"ns_check_query_entries":[],"ns_valutazione_query_keywords":[],"ns_pagespeed_results":[],"footnotes":""},"categories":[749],"tags":[896,914],"tipologia":[],"argomento":[],"class_list":["post-5964","page","type-page","status-publish","has-post-thumbnail","hentry","category-consulenza","tag-associazione_sportiva_dilettantistica_-_asd","tag-leggi_e_normative"],"_links":{"self":[{"href":"https:\/\/www.teamartist.com\/blog\/wp-json\/wp\/v2\/pages\/5964","targetHints":{"allow":["GET"]}}],"collection":[{"href":"https:\/\/www.teamartist.com\/blog\/wp-json\/wp\/v2\/pages"}],"about":[{"href":"https:\/\/www.teamartist.com\/blog\/wp-json\/wp\/v2\/types\/page"}],"author":[{"embeddable":true,"href":"https:\/\/www.teamartist.com\/blog\/wp-json\/wp\/v2\/users\/1"}],"replies":[{"embeddable":true,"href":"https:\/\/www.teamartist.com\/blog\/wp-json\/wp\/v2\/comments?post=5964"}],"version-history":[{"count":0,"href":"https:\/\/www.teamartist.com\/blog\/wp-json\/wp\/v2\/pages\/5964\/revisions"}],"wp:featuredmedia":[{"embeddable":true,"href":"https:\/\/www.teamartist.com\/blog\/wp-json\/wp\/v2\/media\/14479"}],"wp:attachment":[{"href":"https:\/\/www.teamartist.com\/blog\/wp-json\/wp\/v2\/media?parent=5964"}],"wp:term":[{"taxonomy":"category","embeddable":true,"href":"https:\/\/www.teamartist.com\/blog\/wp-json\/wp\/v2\/categories?post=5964"},{"taxonomy":"post_tag","embeddable":true,"href":"https:\/\/www.teamartist.com\/blog\/wp-json\/wp\/v2\/tags?post=5964"},{"taxonomy":"tipologia","embeddable":true,"href":"https:\/\/www.teamartist.com\/blog\/wp-json\/wp\/v2\/tipologia?post=5964"},{"taxonomy":"argomento","embeddable":true,"href":"https:\/\/www.teamartist.com\/blog\/wp-json\/wp\/v2\/argomento?post=5964"},{"taxonomy":"format","embeddable":true,"href":"https:\/\/www.teamartist.com\/blog\/wp-json\/wp\/v2\/format?post=5964"}],"curies":[{"name":"wp","href":"https:\/\/api.w.org\/{rel}","templated":true}]}}