{"id":5939,"date":"2014-02-25T12:25:55","date_gmt":"2014-02-25T11:25:55","guid":{"rendered":"http:\/\/www.teamartist.com\/blog\/?page_id=5939"},"modified":"2023-11-17T15:58:03","modified_gmt":"2023-11-17T14:58:03","slug":"associazioni-sportive-dilettantistiche","status":"publish","type":"page","link":"https:\/\/www.teamartist.com\/blog\/associazioni-sportive-dilettantistiche\/","title":{"rendered":"Associazioni Sportive Dilettantistiche &#8211; le normative di riferimento\ufffc"},"content":{"rendered":"\n<p>In questo articolo ti forniremo una guida delle normative che regolano la costituzione di un\u2019<strong>associazione sportiva dilettantistica<\/strong> per la <strong>gestione di una o pi\u00f9 attivit\u00e0 sportive<\/strong>. Ma prima iniziamo con il definire cos\u2019\u00e8 un ASD.\u00a0<\/p>\n\n\n\n<p>Quando si parla di ASD ci si riferisce a un <strong>ente con forma dilettantistica<\/strong> che rappresenta una delle principali formule associative in Italia, regolate da una specifica legislazione statale.<\/p>\n\n\n\n<p>Gi\u00e0 dal nome si comprende che le associazioni di questa tipologia si dedicano allo sport, in particolare a quello dilettantistico, a differenza di quello professionistico.&nbsp;<\/p>\n\n\n\n<p>In Italia, lo sport dilettantistico, incluso quello olimpico e internazionale, \u00e8 prevalentemente gestito da associazioni no profit, mentre lo sport professionistico \u00e8 affidato a societ\u00e0 a scopo di lucro.&nbsp;<\/p>\n\n\n\n<p>Questa suddivisione, sebbene strana e a volte imperfetta, \u00e8 il modello adottato nel nostro paese. Continua a leggere l\u2019articolo per approfondire<a href=\"https:\/\/www.teamartist.com\/blog\/prontuario\/fondare-unassociazione-sportiva-dilettantistica\/\"> come costituire un\u2019associazione dilettantistica.<\/a><\/p>\n\n\n\n<h2 class=\"wp-block-heading\" id=\"h-come-costituire-un-associazione-sportiva-dilettantistica\">Come Costituire un&#8217;associazione sportiva dilettantistica<\/h2>\n\n\n\n<p>Per <strong>costituire un&#8217;ASD<\/strong>, con finalit\u00e0 di natura ideale, \u00e8 fondamentale avere uno <a href=\"https:\/\/www.teamartist.com\/blog\/prontuario\/esempio-di-uno-statuto-di-una-associazione-sportiva-dilettantistica\/\">statuto <\/a>conforme alle nuove regole per le associazioni sportive dilettantistiche, specialmente con l&#8217;entrata in vigore del RAS (<a href=\"https:\/\/www.teamartist.com\/blog\/2022\/09\/08\/il-registro-nazionale-delle-attivita-sportive-dilettantistiche\/\">Registro delle Attivit\u00e0 Sportive Dilettantistiche<\/a>) gestito dal Dipartimento per lo Sport del Governo italiano, che sostituisce il Registro CONI. La riforma ha portato alla necessit\u00e0 di una modifica dello statuto delle associazioni sportive dilettantistiche e, dal 1 gennaio 2024, le ASD con statuti non conformi saranno escluse dal registro.&nbsp;<\/p>\n\n\n\n<p>Le normative di riferimento per un <strong>ente non commerciale di tipo associativo <\/strong>includono:<\/p>\n\n\n\n<ul class=\"wp-block-list\"><li aria-level=\"1\"><strong>Codice Civile Italiano<\/strong>: articoli dal 36 al 42 per le ASD non riconosciute, e dal 14 al 35 per quelle riconosciute;<\/li><li aria-level=\"1\"><strong>TUIR<\/strong> (Testo Unico delle Imposte sul Reddito), D.P.R. 22 dicembre 1986, n.917: Art. 73, commi 4 e 5, e articolo 148 comma 8;<\/li><li aria-level=\"1\"><strong>DPR IVA<\/strong>, alias DPR 633\/1972: Articolo 4, commi 4 e 6, Articolo 7 e Articolo 10 comma 5;<\/li><li aria-level=\"1\"><strong>Riforma dello Sport<\/strong>, D.Lgs 36\/2021: Articoli dal 6 all&#8217;11.<\/li><\/ul>\n\n\n\n<h2 class=\"wp-block-heading\" id=\"h-associazioni-sportive-dilettantistiche-ed-ente-terzo-settore\">Associazioni sportive dilettantistiche ed Ente Terzo Settore<\/h2>\n\n\n\n<p>\u00c8 raro ma possibile che un&#8217;ASD sia contestualmente un ETS (Ente del Terzo Settore), soprattutto se si occupa principalmente di sport paraolimpico. A questo proposito la domanda pi\u00f9 frequente \u00e8 se questo sia considerato un <a href=\"https:\/\/www.teamartist.com\/blog\/2013\/01\/28\/associazioni-non-riconosciute\/\"><strong>Ente riconosciuto o non riconosciuto<\/strong><\/a>? Si tratta di un ente con un proprio statuto studiato ad hoc. A questo proposito lo statuto deve rispettare le indicazioni del D.Lgs 117\/2017, la &#8220;Riforma del Terzo Settore&#8221;.<\/p>\n\n\n\n<h2 class=\"wp-block-heading\" id=\"h-gestione-fiscale-nell-associazione-sportiva-dilettantistica-partita-iva-e-codice-fiscale\">Gestione fiscale nell&#8217;associazione sportiva dilettantistica: Partita IVA e Codice Fiscale<\/h2>\n\n\n\n<p>Devi decidere se adottare il Regime Ordinario (come per le SRL) o, come fanno il 99% delle ASD italiane con partita IVA, il regime semplificato e agevolato della <a href=\"https:\/\/www.teamartist.com\/blog\/legge-39891-e-disposizioni-tributarie\/\">Legge 398\/91<\/a> (Regime ex L. 398\/1991).<\/p>\n\n\n\n<p>Consigliamo anche la lettura dei nostri articoli in merito a <a href=\"https:\/\/www.teamartist.com\/blog\/come-accedere-al-regime-fiscale-agevolato-3\/%20https:\/\/www.teamartist.com\/blog\/prontuario\/il-regime-fiscale-agevolato-per-le-associazioni-sportive-dilettantistiche-asd\/%20.\">come accedere al regime fiscale agevolato<\/a> e <a href=\"https:\/\/www.teamartist.com\/blog\/prontuario\/come-gestire-una-associazione-sportiva-dilettantistica\/\">come si gestisce un ASD<\/a>, per comprendere pi\u00f9 a fondo il mondo delle associazioni culturali dilettantistiche.<\/p>\n\n\n\n<h2 class=\"wp-block-heading\" id=\"h-certificati-medici-e-defibrillatori-nell-associazione-sportiva-dilettantistica-norme-e-pratiche\">Certificati Medici e defibrillatori nell&#8217;associazione sportiva dilettantistica: Norme e Pratiche<\/h2>\n\n\n\n<p>La normativa di riferimento \u00e8 questa <a href=\"https:\/\/www.teamartist.com\/blog\/certificati-medici-e-defibrillatori\/\">Certificati medici e defibrillatori<\/a> (Decreto-Legge 13 settembre 2012, n. 158;&nbsp;Decreto 24 aprile 2013) ma vi sono innumerevoli circolari esplicative successive.<\/p>\n\n\n\n<p><strong>Qui un elenco dei nostri articoli pi\u00f9 importanti sull\u2019argomento:<\/strong><\/p>\n\n\n\n<p>Scopri quali sono i <a href=\"https:\/\/www.teamartist.com\/blog\/2016\/10\/11\/scopri-quali-sono-i-3-modelli-certificati-medici-sportivi-che-puoi-accettare-dai-tuoi-atleti\/\">3 modelli di certificati medici <\/a>sportivi che puoi accettare dai tuoi Atleti:&nbsp;<\/p>\n\n\n\n<p><a href=\"https:\/\/www.teamartist.com\/blog\/2015\/09\/25\/risolto-il-grande-rebus-delle-lezioni-di-prova-nelle-asd-non-e-obbligatorio-il-certificato-medico\/\">RISOLTO IL GRANDE REBUS DELLE LEZIONI DI PROVA NELLE ASD<\/a>&nbsp;<\/p>\n\n\n\n<p><a href=\"https:\/\/www.tuttononprofit.com\/2017\/06\/obbligo-di-dotazione-di-defibrillatori-semiautomatici-per-associazioni-e-societa-sportive-ecco-le-linee-guida-ufficiali.html\" rel=\"nofollow noopener noreferrer\" target=\"_blank\">DEFIBRILLATORI<\/a>&nbsp;<\/p>\n\n\n\n<h2 class=\"wp-block-heading\" id=\"h-biglietteria-e-manifestazioni-sportive-nelle-associazioni-sportive-dilettantistiche\">Biglietteria e manifestazioni sportive nelle associazioni sportive dilettantistiche<\/h2>\n\n\n\n<p>Per la gestione dei biglietti di ingresso alle manifestazioni sportive, la normativa di riferimento \u00e8 questa <a href=\"https:\/\/www.teamartist.com\/blog\/manifestazioni-sportive-dilettantistiche\/\">Manifestazioni sportive dilettantistiche<\/a>&nbsp;(DPR 13 marzo 2002, n. 69).<\/p>\n\n\n\n<p>Potrebbe esserti utile leggere l\u2019articolo<a href=\"https:\/\/www.teamartist.com\/blog\/2012\/12\/12\/vendere-biglietti-ingresso-partite-tornei-asd\/\"> vendere biglietti all\u2019ingresso delle partite<\/a> e quello relativo ai <a href=\"https:\/\/www.teamartist.com\/blog\/2012\/12\/17\/siae-asd-pro-loco-associazioni-no-profit\/\">rapporti con la SIAE<\/a>, per approfondire quello che solitamente \u00e8 permesso e quello di cui \u00e8 fatto divieto.&nbsp;<\/p>\n\n\n\n<p>In ultimo si consiglia la lettura dell\u2019articolo <a href=\"https:\/\/www.teamartist.com\/blog\/5862-2\/\">SIAE, spettacoli e intrattenimenti<\/a> per avere maggiori informazioni su questo ente.<\/p>\n\n\n\n<p>Se vuoi maggiori informazioni in merito ai certificati penali che dimostrano la natura dei rapporti tra i tuoi possibili collaboratori e i minorenni, cos\u00ec da verificare che non vi possano essere accuse o condanne per reati pedopornografici, la normativa di riferimento \u00e8 il decreto legislativo 39\/2014.<\/p>\n\n\n\n<p>Si consiglia per\u00f2 anche la lettura dell\u2019articolo sui <a href=\"https:\/\/www.teamartist.com\/blog\/certificati-penali\/\">Certificati penali<\/a>, che contiene anche la Circolare interpretativa del Ministero della Giustizia nel merito.<\/p>\n\n\n\n<h3 class=\"wp-block-heading\">Aprire un bare nella propria ASD&nbsp;<\/h3>\n\n\n\n<p>Vi sono diverse accortezze da seguire e diverse norme. Ne parliamo in modo specifico nel nostro articolo su <a href=\"https:\/\/www.teamartist.com\/blog\/2015\/07\/13\/posso-aprire-un-bar-nella-mia-associazione\/\">come aprire un bar nella propria ASD<\/a>.<\/p>\n\n\n\n<h3 class=\"wp-block-heading\">Organizzare un evento di Raccolta Fondi nella propria ASD<\/h3>\n\n\n\n<p>La norma di riferimento \u00e8 l\u2019articolo 25, comma 1, della Legge 133\/1999, ma consigliamo la lettura di questo nostro articolo dedicato sulle <a href=\"https:\/\/www.teamartist.com\/blog\/2015\/06\/11\/le-due-raccolte-fondi-annuali-che-possono-fare-tutte-le-associazioni\/\">raccolte di fondi annuali<\/a> che possono fare tutte le associazioni.<\/p>\n\n\n\n<p><strong>Aggiornamento al 16\/11\/2023<\/strong><\/p>\n\n\n","protected":false},"excerpt":{"rendered":"<p><a class=\"ninja_pages_read_more\"  href=\"https:\/\/www.teamartist.com\/blog\/associazioni-sportive-dilettantistiche\/\"><\/a><\/p>\n","protected":false},"author":1,"featured_media":14485,"parent":0,"menu_order":0,"comment_status":"closed","ping_status":"closed","template":"","format":[],"meta":{"ns_format_proposto":0,"ns_tipologia_proposta":0,"ns_tag_proposti":[],"ns_argomento_proposto":0,"ns_categoria_proposta":0,"ns_check_query_entries":[],"ns_valutazione_query_keywords":[],"ns_pagespeed_results":[],"footnotes":""},"categories":[863],"tags":[896,871],"tipologia":[],"argomento":[],"class_list":["post-5939","page","type-page","status-publish","has-post-thumbnail","hentry","category-costituireassociazione","tag-associazione_sportiva_dilettantistica_-_asd","tag-costituire_associazione_sportiva_dilettantistica_-_asd"],"_links":{"self":[{"href":"https:\/\/www.teamartist.com\/blog\/wp-json\/wp\/v2\/pages\/5939","targetHints":{"allow":["GET"]}}],"collection":[{"href":"https:\/\/www.teamartist.com\/blog\/wp-json\/wp\/v2\/pages"}],"about":[{"href":"https:\/\/www.teamartist.com\/blog\/wp-json\/wp\/v2\/types\/page"}],"author":[{"embeddable":true,"href":"https:\/\/www.teamartist.com\/blog\/wp-json\/wp\/v2\/users\/1"}],"replies":[{"embeddable":true,"href":"https:\/\/www.teamartist.com\/blog\/wp-json\/wp\/v2\/comments?post=5939"}],"version-history":[{"count":"1","href":"https:\/\/www.teamartist.com\/blog\/wp-json\/wp\/v2\/pages\/5939\/revisions"}],"predecessor-version":[{"id":14064,"href":"https:\/\/www.teamartist.com\/blog\/wp-json\/wp\/v2\/pages\/5939\/revisions\/14064"}],"wp:featuredmedia":[{"embeddable":true,"href":"https:\/\/www.teamartist.com\/blog\/wp-json\/wp\/v2\/media\/14485"}],"wp:attachment":[{"href":"https:\/\/www.teamartist.com\/blog\/wp-json\/wp\/v2\/media?parent=5939"}],"wp:term":[{"taxonomy":"category","embeddable":true,"href":"https:\/\/www.teamartist.com\/blog\/wp-json\/wp\/v2\/categories?post=5939"},{"taxonomy":"post_tag","embeddable":true,"href":"https:\/\/www.teamartist.com\/blog\/wp-json\/wp\/v2\/tags?post=5939"},{"taxonomy":"tipologia","embeddable":true,"href":"https:\/\/www.teamartist.com\/blog\/wp-json\/wp\/v2\/tipologia?post=5939"},{"taxonomy":"argomento","embeddable":true,"href":"https:\/\/www.teamartist.com\/blog\/wp-json\/wp\/v2\/argomento?post=5939"},{"taxonomy":"format","embeddable":true,"href":"https:\/\/www.teamartist.com\/blog\/wp-json\/wp\/v2\/format?post=5939"}],"curies":[{"name":"wp","href":"https:\/\/api.w.org\/{rel}","templated":true}]}}