{"id":5807,"date":"2014-02-20T11:39:01","date_gmt":"2014-02-20T10:39:01","guid":{"rendered":"http:\/\/www.teamartist.com\/blog\/?page_id=5807"},"modified":"2019-11-11T10:46:34","modified_gmt":"2019-11-11T09:46:34","slug":"regime-fiscale-agevolato-ex-l-39891","status":"publish","type":"page","link":"https:\/\/www.teamartist.com\/blog\/regime-fiscale-agevolato-ex-l-39891\/","title":{"rendered":"D.L. n\u00b0398\/91- Regime fiscale agevolato delle Associazioni No Profit con Partita Iva"},"content":{"rendered":"<p align=\"LEFT\"><em>Pubblicato sulla Gazzetta Ufficiale n. 295 del 17\/12\/1991<\/em><\/p>\n<p><em>In vigore dal 1-1-1992<\/em><\/p>\n<p><em>Testo aggiornato al 20-2-2014<\/em><\/p>\n<h2 align=\"CENTER\"><span style=\"font-size: 12pt; color: #333333;\"><b>LEGGE 16 dicembre 1991, n. 398 <\/b><\/span><\/h2>\n<h2 style=\"text-align: center;\" align=\"LEFT\"><span style=\"font-size: 12pt; color: #333333;\"><i><b>Disposizioni tributarie relative alle associazioni sportive dilettantistiche. <\/b><\/i><\/span><\/h2>\n<p>&nbsp;<\/p>\n<p style=\"text-align: center;\"><strong>Art. 1<\/strong><\/p>\n<p style=\"text-align: justify;\">1. Le associazioni sportive e relative sezioni non aventi scopo di lucro, affiliate alle federazioni sportive nazionali o agli enti nazionali di promozione sportiva riconosciuti ai sensi delle leggi vigenti, che svolgono attivit\u00e0 sportive dilettantistiche e che nel periodo d&#8217;imposta precedente hanno conseguito dall&#8217;esercizio di attivit\u00e0 commerciali proventi per un importo non superiore a lire 100 milioni, possono optare per l&#8217;applicazione dell&#8217;imposta sul valore aggiunto, dell&#8217;imposta sul reddito delle persone giuridiche e dell&#8217;imposta locale sui redditi secondo le disposizioni di cui all&#8217;articolo 2. L&#8217;opzione \u00e9 esercitata mediante comunicazione a mezzo lettera raccomandata da inviare al competente ufficio dell&#8217;imposta sul valore aggiunto; essa ha effetto dal primo giorno del mese successivo a quello in cui \u00e9 esercitata, fino a quando non sia revocata e, in ogni caso, per almeno un triennio. I soggetti che intraprendono l&#8217;esercizio di attivit\u00e0 commerciali esercitano l&#8217;opzione nella dichiarazione da presentare ai sensi dell&#8217;articolo 35 del decreto del Presidente della Repubblica 26 ottobre 1972, n. 633, e successive modificazioni. L&#8217;opzione ha effetto anche ai fini delle imposte sui redditi e di essa deve essere data comunicazione agli uffici delle imposte dirette entro i trenta giorni successivi.<em><strong><br \/>\n<\/strong><\/em><\/p>\n<p style=\"text-align: justify;\">2. Nei confronti dei soggetti che hanno esercitato l&#8217;opzione di cui al comma 1 e che nel corso del periodo d&#8217;imposta hanno superato il limite di lire 100 milioni, cessano di applicarsi le disposizioni della presente legge con effetto dal mese successivo a quello in cui il limite \u00e9 superato.<\/p>\n<p style=\"text-align: justify;\"><i>3<\/i>. <i>comma abrogato dalla L. 13 maggio 1999, n. 133, come modificata dalla l. 21 novembre 2000, n. 342.<\/i><\/p>\n<pre><\/pre>\n<p style=\"text-align: justify;\"><span style=\"text-decoration: underline;\"><em>AGGIORNAMENTI<\/em><\/span><\/p>\n<div id=\"stcpDiv\" style=\"text-align: justify;\"><em>Il Decreto-Legge 30 dicembre 1991 n. 417 (convertito con modificazioni dalla Legge n. 66 del 6 febbraio 1992) all&#8217;art. 9 bis ha disposto che: &#8220;Alle associazioni senza fini di lucro e alle associazioni pro-loco si applicano, in quanto compatibili, le disposizioni di cui alla <span style=\"color: #000000;\">legge <\/span>16 dicembre 1991, n. 398.&#8221;<\/em><\/div>\n<div style=\"text-align: justify;\"><\/div>\n<div style=\"text-align: justify;\"><em>La Legge 24 dicembre 2003 n. 350, all&#8217;art. 2 comma 31, ha disposto che: &#8220;Le disposizioni della <span style=\"color: #000000;\">legge 16 dicembre 1991, n. 398<\/span>, e successive modificazioni, e le altre disposizioni tributarie riguardanti le associazioni sportive dilettantistiche si applicano anche alle associazioni bandistiche e cori amatoriali, filodrammatiche, di musica e danza popolare legalmente costituite senza fini di lucro.&#8221;<\/em><\/div>\n<p style=\"text-align: justify;\"><em><em>La L. 13 maggio 1999, n. 133, come modificata dalla L. 21 novembre 2000, n. 342 (in in SO n.194, relativo alla G.U. 25\/11\/2000, n.276) ha disposto (con l&#8217;art. 25, comma 3) che &#8220;A decorrere dal periodo d&#8217;imposta successivo a quello in corso alla data del 18 maggio 1999, l&#8217;importo fissato dall&#8217;articolo 1, comma 1, della legge 16 dicembre 1991, n. 398, recante disposizioni tributarie relative alle associazioni sportive dilettantistiche, come modificato da ultimo con decreto del Presidente del Consiglio dei ministri 10 novembre 1998, pubblicato nella Gazzetta Ufficiale n. 285 del 5 dicembre 1998, in lire 130.594.000, \u00e9 elevato a lire 360 milioni.&#8221;<\/em> <\/em><\/p>\n<p style=\"text-align: justify;\"><em>La L. 27 dicembre 2002, n. 289 ha disposto (con l&#8217;art. 90, comma 2) che &#8220;A decorrere dal periodo di imposta in corso alla data di entrata in vigore della presente legge, l&#8217;importo fissato dall&#8217;articolo 1, comma 1, della legge 16 dicembre 1991, n. 398, come sostituito dall&#8217;articolo 25 della legge 13 maggio 1999, n. 133, e successive modificazioni, \u00e9 elevato a 250.000 euro.&#8221; <\/em><\/p>\n<p>&nbsp;<\/p>\n<p style=\"text-align: center;\"><strong>Art. 2<\/strong><\/p>\n<p>1. I soggetti di cui all&#8217;articolo 1 che hanno esercitato l&#8217;opzione sono esonerati dagli obblighi di tenuta delle scritture contabili prescritti dagli articoli 14, 15, 16, 18 e 20 del decreto del Presidente della Repubblica 29 settembre 1973, n. 600, e successive modificazioni. Sono, altres\u00ec, esonerati dagli obblighi di cui al titolo II del decreto del Presidente della Repubblica 26 ottobre 1972, n. 633.<\/p>\n<p style=\"text-align: justify;\">2. I soggetti che fruiscono dell&#8217;esonero devono annotare nella distinta d&#8217;incasso o nella dichiarazione di incasso previste, rispettivamente, dagli articoli 8 e 13 del decreto del Presidente della Repubblica 26 ottobre 1972, n. 640, opportunamente integrate, qualsiasi provento conseguito nell&#8217;esercizio di attivit\u00e0 commerciali.<\/p>\n<p style=\"text-align: justify;\">3. Per i proventi di cui al comma 2, soggetti all&#8217;imposta sul valore aggiunto, l&#8217;imposta continua ad applicarsi con le modalit\u00e0 di cui all&#8217;articolo 74, sesto comma, del decreto del Presidente della Repubblica 26 ottobre 1972, n. 633.<\/p>\n<p style=\"text-align: justify;\">4. Le fatture emesse e le fatture di acquisto devono essere numerate progressivamente per anno solare e conservate a norma dell&#8217;articolo 39 del decreto del Presidente della Repubblica 26 ottobre 1972, n. 633, e dell&#8217;articolo 22 del decreto del Presidente della Repubblica 29 settembre 1973, n. 600. Sono fatte salve le disposizioni previste dalla legge 10 maggio 1976, n. 249, in materia di ricevuta fiscale, dal decreto del Presidente della Repubblica 6 ottobre 1978, n. 627, in materia di documento di accompagnamento dei beni viaggianti, nonch\u00e9 dalla legge 26 gennaio 1983, n. 18, in materia di scontrino fiscale.<\/p>\n<p style=\"text-align: justify;\">5. In deroga alle disposizioni contenute nel testo unico delle imposte sui redditi, approvato con decreto del Presidente della Repubblica 22 dicembre 1986, n. 917, il reddito imponibile dei soggetti di cui all&#8217;articolo 1 \u00e9 determinato applicando all&#8217;ammontare dei proventi conseguiti nell&#8217;esercizio di attivit\u00e0 commerciali il coefficiente di redditivit\u00e0 del 3 per cento e aggiungendo le plusvalenze patrimoniali.<\/p>\n<p>6. Con decreto del Ministro delle finanze, da emanarsi entro novanta giorni dalla data di entrata in vigore della presente legge, saranno approvati i modelli di distinta e di dichiarazione d&#8217;incasso di cui al comma 2 e stabilite le relative modalit\u00e0 di compilazione.<\/p>\n<p>&nbsp;<\/p>\n<p style=\"text-align: center;\"><strong>Art. 3.<\/strong><\/p>\n<p style=\"text-align: justify;\">1. Il premio di addestramento e formazione tecnica di cui all&#8217;articolo 6 della legge 23 marzo 1981, n. 91, e successive modificazioni, percepito dai soggetti di cui all&#8217;articolo 1, non concorre alla determinazione del reddito dei soggetti stessi.<\/p>\n<p>&nbsp;<\/p>\n<p style=\"text-align: center;\"><strong>Art. 4.<\/strong><\/p>\n<p style=\"text-align: justify;\">1. Le cessioni dei diritti alle prestazioni sportive degli atleti effettuate dalle associazioni sportive di cui alla presente legge sono soggette all&#8217;imposta sul valore aggiunto con l&#8217;aliquota del 9 per cento.<\/p>\n","protected":false},"excerpt":{"rendered":"<p><a class=\"ninja_pages_read_more\"  href=\"https:\/\/www.teamartist.com\/blog\/regime-fiscale-agevolato-ex-l-39891\/\"><\/a><\/p>\n","protected":false},"author":1,"featured_media":10031,"parent":0,"menu_order":0,"comment_status":"closed","ping_status":"open","template":"","format":[],"meta":{"ns_format_proposto":0,"ns_tipologia_proposta":0,"ns_tag_proposti":[],"ns_argomento_proposto":0,"ns_categoria_proposta":0,"ns_check_query_entries":[],"ns_valutazione_query_keywords":[],"ns_pagespeed_results":[],"footnotes":""},"categories":[749],"tags":[958,769,914],"tipologia":[],"argomento":[],"class_list":["post-5807","page","type-page","status-publish","has-post-thumbnail","hentry","category-consulenza","tag-adempimenti-fiscali-associazioni","tag-il_regime_fiscale_agevolato_per_associazioni_legge_39891_-_cose_e_come_accedervi","tag-leggi_e_normative"],"_links":{"self":[{"href":"https:\/\/www.teamartist.com\/blog\/wp-json\/wp\/v2\/pages\/5807","targetHints":{"allow":["GET"]}}],"collection":[{"href":"https:\/\/www.teamartist.com\/blog\/wp-json\/wp\/v2\/pages"}],"about":[{"href":"https:\/\/www.teamartist.com\/blog\/wp-json\/wp\/v2\/types\/page"}],"author":[{"embeddable":true,"href":"https:\/\/www.teamartist.com\/blog\/wp-json\/wp\/v2\/users\/1"}],"replies":[{"embeddable":true,"href":"https:\/\/www.teamartist.com\/blog\/wp-json\/wp\/v2\/comments?post=5807"}],"version-history":[{"count":0,"href":"https:\/\/www.teamartist.com\/blog\/wp-json\/wp\/v2\/pages\/5807\/revisions"}],"wp:featuredmedia":[{"embeddable":true,"href":"https:\/\/www.teamartist.com\/blog\/wp-json\/wp\/v2\/media\/10031"}],"wp:attachment":[{"href":"https:\/\/www.teamartist.com\/blog\/wp-json\/wp\/v2\/media?parent=5807"}],"wp:term":[{"taxonomy":"category","embeddable":true,"href":"https:\/\/www.teamartist.com\/blog\/wp-json\/wp\/v2\/categories?post=5807"},{"taxonomy":"post_tag","embeddable":true,"href":"https:\/\/www.teamartist.com\/blog\/wp-json\/wp\/v2\/tags?post=5807"},{"taxonomy":"tipologia","embeddable":true,"href":"https:\/\/www.teamartist.com\/blog\/wp-json\/wp\/v2\/tipologia?post=5807"},{"taxonomy":"argomento","embeddable":true,"href":"https:\/\/www.teamartist.com\/blog\/wp-json\/wp\/v2\/argomento?post=5807"},{"taxonomy":"format","embeddable":true,"href":"https:\/\/www.teamartist.com\/blog\/wp-json\/wp\/v2\/format?post=5807"}],"curies":[{"name":"wp","href":"https:\/\/api.w.org\/{rel}","templated":true}]}}