{"id":5770,"date":"2014-02-19T11:59:29","date_gmt":"2014-02-19T10:59:29","guid":{"rendered":"http:\/\/www.teamartist.com\/blog\/?page_id=5770"},"modified":"2019-11-11T10:46:37","modified_gmt":"2019-11-11T09:46:37","slug":"scritture-contabili","status":"publish","type":"page","link":"https:\/\/www.teamartist.com\/blog\/scritture-contabili\/","title":{"rendered":"D.P.R. n\u00b0600\/1973 &#8211; Tenuta delle scritture contabili nelle Associazioni no profit"},"content":{"rendered":"<p align=\"LEFT\"><em>Pubblicato sulla Gazzetta Ufficiale n.268 del 16-10-1973 &#8211; Suppl. Ordinario<\/em><\/p>\n<p align=\"LEFT\"><em>Testo aggiornato al 19-2-2014<\/em><\/p>\n<h2 align=\"LEFT\"><span style=\"font-size: 12pt;\"><b>DECRETO DEL PRESIDENTE DELLA REPUBBLICA 29 settembre 1973, n. 600 <\/b><\/span><\/h2>\n<h2><span style=\"font-size: 12pt;\"><i><b>Disposizioni comuni in materia di accertamento delle imposte sui <\/b><\/i><i><b>redditi.<\/b><\/i><\/span><\/h2>\n<div>\n<p style=\"text-align: center;\"><strong>TITOLO II<\/strong><br \/>\n<strong>SCRITTURE CONTABILI<\/strong><\/p>\n<p style=\"text-align: center;\"><strong>Art. 13.<\/strong><\/p>\n<p style=\"text-align: center;\"><strong>Soggetti obbligati alla tenuta di scritture contabili <\/strong><\/p>\n<p style=\"text-align: justify;\">Ai fini dell&#8217;accertamento sono obbligati alla tenuta di scritture contabili, secondo le disposizioni di questo titolo:<\/p>\n<p style=\"text-align: justify;\">a) le societ\u00e0 soggette all&#8217;imposta sul reddito delle persone giuridiche;<\/p>\n<p style=\"text-align: justify;\">b) gli enti pubblici e privati diversi dalle societ\u00e0, soggetti all&#8217;imposta sul reddito delle persone giuridiche, nonch\u00e8 i trust<em><strong>,<\/strong><\/em> che hanno per oggetto esclusivo o principale l&#8217;esercizio di attivit\u00e0 commerciali;<\/p>\n<p style=\"text-align: justify;\">c) le societ\u00e0 in nome collettivo, le societ\u00e0 in accomandita semplice e le societ\u00e0 ad esse equiparate ai sensi dell&#8217;art. 5 del decreto del Presidente della Repubblica 29 settembre 1973, n. 597;<\/p>\n<p style=\"text-align: justify;\">d) le persone fisiche che esercitano imprese commerciali ai sensi dell&#8217;art. 51 del decreto indicato alla lettera precedente. Sono inoltre obbligate alla tenuta di scritture contabili, a norma degli articoli 19 e 20;<\/p>\n<p style=\"text-align: justify;\">e) le persone fisiche che esercitano arti e professioni, ai sensi dell&#8217;art. 49, commi primo e secondo del decreto indicato al primo comma, lettera c);<\/p>\n<p style=\"text-align: justify;\">f) le societ\u00e0 o associazioni fra artisti e professionisti di cui all&#8217;art. 5, lettera c), del decreto indicato alla precedente lettera;<\/p>\n<p style=\"text-align: justify;\">g) gli enti pubblici e privati diversi dalle societ\u00e0, soggetti all&#8217;imposta sul reddito delle persone giuridiche, nonch\u00e8 i trust, che non hanno per oggetto esclusivo o principale l&#8217;esercizio di attivit\u00e0 commerciali.<\/p>\n<p style=\"text-align: justify;\">I soggetti obbligati ad operare ritenute alla fonte a titolo di acconto sui compensi corrisposti, di cui al successivo art. 21, devono tenere le scritture ivi indicate ai fini dell&#8217;accertamento del reddito dei percipienti.<\/p>\n<p style=\"text-align: justify;\">I soggetti i quali, fuori dell&#8217;ipotesi di cui all&#8217;art. 28, lettera b), del decreto del Presidente della Repubblica 29 settembre 1973, n. 597, svolgono attivit\u00e0 di allevamento di animali, devono tenere le scritture contabili indicate nell&#8217;art. 18-bis.<\/p>\n<p style=\"text-align: center;\"><strong>Art. 14.<\/strong><\/p>\n<p style=\"text-align: center;\"><strong>Scritture contabili delle imprese commerciali, delle societ\u00e0 e degli enti equiparati<\/strong><\/p>\n<p style=\"text-align: justify;\">Le societ\u00e0, gli enti e gli imprenditori commerciali di cui al primo comma dell&#8217;art. 13 devono in ogni caso tenere:<\/p>\n<p style=\"text-align: justify;\">a) il libro giornale e il libro degli inventari;<\/p>\n<p style=\"text-align: justify;\">b) i registri prescritti ai fini dell&#8217;imposta sul valore aggiunto;<\/p>\n<p style=\"text-align: justify;\">c) scritture ausiliarie nelle quali devono essere registrati gli elementi patrimoniali e reddituali, raggruppati in categorie omogenee, in modo da consentire di desumerne chiaramente e distintamente i componenti positivi e negativi che concorrono alla determinazione del reddito.<\/p>\n<p style=\"text-align: justify;\">d) scritture ausiliarie di magazzino, tenute in forma sistematica e secondo norme di ordinaria contabilit\u00e0 che consentano di seguire le variazioni intervenute tra le consistenze degli inventari annuali delle merci destinate alla vendita, dei semilavorati acquistati o fabbricati, dei prodotti finiti, nonch\u00e9 delle materie prime e degli altri beni destinati ad essere in essi fisicamente incorporati; degli imballaggi; delle materie prime specificamente da consumare per la produzione di servizi. Per le attivit\u00e0 elencate ai numeri 1) e 2) del primo comma dell&#8217;art. 22 del decreto del Presidente della Repubblica 26 ottobre 1972, n. 633, e successive modificazioni, le registrazioni vanno effettuate solo per i movimenti di carico e scarico dei magazzini centralizzati che forniscono due o piu&#8217; negozi o altri punti di vendita ivi indicati. Per la produzione di beni la cui valutazione \u00e9 effettuata a costi specifici e per quelli di cui all&#8217;art. 63 del decreto del Presidente della Repubblica 29 settembre 1973, n. 597, e successive modificazioni, devono essere tenute schede di lavorazione dalle quali debbono risultare i costi direttamente imputabili. Per tali beni e per quelli specificamente acquistati per la produzione degli stessi le registrazioni sulle schede di lavorazione sostituiscono le rilevazioni di magazzino. Dalle scritture ausiliarie possono essere esclusi i movimenti relativi a beni di trascurabile rilevanza ai fini degli accertamenti e dei controlli, previa comunicazione scritta all&#8217;ufficio delle imposte. La tenuta delle scritture ausiliarie di cui sopra non \u00e9 obbligatoria qualora i ricavi di cui all&#8217;art. 53 del decreto del Presidente della Repubblica 29 settembre 1973, n. 597, e successive modificazioni, conseguiti nel periodo di imposta precedente non abbiano superato l&#8217;ammontare di un miliardo di lire.<\/p>\n<p style=\"text-align: justify;\">I soggetti stessi devono inoltre tenere, in quanto ne ricorrano i presupposti, il registro dei beni ammortizzabili e il registro riepilogativo di magazzino di cui ai successivi articoli 16 e 17 e i libri sociali obbligatori di cui ai numeri 1 e seguenti dell&#8217;art. 2421 del codice civile.<\/p>\n<p style=\"text-align: justify;\">Le societ\u00e0 e gli enti il cui bilancio o rendiconto \u00e9 soggetto per legge o per statuto all&#8217;approvazione dell&#8217;assemblea o di altri organi possono effettuare nelle scritture contabili gli aggiornamenti consequenziali all&#8217;approvazione stessa fino al termine stabilito per la presentazione della dichiarazione.<\/p>\n<p style=\"text-align: center;\"><strong>Art. 15.<\/strong><\/p>\n<p style=\"text-align: center;\"><strong>Inventario e bilancio<\/strong><\/p>\n<p style=\"text-align: justify;\">Le societ\u00e0, gli enti e gli imprenditori commerciali di cui al primo comma dell&#8217;art. 13 devono in ogni caso redigere l&#8217;inventario e il bilancio con il conto dei profitti e delle perdite, a norma dell&#8217;art. 2217 del codice civile, entro tre mesi dal termine per la presentazione della dichiarazione dei redditi ai fini delle imposte dirette.<\/p>\n<p style=\"text-align: justify;\">L&#8217;inventario, oltre agli elementi prescritti dal codice civile o da leggi speciali, deve indicare la consistenza dei beni raggruppati in categorie omogenee per natura e valore e il valore attribuito a ciascun gruppo. Ove dall&#8217;inventario non si rilevino gli elementi che costituiscono ciascun gruppo e la loro ubicazione, devono essere tenute a disposizione dell&#8217;ufficio delle imposte le distinte che sono servite per la compilazione dell&#8217;inventario.<\/p>\n<p style=\"text-align: justify;\">Nell&#8217;inventario degli imprenditori individuali devono essere distintamente indicate e valutate le attivit\u00e0 e le passivit\u00e0 relative all&#8217;impresa.<\/p>\n<p style=\"text-align: justify;\">Il bilancio e il conto dei profitti e delle perdite, salve le disposizioni del codice civile e delle leggi speciali, possono essere redatti con qualsiasi metodo e secondo qualsiasi schema, purch\u00e9 conformi ai principi della tecnica contabile, salvo quanto stabilito nel secondo comma dell&#8217;art. 3.<\/p>\n<p>&nbsp;<\/p>\n<p style=\"text-align: center;\"><strong>Art. 16.<\/strong><\/p>\n<p style=\"text-align: center;\"><strong>Registro dei beni ammortizzabili<\/strong><\/p>\n<p style=\"text-align: justify;\">Le societ\u00e0, gli enti e gli imprenditori commerciali, di cui al primo Comma dell&#8217;art. 13, devono compilare il registro dei beni ammortizzabili entro il termine stabilito per la presentazione della dichiarazione.<\/p>\n<p style=\"text-align: justify;\">Nel registro devono essere indicati, per ciascun immobile e per ciascuno dei beni iscritti in pubblici registri, l&#8217;anno di acquisizione, il costo originario, le rivalutazioni, le svalutazioni, il fondo di ammortamento nella misura raggiunta al termine del periodo d&#8217;imposta precedente, il coefficiente di ammortamento effettivamente praticato nel periodo d&#8217;imposta, la quota annuale di ammortamento e le eliminazioni dal processo produttivo.<\/p>\n<p style=\"text-align: justify;\">Per i beni diversi da quelli indicati nel comma precedente le indicazioni ivi richieste possono essere effettuate con riferimento a categorie di beni omogenee per anno di acquisizione e coefficiente di ammortamento. Per i beni di cui all&#8217;articolo 102-bis del testo unico delle imposte sui redditi, di cui al decreto del Presidente della Repubblica 22 dicembre 1986, n. 917, le indicazioni ivi richieste possono essere effettuate con riferimento a categorie di beni omogenee per anno di acquisizione e vita utile.<\/p>\n<p style=\"text-align: justify;\">Per i beni gratuitamente devolvibili deve essere distintamente indicata la quota annua che affluisce al fondo di ammortamento finanziario.<\/p>\n<p style=\"text-align: justify;\">Se le quote annuali di ammortamento sono inferiori alla met\u00e0 di quelle risultanti dall&#8217;applicazione dei coefficienti stabiliti ai sensi del secondo comma dell&#8217;art. 68 del decreto del Presidente della Repubblica 29 settembre 1973, n. 597, il minor ammontare deve essere distintamente indicato nel registro dei beni ammortizzabili.<\/p>\n<p style=\"text-align: justify;\">I costi di manutenzione, riparazione, ammodernamento e trasformazione di cui all&#8217;ultimo comma del detto art. 68, che non siano immediatamente deducibili, non si sommano al valore dei beni cui si riferiscono ma sono iscritti in voci separate del registro dei beni ammortizzabili a seconda dell&#8217;anno di formazione.<\/p>\n<p>&nbsp;<\/p>\n<p style=\"text-align: center;\"><em>Art. 17.<\/em><\/p>\n<p style=\"text-align: center;\"><em>ARTICOLO ABROGATO DAL D.L. 23 DICEMBRE 1977, N. 936, CONVERTITO CON MODIFICAZIONI DALLA L. 23 FEBBRAIO 1978, N. 38<\/em><\/p>\n<p>&nbsp;<\/p>\n<p style=\"text-align: center;\"><strong>Art. 18.<\/strong><\/p>\n<p style=\"text-align: center;\"><strong>Disposizione regolamentare concernente la contabilit\u00e0 semplificata per le imprese minori.<\/strong><\/p>\n<p style=\"text-align: justify;\">1. Le disposizioni dei precedenti articoli si applicano anche ai soggetti che, a norma del codice civile, non sono obbligati alla tenuta delle scritture contabili di cui allo stesso codice. Tuttavia i soggetti indicati alle lettere c) e d) del primo comma dell&#8217;articolo 13, qualora i ricavi di cui all&#8217;articolo 53 del testo unico delle imposte sui redditi, approvato con decreto del Presidente della Repubblica 22 dicembre 1986, n. 917, e successive modificazioni, conseguiti in un anno intero non abbiano superato l&#8217;ammontare di 400.000 euro per le imprese aventi per oggetto prestazioni di servizi, ovvero di 700.000 euro per le imprese aventi per oggetto altre attivit\u00e0, sono esonerati per l&#8217;anno successivo dalla tenuta delle scritture contabili prescritte dai precedenti articoli, salvi gli obblighi di tenuta delle scritture previste da disposizioni diverse dal presente decreto. Per i contribuenti che esercitano contemporaneamente prestazioni di servizi ed altre attivit\u00e0 si fa riferimento all&#8217;ammontare dei ricavi relativi alla attivit\u00e0 prevalente. In mancanza della distinta annotazione dei ricavi si considerano prevalenti le attivit\u00e0 diverse dalle prestazioni di servizi. Con decreto del Ministro delle finanze, da pubblicare nella Gazzetta Ufficiale, sono stabiliti i criteri per la individuazione delle attivit\u00e0 consistenti nella prestazione di servizi.<\/p>\n<p style=\"text-align: justify;\">2. I soggetti che fruiscono dell&#8217;esonero, entro il termine stabilito per la presentazione della dichiarazione annuale, indicano nel registro degli acquisti tenuto ai fini dell&#8217;imposta sul valore aggiunto il valore delle rimanenze.<\/p>\n<p style=\"text-align: justify;\">3. Le operazioni non soggette a registrazione agli effetti dell&#8217;imposta sul valore aggiunto sono separatamente annotate nei registri tenuti ai fini di tale imposta con le modalit\u00e0 e nei termini stabiliti per le operazioni soggette a registrazione. Coloro che effettuano soltanto operazioni non soggette a registrazione annotano in un apposito registro l&#8217;ammontare globale delle entrate e delle uscite relative a tutte le operazioni effettuate nella prima e nella seconda met\u00e0 di ogni mese ed eseguire nel registro stesso l&#8217;annotazione di cui al comma 2.<\/p>\n<p style=\"text-align: justify;\">4. I soggetti esonerati dagli adempimenti relativi all&#8217;imposta sul valore aggiunto ai sensi dell&#8217;articolo 34 del decreto del Presidente della Repubblica 26 ottobre 1972, n. 633, concernente &#8220;Istituzione e disciplina dell&#8217;imposta sul valore aggiunto&#8221; e successive modificazioni, non sono tenuti ad osservare le disposizioni dei commi 2 e 3.<\/p>\n<p style=\"text-align: justify;\">5. Il regime di contabilit\u00e0 semplificata previsto nel presente articolo si estende di anno in anno qualora gli ammontari indicati nel comma 1 non vengano superati.<\/p>\n<p style=\"text-align: justify;\">6. Il contribuente ha facolt\u00e0 di optare per il regime ordinario. L&#8217;opzione ha effetto dall&#8217;inizio del periodo di imposta nel corso del quale \u00e9 esercitata fino a quando non \u00e9 revocata e in ogni caso per il periodo stesso e per i due successivi.<\/p>\n<p style=\"text-align: justify;\">7. I soggetti che intraprendono l&#8217;esercizio di impresa commerciale, qualora ritengano di conseguire ricavi per un ammontare ragguagliato ad un anno non superiore ai limiti indicati al comma 1, possono, per il primo anno, tenere la contabilit\u00e0 semplificata di cui al presente articolo.<\/p>\n<p style=\"text-align: justify;\">8. Per i rivenditori in base a contratti estimatori di giornali, di libri e di periodici, anche su supporti audiovideomagnetici, e per i distributori di carburante, ai fini del calcolo dei limiti di ammissione ai regimi semplificati di contabilit\u00e0, i ricavi si assumono al netto del prezzo corrisposto al fornitore dei predetti beni. Per le cessioni di generi di monopolio, valori bollati e postali, marche assicurative e valori similari, si considerano ricavi gli aggi spettanti ai rivenditori.<\/p>\n<p style=\"text-align: justify;\">9. Ai fini del presente articolo si assumono come ricavi conseguiti nel periodo di imposta i corrispettivi delle operazioni registrate o soggette a registrazione nel periodo stesso agli effetti dell&#8217;imposta sul valore aggiunto e di quelle annotate o soggette ad annotazioni a norma del comma 3.<\/p>\n<p style=\"text-align: justify;\"><em>AGGIORNAMENTO<\/em><\/p>\n<p style=\"text-align: justify;\"><em>La L. 29 febbraio 1980, n.31 ha disposto (con l&#8217;art 3 comma 2) che &#8220;Le disposizioni di cui al presente articolo si applicano dal 1 gennaio 1980&#8221;<\/em><\/p>\n<p style=\"text-align: center;\"><strong>Art. 20.<\/strong><\/p>\n<p style=\"text-align: center;\"><strong>Scritture contabili degli enti non commerciali<\/strong><\/p>\n<p style=\"text-align: justify;\">Le disposizioni degli articoli 14, 15, 16, 17 e 18 si applicano, relativamente alle attivit\u00e0 commerciali eventualmente esercitate, anche agli enti soggetti all&#8217;imposta sul reddito delle persone giuridiche che non hanno per oggetto esclusivo o principale l&#8217;esercizio di attivit\u00e0 commerciali.<\/p>\n<p style=\"text-align: justify;\">Indipendentemente alla redazione del rendiconto annuale economico e finanziario, gli enti non commerciali che effettuano raccolte pubbliche di fondi devono redigere, entro quattro mesi dalla chiusura dell&#8217;esercizio, un apposito e separato rendiconto tenuto e conservato ai sensi dell&#8217;articolo 22, dal quale devono risultare, anche a mezzo di una relazione illustrativa, in modo chiaro e trasparente, le entrate e le spese relative a ciascuna delle celebrazioni, ricorrenze o campagne di sensibilizzazione indicate nell&#8217;articolo 108, comma 2-bis, lettera a), testo unico delle imposte sui redditi, approvato con decreto del Presidente della Repubblica 22 dicembre 1986, n. 917.<\/p>\n<p style=\"text-align: justify;\">Gli enti soggetti alla determinazione forfetaria del reddito ai sensi del comma 1 dell&#8217;articolo 109-bis del testo unico delle imposte sui redditi, approvato con decreto del Presidente della Repubblica 22 dicembre 1986, n. 917, che abbiano conseguito nell&#8217;anno solare precedente ricavi non superiori a lire 30 milioni, relativamente alle attivit\u00e0 di prestazione di servizi, ovvero a lire 50 milioni negli altri casi, assolvono gli obblighi contabili di cui all&#8217;articolo 18, secondo le disposizioni di cui al comma 166 dell&#8217;articolo 3 della legge 23 dicembre 1996, n. 662.<\/p>\n<p style=\"text-align: center;\"><strong>Art. 21.<\/strong><\/p>\n<p style=\"text-align: center;\"><strong>Scritture contabili dei sostituti d&#8217;imposta<\/strong><em><em><strong>\u00a0<\/strong><\/em><\/em><\/p>\n<p style=\"text-align: justify;\">1. I soggetti indicati nel terzo comma dell&#8217;articolo 13 devono indicare, per ciascun dipendente, nel libro matricola o in altri libri obbligatori tenuti ai sensi della vigente legislazione sul lavoro, le detrazioni di cui agli articoli 12 e 13 del testo unico delle imposte sui redditi, approvato con decreto del Presidente della Repubblica 22 dicembre 1986, n. 917, attribuite in base alla richiesta del dipendente effettuata a norma dell&#8217;articolo 23. Le somme e i valori corrisposti a ciascun dipendente devono risultare dal libro paga o da documenti equipollenti tenuti ai sensi della vigente legislazione sul lavoro.))<\/p>\n<p>&nbsp;<\/p>\n<p style=\"text-align: center;\"><strong>Art. 22.<\/strong><\/p>\n<p style=\"text-align: center;\"><strong>Tenuta e conservazione delle scritture contabili<\/strong><\/p>\n<p style=\"text-align: justify;\">Fermo restando quanto stabilito dal codice civile per il libro giornale e per il libro degli inventari e dalle leggi speciali per i libri e registri da esse prescritti, le scritture contabili di cui ai precedenti articoli, ad eccezione delle scritture ausiliarie di cui alla lettera c) e alla lettera d) del primo comma dell&#8217;articolo 14, devono essere tenute a norma dell&#8217;articolo 2219 del codice stesso e numerate progressivamente in ogni pagina, in esenzione dall&#8217;imposta di bollo. Le registrazioni nelle scritture cronologiche e nelle scritture ausiliarie di magazzino devono essere eseguite non oltre sessanta giorni.<\/p>\n<p style=\"text-align: justify;\">Le scritture contabili obbligatorie ai sensi del presente decreto, di altre leggi tributarie, del codice civile o di leggi speciali devono essere conservate fino a quando non siano definiti gli accertamenti relativi al corrispondente periodo d&#8217;imposta anche oltre il termine stabilito dall&#8217;articolo 2220 del codice civile o da altre leggi tributarie, salvo il disposto dell&#8217;articolo 2457 del detto codice. Gli eventuali supporti meccanografici, elettronici e similari devono essere conservati fino a quando i dati contabili in essi contenuti non siano stati stampati sui libri e registri previsti dalle vigenti disposizioni di legge. L&#8217;autorit\u00e0 adita in sede contenziosa pu\u00f2 limitare l&#8217;obbligo di conservazione alle scritture rilevanti per la risoluzione della controversia in corso.<\/p>\n<p style=\"text-align: justify;\">Fino allo stesso termine di cui al precedente comma devono essere conservati ordinatamente, per ciascun affare, gli originali delle lettere, dei telegrammi e delle fatture ricevuti e le copie delle lettere e dei telegrammi spediti e delle fatture emesse.<\/p>\n<p style=\"text-align: justify;\">Con decreti del Ministro per le finanze potranno essere determinate modalit\u00e0 semplificative per la tenuta del registro dei beni ammortizzabili e del registro riepilogativo di magazzino, in considerazione delle caratteristiche dei vari settori di attivit\u00e0.<\/p>\n<\/div>\n","protected":false},"excerpt":{"rendered":"<p><a class=\"ninja_pages_read_more\"  href=\"https:\/\/www.teamartist.com\/blog\/scritture-contabili\/\"><\/a><\/p>\n","protected":false},"author":1,"featured_media":14491,"parent":0,"menu_order":0,"comment_status":"closed","ping_status":"open","template":"","format":[],"meta":{"ns_format_proposto":0,"ns_tipologia_proposta":0,"ns_tag_proposti":[],"ns_argomento_proposto":0,"ns_categoria_proposta":0,"ns_check_query_entries":[],"ns_valutazione_query_keywords":[],"ns_pagespeed_results":[],"footnotes":""},"categories":[707],"tags":[],"tipologia":[],"argomento":[],"class_list":["post-5770","page","type-page","status-publish","has-post-thumbnail","hentry","category-commercialista_per_associazioni"],"_links":{"self":[{"href":"https:\/\/www.teamartist.com\/blog\/wp-json\/wp\/v2\/pages\/5770","targetHints":{"allow":["GET"]}}],"collection":[{"href":"https:\/\/www.teamartist.com\/blog\/wp-json\/wp\/v2\/pages"}],"about":[{"href":"https:\/\/www.teamartist.com\/blog\/wp-json\/wp\/v2\/types\/page"}],"author":[{"embeddable":true,"href":"https:\/\/www.teamartist.com\/blog\/wp-json\/wp\/v2\/users\/1"}],"replies":[{"embeddable":true,"href":"https:\/\/www.teamartist.com\/blog\/wp-json\/wp\/v2\/comments?post=5770"}],"version-history":[{"count":0,"href":"https:\/\/www.teamartist.com\/blog\/wp-json\/wp\/v2\/pages\/5770\/revisions"}],"wp:featuredmedia":[{"embeddable":true,"href":"https:\/\/www.teamartist.com\/blog\/wp-json\/wp\/v2\/media\/14491"}],"wp:attachment":[{"href":"https:\/\/www.teamartist.com\/blog\/wp-json\/wp\/v2\/media?parent=5770"}],"wp:term":[{"taxonomy":"category","embeddable":true,"href":"https:\/\/www.teamartist.com\/blog\/wp-json\/wp\/v2\/categories?post=5770"},{"taxonomy":"post_tag","embeddable":true,"href":"https:\/\/www.teamartist.com\/blog\/wp-json\/wp\/v2\/tags?post=5770"},{"taxonomy":"tipologia","embeddable":true,"href":"https:\/\/www.teamartist.com\/blog\/wp-json\/wp\/v2\/tipologia?post=5770"},{"taxonomy":"argomento","embeddable":true,"href":"https:\/\/www.teamartist.com\/blog\/wp-json\/wp\/v2\/argomento?post=5770"},{"taxonomy":"format","embeddable":true,"href":"https:\/\/www.teamartist.com\/blog\/wp-json\/wp\/v2\/format?post=5770"}],"curies":[{"name":"wp","href":"https:\/\/api.w.org\/{rel}","templated":true}]}}