{"id":5685,"date":"2014-02-17T12:29:13","date_gmt":"2014-02-17T11:29:13","guid":{"rendered":"http:\/\/www.teamartist.com\/blog\/?page_id=5685"},"modified":"2019-11-11T10:46:24","modified_gmt":"2019-11-11T09:46:24","slug":"libro-i-titolo-ii-capo-iii","status":"publish","type":"page","link":"https:\/\/www.teamartist.com\/blog\/libro-i-titolo-ii-capo-iii\/","title":{"rendered":"Codice Civile: Associazioni NON Riconosciute e Comitati"},"content":{"rendered":"<h2><strong>Libro I, Titolo II, Capo III<\/strong><\/h2>\n<h2><b>Delle associazioni non riconosciute e dei comitati<\/b><\/h2>\n<p>&nbsp;<\/p>\n<p style=\"text-align: center;\"><b><b>Art. 36.<br \/>\nOrdinamento e amministrazione delle associazioni non riconosciute.<\/b><br \/>\n<\/b><\/p>\n<p style=\"text-align: justify;\">L&#8217;ordinamento interno e l&#8217;amministrazione delle associazioni non riconosciute come persone giuridiche sono regolati dagli accordi degli associati.<\/p>\n<p style=\"text-align: justify;\">Le dette associazioni possono stare in giudizio nella persona di coloro ai quali, secondo questi accordi, \u00e8 conferita la presidenza o la direzione.<\/p>\n<p style=\"text-align: center;\"><b>Art. 37.<br \/>\nFondo comune.<\/b><\/p>\n<p style=\"text-align: justify;\">I contributi degli associati e i beni acquistati con questi contributi costituiscono il fondo comune dell&#8217;associazione.<\/p>\n<p style=\"text-align: justify;\">Finch\u00e9 questa dura, i singoli associati non possono chiedere la divisione del fondo comune, n\u00e9 pretenderne la quota in caso di recesso<b>.<\/b><\/p>\n<p style=\"text-align: center;\"><b>Art. 38.<br \/>\nObbligazioni.<\/b><\/p>\n<p style=\"text-align: justify;\">Per le obbligazioni assunte dalle persone che rappresentano l&#8217;associazione, i terzi possono far valere i loro diritti sul fondo comune. Delle obbligazioni stesse rispondono anche personalmente e solidalmente le persone che hanno agito in nome e per conto dell&#8217;associazione.<\/p>\n<p style=\"text-align: center;\"><b>Art. 39.<br \/>\nComitati.<\/b><\/p>\n<p style=\"text-align: justify;\">I comitati di soccorso o di beneficenza e i comitati promotori di opere pubbliche, monumenti, esposizioni, mostre, festeggiamenti e simili sono regolati dalle disposizioni seguenti, salvo quanto \u00e8 stabilito nelle leggi speciali.<\/p>\n<p style=\"text-align: center;\">\n<p style=\"text-align: center;\"><b>Art. 40.<br \/>\nResponsabilit\u00e0 degli organizzatori.<\/b><\/p>\n<p style=\"text-align: justify;\">Gli organizzatori e coloro che assumono la gestione dei fondi raccolti sono responsabili personalmente e solidalmente della conservazione dei fondi e della loro destinazione allo scopo annunziato.<\/p>\n<p style=\"text-align: center;\">\n<p style=\"text-align: center;\"><b>Art. 41.<br \/>\nResponsabilit\u00e0 dei componenti. Rappresentanza in giudizio.<\/b><\/p>\n<p style=\"text-align: justify;\">Qualora il comitato non abbia ottenuto la personalit\u00e0 giuridica, i suoi componenti rispondono personalmente e solidalmente delle obbligazioni assunte. I sottoscrittori sono tenuti soltanto a effettuare le oblazioni promesse.<\/p>\n<p style=\"text-align: justify;\">Il comitato pu\u00f2 stare in giudizio nella persona del presidente.<\/p>\n<p style=\"text-align: center;\">\n<p style=\"text-align: center;\"><b>Art. 42.<br \/>\nDiversa destinazione dei fondi.<\/b><\/p>\n<p style=\"text-align: justify;\">Qualora i fondi raccolti siano insufficienti allo scopo, o questo non sia pi\u00f9 attuabile, o, raggiunto lo scopo, si abbia un residuo di fondi, l&#8217;autorit\u00e0 governativa stabilisce la devoluzione dei beni, se questa non \u00e8 stata disciplinata al momento della costituzione.<\/p>\n","protected":false},"excerpt":{"rendered":"<p><a class=\"ninja_pages_read_more\"  href=\"https:\/\/www.teamartist.com\/blog\/libro-i-titolo-ii-capo-iii\/\"><\/a><\/p>\n","protected":false},"author":1,"featured_media":14496,"parent":0,"menu_order":0,"comment_status":"closed","ping_status":"open","template":"","format":[],"meta":{"ns_format_proposto":0,"ns_tipologia_proposta":0,"ns_tag_proposti":[],"ns_argomento_proposto":0,"ns_categoria_proposta":0,"ns_check_query_entries":[],"ns_valutazione_query_keywords":[],"ns_pagespeed_results":[],"footnotes":""},"categories":[749],"tags":[906,914],"tipologia":[],"argomento":[],"class_list":["post-5685","page","type-page","status-publish","has-post-thumbnail","hentry","category-consulenza","tag-associazione_no_profit","tag-leggi_e_normative"],"_links":{"self":[{"href":"https:\/\/www.teamartist.com\/blog\/wp-json\/wp\/v2\/pages\/5685","targetHints":{"allow":["GET"]}}],"collection":[{"href":"https:\/\/www.teamartist.com\/blog\/wp-json\/wp\/v2\/pages"}],"about":[{"href":"https:\/\/www.teamartist.com\/blog\/wp-json\/wp\/v2\/types\/page"}],"author":[{"embeddable":true,"href":"https:\/\/www.teamartist.com\/blog\/wp-json\/wp\/v2\/users\/1"}],"replies":[{"embeddable":true,"href":"https:\/\/www.teamartist.com\/blog\/wp-json\/wp\/v2\/comments?post=5685"}],"version-history":[{"count":0,"href":"https:\/\/www.teamartist.com\/blog\/wp-json\/wp\/v2\/pages\/5685\/revisions"}],"wp:featuredmedia":[{"embeddable":true,"href":"https:\/\/www.teamartist.com\/blog\/wp-json\/wp\/v2\/media\/14496"}],"wp:attachment":[{"href":"https:\/\/www.teamartist.com\/blog\/wp-json\/wp\/v2\/media?parent=5685"}],"wp:term":[{"taxonomy":"category","embeddable":true,"href":"https:\/\/www.teamartist.com\/blog\/wp-json\/wp\/v2\/categories?post=5685"},{"taxonomy":"post_tag","embeddable":true,"href":"https:\/\/www.teamartist.com\/blog\/wp-json\/wp\/v2\/tags?post=5685"},{"taxonomy":"tipologia","embeddable":true,"href":"https:\/\/www.teamartist.com\/blog\/wp-json\/wp\/v2\/tipologia?post=5685"},{"taxonomy":"argomento","embeddable":true,"href":"https:\/\/www.teamartist.com\/blog\/wp-json\/wp\/v2\/argomento?post=5685"},{"taxonomy":"format","embeddable":true,"href":"https:\/\/www.teamartist.com\/blog\/wp-json\/wp\/v2\/format?post=5685"}],"curies":[{"name":"wp","href":"https:\/\/api.w.org\/{rel}","templated":true}]}}