{"id":247,"date":"2012-04-10T15:12:19","date_gmt":"2012-04-10T14:12:19","guid":{"rendered":"http:\/\/www.teamartist.com\/blog\/?page_id=247"},"modified":"2019-11-11T10:46:54","modified_gmt":"2019-11-11T09:46:54","slug":"esempio-di-un-atto-costitutivo-di-una-associazione-non-sportiva","status":"publish","type":"page","link":"https:\/\/www.teamartist.com\/blog\/prontuario\/esempio-di-un-atto-costitutivo-di-una-associazione-non-sportiva\/","title":{"rendered":"Esempio di Atto Costitutivo di una Associazione non sportiva"},"content":{"rendered":"<h2 style=\"text-align: center;\">Esempio di Atto Costitutivo di una Associazione non sportiva<\/h2>\n<p align=\"CENTER\">\u00a0<\/p>\n<p align=\"LEFT\"><em>La corretta stesura di uno Statuto e di un Atto Costitutivo non possono prescindere da una corretta e consapevole impostazione gestionale coerente con la normativa, e questo non pu\u00f2 essere trasmesso mediante format precostituiti a monte. Lo Statuto \u00e8 solo un piccolo tassello di questo processo. Non pensate quindi di aver risolto il 99% dei vostri problemi perch\u00e9 avete \u201ctrovato\u201d gratis questo Statuto!<\/em><\/p>\n<p align=\"JUSTIFY\"><em>Le bozze di uno Statuto vanno personalizzate e rese coerenti con una impostazione che \u00e8 (sempre di pi\u00f9) complessa. Per far ci\u00f2 \u00e8 SEMPRE consigliabile affidarsi ad un professionista.<\/em><\/p>\n<p align=\"CENTER\">\u00a0<\/p>\n<p align=\"CENTER\"><strong>ATTO COSTITUTIVO DELL&#8217;ASSOCIAZIONE<\/strong><\/p>\n<p align=\"CENTER\">&#8220;___________________________________&#8221;<\/p>\n<p>&nbsp;<\/p>\n<p>&nbsp;<\/p>\n<p style=\"text-align: justify;\">In data _______________ , in ___________________ (___) Via ________________________ n\u00b0___ , si sono riuniti i Sigg.ri:<\/p>\n<ul style=\"text-align: justify;\">\n<li>\n<p align=\"JUSTIFY\">______________________________________ , nato\/a a __________________ (___) il ________________ , residente in\u00a0_____________________ (___) Via ________________________ n\u00b0___ ,\u00a0carta d&#8217;identit\u00e0 n\u00b0 ___________________ , codice fiscale ______________________<\/p>\n<\/li>\n<li>\n<p align=\"JUSTIFY\">______________________________________ , nato\/a a __________________ (___) il ________________ , residente in\u00a0_____________________ (___) Via ________________________ n\u00b0___ ,\u00a0carta d&#8217;identit\u00e0 n\u00b0 ___________________ , codice fiscale ______________________<\/p>\n<\/li>\n<li style=\"text-align: justify;\">______________________________________ , nato\/a a __________________ (___) il ________________ , residente in\u00a0_____________________ (___) Via ________________________ n\u00b0___ ,\u00a0carta d&#8217;identit\u00e0 n\u00b0 ___________________ , codice fiscale ______________________<\/li>\n<li style=\"text-align: justify;\">______________________________________ , nato\/a a __________________ (___) il ________________ , residente in\u00a0_____________________ (___) Via ________________________ n\u00b0___ ,\u00a0carta d&#8217;identit\u00e0 n\u00b0 ___________________ , codice fiscale ______________________<\/li>\n<\/ul>\n<p style=\"text-align: justify;\">per costituire una Associazione senza fini di lucro il cui scopo \u00e8 ___________________________________________________________________.<\/p>\n<p style=\"text-align: justify;\">I presenti designano, in qualit\u00e0 di Presidente dell\u2019Assemblea, il Sig.________________________________\u00a0, il quale accetta e nomina \u00a0il Sig.________________________________\u00a0\u00a0quale Segretario ed estensore del presente atto.<\/p>\n<p style=\"text-align: justify;\">Il Presidente dell\u2019Assemblea illustra i motivi che hanno spinto i presenti a farsi promotori\u00a0dell\u2019iniziativa volta a costituire una tale Associazione;\u00a0d\u00e0 quindi lettura dello Statuto (che si riporta in calce al presente atto),\u00a0comprendente pi\u00f9 dettagliatamente l&#8217;oggetto sociale della costituenda Associazione. Lo Statuto,\u00a0dopo ampia\u00a0e proficua discussione, viene posto in votazione ed approvato all\u2019unanimit\u00e0.<\/p>\n<p style=\"text-align: justify;\">L\u2019Assemblea delibera quindi che l&#8217;Associazione venga denominata \u201c______________________________\u201d, e che la sua sede legale venga posta in ____________________ (___), Via _________________________ n\u00b0___. La proposta viene approvata all\u2019unanimit\u00e0.<\/p>\n<p style=\"text-align: justify;\">Nella sua prima riunione l&#8217;Assemblea nomina il primo Consiglio Direttivo, in carica fino al ________________ ,\u00a0nelle persone di:\u00a0<\/p>\n<p>Sig. ________________________________ \u00a0Presidente;<\/p>\n<p>Sig. ________________________________ \u00a0Vice-Presidente;<\/p>\n<p>Sig. ________________________________ \u00a0Consigliere;\u00a0<\/p>\n<div>\n<p>Sig. ________________________________ \u00a0Consigliere;\u00a0<\/p>\n<\/div>\n<p>Sig. ________________________________ \u00a0Segretario;\u00a0<\/p>\n<p>Sig. ________________________________ \u00a0Tesoriere.<\/p>\n<p>Detto Consiglio Direttivo sar\u00e0 modificato o ratificato in successive apposite elezioni.\u00a0<\/p>\n<p>Non essendovi altro da deliberare il Presidente scioglie l\u2019Assemblea.<\/p>\n<p>&nbsp;<\/p>\n<p>Luogo e data \u00a0______________________________<\/p>\n<p>&nbsp;<\/p>\n<p>Letto, approvato e sottoscritto<em> (seguono le firme di tutti i soci fondatori)<\/em><\/p>\n<p>________________________________ \u00a0<br \/>________________________________ \u00a0<br \/>________________________________ \u00a0<br \/>________________________________ \u00a0<br \/>________________________________ \u00a0<\/p>\n<p>&nbsp;<\/p>\n","protected":false},"excerpt":{"rendered":"<p><a class=\"ninja_pages_read_more\"  href=\"https:\/\/www.teamartist.com\/blog\/prontuario\/esempio-di-un-atto-costitutivo-di-una-associazione-non-sportiva\/\"><\/a><\/p>\n","protected":false},"author":1,"featured_media":14506,"parent":109,"menu_order":37,"comment_status":"closed","ping_status":"closed","template":"prontuario.php","format":[],"meta":{"ns_format_proposto":0,"ns_tipologia_proposta":0,"ns_tag_proposti":[],"ns_argomento_proposto":0,"ns_categoria_proposta":0,"ns_check_query_entries":[],"ns_valutazione_query_keywords":[],"ns_pagespeed_results":[],"footnotes":""},"categories":[863],"tags":[869,875,879,881],"tipologia":[],"argomento":[],"class_list":["post-247","page","type-page","status-publish","has-post-thumbnail","hentry","category-costituireassociazione","tag-atto-costitutivo-associazione","tag-costituire_associazione_culturale","tag-costituire_associazione_di_volontariato_-_odv","tag-costituire_associazione_no_profit"],"_links":{"self":[{"href":"https:\/\/www.teamartist.com\/blog\/wp-json\/wp\/v2\/pages\/247","targetHints":{"allow":["GET"]}}],"collection":[{"href":"https:\/\/www.teamartist.com\/blog\/wp-json\/wp\/v2\/pages"}],"about":[{"href":"https:\/\/www.teamartist.com\/blog\/wp-json\/wp\/v2\/types\/page"}],"author":[{"embeddable":true,"href":"https:\/\/www.teamartist.com\/blog\/wp-json\/wp\/v2\/users\/1"}],"replies":[{"embeddable":true,"href":"https:\/\/www.teamartist.com\/blog\/wp-json\/wp\/v2\/comments?post=247"}],"version-history":[{"count":0,"href":"https:\/\/www.teamartist.com\/blog\/wp-json\/wp\/v2\/pages\/247\/revisions"}],"up":[{"embeddable":true,"href":"https:\/\/www.teamartist.com\/blog\/wp-json\/wp\/v2\/pages\/109"}],"wp:featuredmedia":[{"embeddable":true,"href":"https:\/\/www.teamartist.com\/blog\/wp-json\/wp\/v2\/media\/14506"}],"wp:attachment":[{"href":"https:\/\/www.teamartist.com\/blog\/wp-json\/wp\/v2\/media?parent=247"}],"wp:term":[{"taxonomy":"category","embeddable":true,"href":"https:\/\/www.teamartist.com\/blog\/wp-json\/wp\/v2\/categories?post=247"},{"taxonomy":"post_tag","embeddable":true,"href":"https:\/\/www.teamartist.com\/blog\/wp-json\/wp\/v2\/tags?post=247"},{"taxonomy":"tipologia","embeddable":true,"href":"https:\/\/www.teamartist.com\/blog\/wp-json\/wp\/v2\/tipologia?post=247"},{"taxonomy":"argomento","embeddable":true,"href":"https:\/\/www.teamartist.com\/blog\/wp-json\/wp\/v2\/argomento?post=247"},{"taxonomy":"format","embeddable":true,"href":"https:\/\/www.teamartist.com\/blog\/wp-json\/wp\/v2\/format?post=247"}],"curies":[{"name":"wp","href":"https:\/\/api.w.org\/{rel}","templated":true}]}}