{"id":243,"date":"2012-04-10T15:04:16","date_gmt":"2012-04-10T14:04:16","guid":{"rendered":"http:\/\/www.teamartist.com\/blog\/?page_id=243"},"modified":"2019-11-11T10:46:49","modified_gmt":"2019-11-11T09:46:49","slug":"esempio-di-uno-statuto-di-una-associazione-sportiva-dilettantistica","status":"publish","type":"page","link":"https:\/\/www.teamartist.com\/blog\/prontuario\/esempio-di-uno-statuto-di-una-associazione-sportiva-dilettantistica\/","title":{"rendered":"Esempio di Statuto di una ASD"},"content":{"rendered":"<p style=\"text-align: left;\"><span style=\"color: #ffffff;\">c<\/span><\/p>\n<p style=\"text-align: left;\"><span style=\"color: #ff0000;\">AGGIORNAMENTO 2017: attenzione, a seguito della Riforma del Terzo Settore <a href=\"https:\/\/www.teamartist.com\/blog\/2012\/04\/18\/il-vostro-statuto-e-in-regola-per-poter-godere-del-regime-fiscale-agevolato\/\">consigliamo la lettura di questo post<\/a>.<\/span><\/p>\n<p style=\"text-align: left;\">\n<h2 style=\"text-align: center;\">Esempio di Statuto di una ASD<\/h2>\n<p style=\"text-align: justify;\" align=\"LEFT\"><em>La corretta stesura di uno Statuto e di un Atto Costitutivo non possono prescindere da una corretta e consapevole impostazione gestionale coerente con la normativa, e questo non pu\u00f2 essere trasmesso mediante format precostituiti a monte. Lo Statuto \u00e8 solo un piccolo tassello di questo processo. Non pensate quindi di aver risolto il 99% dei vostri problemi perch\u00e9 avete \u201ctrovato\u201d gratis questo Statuto!<\/em><\/p>\n<p style=\"text-align: justify;\" align=\"JUSTIFY\"><em>Le bozze di uno Statuto vanno personalizzate e rese coerenti con una impostazione che \u00e8 (sempre di pi\u00f9) complessa. Per far ci\u00f2 \u00e8 SEMPRE consigliabile affidarsi ad un professionista.<\/em><\/p>\n<p align=\"CENTER\"><strong>STATUTO DELL&#8217;ASSOCIAZIONE &#8220;____________________ &#8211; ASD&#8221;<br \/>\n<\/strong><\/p>\n<p align=\"JUSTIFY\"><strong>Denominazione e sede<br \/>\n<\/strong><\/p>\n<p style=\"text-align: justify;\" align=\"JUSTIFY\"><strong>Art. 1)<\/strong> Ai sensi degli artt. 36 e seguenti del Codice Civile, \u00e8 costituita l\u2019Associazione Sportiva Dilettantistica senza fine di lucro denominata:<\/p>\n<p style=\"text-align: justify;\" align=\"JUSTIFY\">\u201c__________________________ &#8211; ASSOCIAZIONE SPORTIVA DILETTANTISTICA<em>\u201d.<\/em><\/p>\n<p style=\"text-align: justify;\">L&#8217;Associazione si conforma alle norme e alle direttive degli organismi dell\u2019ordinamento sportivo, con particolare riferimento alle disposizioni del CONI, nonch\u00e9 agli Statuti ed ai Regolamenti delle Federazioni sportive nazionali o dell\u2019ente di promozione sportiva cui l\u2019Associazione si affilia mediante delibera del Consiglio Direttivo.<\/p>\n<p style=\"text-align: justify;\"><strong>Art. 2)<\/strong> L\u2019Associazione ha sede in\u00a0 _________________ (____), Via _________________ n.____<\/p>\n<p align=\"JUSTIFY\"><strong>Finalit\u00e0<\/strong><\/p>\n<p align=\"JUSTIFY\"><strong>Art. 3)<\/strong> L\u2019Associazione \u00e8 un&#8217;istituzione a carattere autonomo, libero, apolitico ed aconfessionale; non persegue scopi di lucro e vieta la distribuzione, anche in forma indiretta, di utili o avanzi di gestione nonch\u00e9 di fondi, riserve o capitale durante la vita dell&#8217;Associazione stessa, salvo che la destinazione o la distribuzione non siano imposte dalla legge. L&#8217;Associazione opera per fini sportivi, ricreativi e culturali per l&#8217;esclusivo soddisfacimento di interessi collettivi, e non discrimina in base al sesso, alla religione, alla razza e alle condizioni socio-economiche.<\/p>\n<p align=\"JUSTIFY\"><strong>Art. 4)<\/strong> L&#8217;Associazione ha per scopo l&#8217;organizzazione e l&#8217;esercizio di attivit\u00e0 sportive dilettantistiche; in particolare l&#8217;Associazione si propone quale scopo principale la promozione, la diffusione, la tutela e lo sviluppo del\/della<em> (indicare l&#8217;attivit\u00e0 sportiva) <\/em>e delle discipline sportive collegate,\u00a0compresa l&#8217;attivit\u00e0 didattica per l&#8217;avvio, l&#8217;aggiornamento e il perfezionamento nelle medesime attivit\u00e0 sportive.<\/p>\n<p align=\"JUSTIFY\">L\u2019Associazione potr\u00e0 svolgere attivit\u00e0 accessorie che si considerano integrative e funzionali allo sviluppo dell\u2019attivit\u00e0 istituzionale; potr\u00e0 altres\u00ec svolgere attivit\u00e0 di tipo commerciale nel rispetto delle vigenti normative fiscali e amministrative. L&#8217;Associazione potr\u00e0, inoltre, reperire spazi ed impianti, anche tramite convenzioni con enti pubblici o privati, per lo svolgimento dell&#8217;attivit\u00e0 istituzionale.<\/p>\n<p align=\"JUSTIFY\"><strong>Durata<\/strong><\/p>\n<p align=\"JUSTIFY\"><strong>Art. 5) <\/strong>La durata dell\u2019Associazione \u00e8 illimitata e la stessa potr\u00e0 essere sciolta solo con delibera dell\u2019Assemblea Straordinaria degli Associati.<strong><br \/>\n<\/strong><\/p>\n<p align=\"JUSTIFY\"><strong>Soci<\/strong><\/p>\n<p align=\"JUSTIFY\"><strong>Art. 6)<\/strong> Possono essere soci dell\u2019Associazione tutti coloro che ne condividono le finalit\u00e0 ed i principi ispiratori e ne accettino lo Statuto. Il rapporto associativo e le modalit\u00e0 associative sono volte a garantire l\u2019effettivit\u00e0 del rapporto medesimo; pertanto la partecipazione alla vita associativa non potr\u00e0 essere temporanea. Fra gli aderenti all&#8217;Associazione esistono parit\u00e0 di diritti e di doveri.<\/p>\n<p align=\"JUSTIFY\"><strong>Art. 7)<\/strong> L&#8217;ammissione all\u2019Associazione \u00e8 deliberata dal Consiglio Direttivo su richiesta dell\u2019aspirante socio. Le domande di ammissione a socio presentate da minorenni\u00a0 dovranno essere controfirmate dall\u2019esercente la patria potest\u00e0. Il genitore che sottoscrive la domanda rappresenta il minore a tutti gli effetti nei confronti dell\u2019Associazione e risponde verso la stessa per tutte le obbligazioni dell\u2019associato minorenne.<\/p>\n<p align=\"JUSTIFY\"><strong>Art. 8 )<\/strong> Tutti i soci hanno diritto di:<\/p>\n<ul>\n<li style=\"text-align: justify;\">partecipare a tutte le attivit\u00e0 promosse dall&#8217;Associazione;<\/li>\n<li style=\"text-align: justify;\">partecipare alla vita associativa, esprimendo il proprio voto nelle sedi deputate, anche per l&#8217;approvazione e le modificazioni dello Statuto e di eventuali regolamenti;<\/li>\n<li style=\"text-align: justify;\">godere\u00a0 dell\u2019elettorato\u00a0 attivo e passivo per la nomina degli Organi Direttivi dell\u2019Associazione.<\/li>\n<\/ul>\n<p style=\"text-align: justify;\">I soci minorenni non hanno diritto di voto attivo e passivo, come meglio specificato nell&#8217;art. 16 del presente Statuto.<\/p>\n<p align=\"JUSTIFY\"><strong>Art. 9)<\/strong> Gli associati hanno l&#8217;obbligo di osservare lo Statuto, di rispettare le decisioni degli Organi dell\u2019Associazione e di corrispondere le quote associative. Tali quote non sono trasmissibili n\u00e9 rivalutabili.<\/p>\n<p align=\"JUSTIFY\"><strong>Art. 10)\u00a0<\/strong>La qualifica di socio non \u00e8 temporanea e si perde per dimissioni volontarie, espulsione, decesso.<\/p>\n<p align=\"JUSTIFY\">Le dimissioni da socio devono essere presentate per iscritto al Consiglio Direttivo.<\/p>\n<p align=\"JUSTIFY\">L&#8217;espulsione \u00e8 prevista quando il socio non ottemperi alle disposizioni del presente Statuto e di eventuali regolamenti, si renda moroso o ponga in essere comportamenti che provocano danni materiali o all&#8217;immagine dell\u2019Associazione. L&#8217;espulsione \u00e8 deliberata dal Consiglio Direttivo, a maggioranza assoluta dei suoi membri, e comunicata mediante lettera al socio interessato. Contro il suddetto provvedimento il socio interessato pu\u00f2 presentare ricorso entro ____\u00a0 giorni dalla data di comunicazione dell&#8217;espulsione; il ricorso verr\u00e0 esaminato dall\u2019Assemblea\u00a0 nella prima riunione ordinaria.<\/p>\n<p align=\"JUSTIFY\"><strong>Art. 11)<\/strong> La perdita, per qualsiasi caso, della qualit\u00e0 di socio non d\u00e0 diritto alla restituzione di quanto versato all\u2019Associazione.<\/p>\n<p align=\"JUSTIFY\"><strong>Art. 12)<\/strong> Il decesso del socio non conferisce agli eredi alcun diritto nell\u2019ambito associativo.<\/p>\n<p align=\"JUSTIFY\"><strong>Assemblea dei soci<br \/>\n<\/strong><\/p>\n<p align=\"JUSTIFY\"><strong>Art. 13)<\/strong> Gli Organi dell\u2019Associazione sono: l&#8217;Assemblea dei soci, il Consiglio Direttivo e il Presidente.<\/p>\n<p align=\"JUSTIFY\"><strong>Art. 14) <\/strong>L&#8217;Assemblea dei soci \u00e8 l&#8217;organo sovrano dell\u2019Associazione; \u00e8 composta da tutti i soci per i quali sussiste tale qualifica al momento della convocazione e pu\u00f2 essere ordinaria o straordinaria.<\/p>\n<p align=\"JUSTIFY\"><strong>Art. 15)<\/strong> L&#8217;Assemblea \u00e8 convocata dal Presidente almeno una volta l&#8217;anno entro quattro mesi dalla chiusura dell\u2019esercizio sociale per l&#8217;approvazione del rendiconto economico-finanziario e, comunque, ogni volta che il Consiglio Direttivo lo ritenga opportuno, ovvero quando venga fatta richiesta da almeno ____\u00a0 dei soci, purch\u00e9 in regola con i versamenti delle quote associative.<\/p>\n<p align=\"JUSTIFY\">La convocazione dell\u2019Assemblea deve essere effettuata almeno ___ giorni prima della data della riunione mediante invio e-mail \/ lettera cartacea e pubblicazione dell\u2019avviso sulla home page del sito web dell&#8217;Associazione \/ affissione dell&#8217;avviso in maniera ben visibile nei locali in cui vengono svolte le attivit\u00e0 associative. L\u2019avviso di convocazione deve contenere il giorno, l\u2019ora ed il luogo della prima e della seconda convocazione, nonch\u00e9 l\u2019ordine del giorno.<\/p>\n<p align=\"JUSTIFY\"><strong>Art. 16)<\/strong> Possono intervenire all&#8217;Assemblea (ordinaria o straordinaria), con diritto di voto, tutti i soci maggiorenni purch\u00e9 in regola con il pagamento delle quote associative; a ciascun socio spetta un solo voto. I soci minorenni e\u00a0coloro che ne esercitano la potest\u00e0 genitoriale o la tutela\u00a0hanno diritto di ricevere la convocazione dell&#8217;Assemblea e di potervi\u00a0assistere, ma non hanno diritto n\u00e8 di parola n\u00e8 di voto attivo e passivo.<\/p>\n<p align=\"JUSTIFY\">E&#8217; ammesso l&#8217;intervento per delega da conferirsi per iscritto esclusivamente ad altro socio. Ogni socio non pu\u00f2 avere pi\u00f9 di una delega.<\/p>\n<p align=\"JUSTIFY\">Le votazioni dell&#8217;Assemblea avverranno, su indicazione della stessa, per alzata di mano, per appello nominale o con voto segreto.<\/p>\n<p align=\"JUSTIFY\"><strong>Art. 17) <\/strong>All&#8217;Assemblea spettano i seguenti compiti:<\/p>\n<p>IN SEDE ORDINARIA:<\/p>\n<ul>\n<li>approvare il rendiconto economico-finanziario dell&#8217;anno trascorso;<\/li>\n<li>eleggere il Presidente e il Consiglio Direttivo, stabilendone il numero dei componenti;<\/li>\n<li>eleggere i sostituti dei membri del Consiglio Direttivo eventualmente dimissionari;<\/li>\n<li>deliberare\u00a0 su ogni altro argomento di carattere ordinario e di interesse generale posto all&#8217;ordine del giorno.<\/li>\n<\/ul>\n<p>IN SEDE STRAORDINARIA:<\/p>\n<ul>\n<li>deliberare sulla trasformazione, fusione e scioglimento dell&#8217;Associazione;<\/li>\n<li>deliberare sulle proposte di modifica dello Statuto;<\/li>\n<li>deliberare\u00a0 su ogni altro argomento di carattere straordinario e di interesse generale posto all&#8217;ordine del giorno.<\/li>\n<\/ul>\n<p align=\"JUSTIFY\"><strong>Art. 18) <\/strong>L&#8217;Assemblea ordinaria, presieduta dal Presidente del Consiglio Direttivo, il quale nomina fra i soci un segretario verbalizzante, \u00e8 validamente costituita in prima convocazione con la presenza del 50% pi\u00f9 uno dei soci, in seconda convocazione qualunque sia il numero dei soci presenti.<\/p>\n<p align=\"JUSTIFY\">L&#8217;Assemblea ordinaria delibera validamente, sia in prima che in seconda convocazione,\u00a0con la maggioranza del 50% pi\u00f9 uno dei presenti su tutte le questioni poste all\u2019ordine del giorno.<\/p>\n<p align=\"JUSTIFY\">Tra la prima e la seconda convocazione deve intercorrere almeno un\u2019ora.<\/p>\n<p align=\"JUSTIFY\"><strong>Art. 19) <\/strong>L\u2019Assemblea straordinaria \u00e8 presieduta da un Presidente nominato dall\u2019Assemblea stessa a maggioranza semplice, il quale nomina a sua volta fra i soci un segretario verbalizzante.<\/p>\n<p align=\"JUSTIFY\">Per modificare l&#8217;atto costitutivo e lo statuto, l&#8217;Assemblea Straordinaria \u00e8 validamente costituita con la presenza di almeno tre quarti degli associati\u00a0e delibera con la maggioranza del 50% pi\u00f9 uno dei presenti.<\/p>\n<p align=\"JUSTIFY\">Per deliberare lo scioglimento dell&#8217;Associazione e la devoluzione del patrimonio, occorre il voto favorevole di almeno tre quarti degli associati.<\/p>\n<p align=\"JUSTIFY\"><strong>Art. 20) <\/strong>Tutte le delibere assembleari ed i rendiconti, oltre ad essere debitamente trascritti nel libro dei verbali delle Assemblee dei soci, sono pubblicizzati ai soci con l\u2019esposizione per ___ giorni dopo l\u2019approvazione nella sede dell\u2019Associazione Sportiva Dilettantistica.<\/p>\n<p align=\"JUSTIFY\"><strong>Consiglio Direttivo e Presidente<\/strong><\/p>\n<p align=\"JUSTIFY\"><strong>Art. 21)<\/strong> Il Consiglio Direttivo \u00e8 l&#8217;Organo esecutivo e gestionale dell\u2019Associazione ed \u00e8 eletto dall\u2019Assemblea ogni __ anni. Esso \u00e8 composto da un minimo di __ a un massimo di __ membri, ivi compreso il Presidente che ne \u00e8 membro di diritto. I membri del Consiglio sono rieleggibili e tutti gli incarichi si intendono a titolo gratuito, fatto salvo il rimborso delle spese sostenute in conseguenza della carica ricoperta. Il Consiglio Direttivo pu\u00f2 essere revocato dall\u2019Assemblea Soci; esso rimarr\u00e0 in carica comunque fino all&#8217;elezione del nuovo. In caso di dimissioni di un componente del Consiglio Direttivo, viene cooptato il primo dei non eletti.<\/p>\n<p align=\"JUSTIFY\">All\u2019interno del Consiglio Direttivo saranno nominati uno o pi\u00f9 vice Presidenti, un Segretario e un Tesoriere. Al Presidente, che ha la rappresentanza legale dell\u2019Associazione Sportiva dilettantistica, potranno essere delegati parte dei poteri spettanti al Consiglio Direttivo.<\/p>\n<p align=\"JUSTIFY\">Gli Amministratori non possono ricoprire la medesima carica in altre societ\u00e0 e associazioni sportive nell&#8217;ambito della medesima federazione sportiva o disciplina associata, ovvero nella medesima disciplina facente capo ad un ente di promozione sportiva.<\/p>\n<p style=\"text-align: justify;\" align=\"JUSTIFY\"><strong>Art. 22)<\/strong> Il Consiglio Direttivo \u00e8 dotato dei pi\u00f9 ampi poteri per la gestione ordinaria e straordinaria dell\u2019Associazione. Al Consiglio Direttivo competono in particolare:<\/p>\n<ul style=\"text-align: justify;\">\n<li>le decisioni inerenti le spese ordinarie e straordinarie, di esercizio e in c\/capitale, per la gestione dell\u2019Associazione;<\/li>\n<li>le decisioni relative alle attivit\u00e0 e ai servizi istituzionali, complementari e commerciali da intraprendere per il migliore conseguimento delle finalit\u00e0 istituzionali dell\u2019Associazione;<\/li>\n<li>le decisioni inerenti la direzione del personale dipendente e il coordinamento dei collaboratori e dei professionisti di cui si avvale l\u2019Associazione;<\/li>\n<li>la redazione annuale del rendiconto economico-finanziario da sottoporre all\u2019approvazione dell\u2019Assemblea entro i quattro mesi dalla chiusura dell&#8217;esercizio;<\/li>\n<li>la presentazione di un piano programmatico relativo alle attivit\u00e0 da svolgere nel nuovo anno sociale;<\/li>\n<li>la fissazione delle quote sociali;<\/li>\n<li>la facolt\u00e0 di nominare, tra i soci esterni al Consiglio, dei delegati allo svolgimento di particolari funzioni stabilite di volta in volta dal Consiglio Direttivo stesso;<\/li>\n<li>la redazione e approvazione dei Regolamenti Amministrativi e le proposte di modifica dello Statuto da sottoporsi alla successiva approvazione dell\u2019Assemblea;<\/li>\n<li>la delibera sull\u2019ammissione di nuovi soci;<\/li>\n<li>ogni funzione che lo statuto o le leggi non attribuiscano ad altri organi.<\/li>\n<\/ul>\n<p style=\"text-align: justify;\" align=\"JUSTIFY\"><strong>Art. 23)<\/strong> Il Consiglio Direttivo si riunisce almeno due volte l\u2019anno ovvero ogni qual volta il Presidente o la maggioranza dei membri lo riterr\u00e0 necessario. Le convocazioni del Consiglio debbono essere effettuate con avviso scritto da recapitarsi almeno ___ giorni prima della\u00a0 data della riunione; tale avviso deve contenere l\u2019ordine del giorno, la data, l\u2019orario ed il luogo della seduta.<\/p>\n<p style=\"text-align: justify;\" align=\"JUSTIFY\">Le riunioni del Consiglio Direttivo sono in unica convocazione, sono valide con la presenza di almeno la maggioranza dei suoi componenti e sono presiedute dal Presidente o, in sua assenza, da un consigliere designato dai presenti. Il Consiglio Direttivo delibera a maggioranza semplice, per alzata di mano, in base al numero dei presenti. In caso di parit\u00e0 di voti prevale il voto del Presidente.<\/p>\n<p style=\"text-align: justify;\" align=\"JUSTIFY\">Le sedute e le deliberazioni del Consiglio sono fatte constare da processo verbale sottoscritto dal Presidente e dal Segretario.<\/p>\n<p style=\"text-align: justify;\" align=\"JUSTIFY\"><strong>Art.24)<\/strong> Il Presidente ha la firma e la rappresentanza legale e giudiziale dell\u2019Associazione. \u00c8 eletto dall\u2019Assemblea dei soci, insieme ai membri del Consiglio Direttivo, ogni ___ anni.<\/p>\n<p style=\"text-align: justify;\" align=\"JUSTIFY\">Egli presiede l\u2019Assemblea e il Consiglio Direttivo e ne provvede alla convocazione, vigila sull\u2019esecuzione delle delibere dell\u2019Assemblea e del Consiglio Direttivo e, nei casi di urgenza, pu\u00f2 esercitare i poteri del Consiglio Direttivo salvo ratifica da parte di quest\u2019ultimo alla prima riunione utile.<\/p>\n<p align=\"JUSTIFY\"><strong>Art. 25)<\/strong> Il Vice Presidente coadiuva o sostituisce il Presidente in caso di assenza o impedimento.<\/p>\n<p align=\"JUSTIFY\"><strong>Art. 26)<\/strong> Il Consiglio Direttivo decade per dimissioni contemporanee della met\u00e0 pi\u00f9 uno dei suoi componenti. In questo caso il Presidente o, in caso di suo impedimento, il Vicepresidente o in subordine il Consigliere pi\u00f9 anziano, dovr\u00e0 convocare l\u2019Assemblea straordinaria entro quindici giorni e da tenersi entro i successivi trenta curando l\u2019ordinaria amministrazione.<\/p>\n<p align=\"JUSTIFY\"><strong>Segretario e Tesoriere<\/strong><\/p>\n<p align=\"JUSTIFY\"><strong>Art. 27)<\/strong> Il Segretario redige i verbali delle riunioni degli organi sociali e ne cura la tenuta dei relativi libri e registri. Ad egli spetta, altres\u00ec, provvedere alle trattative necessarie per l\u2019acquisto dei mezzi e dei servizi deliberati dal Consiglio Direttivo e predisporre e conservare i relativi contratti e ordinativi. Provvede, inoltre, a liquidare le spese verificandone la regolarit\u00e0 e autorizzandone il Tesoriere al materiale pagamento.<\/p>\n<p align=\"JUSTIFY\"><strong>Art. 28)<\/strong> Il Tesoriere presiede alla gestione amministrativa e contabile dell&#8217;Associazione Sportiva Dilettantistica redigendone le scritture contabili, provvedendo al corretto svolgimento degli adempimenti fiscali e contributivi e predisponendone, in concerto con gli altri membri del Consiglio Direttivo, il rendiconto annuale in termini economici e finanziari. Egli provvede altres\u00ec alle operazioni formali di incasso e di pagamento delle spese deliberate dal Consiglio Direttivo. Al Tesoriere spetta anche la funzione del periodico controllo delle risultanze dei conti finanziari di cassa, banca, crediti e debiti e l\u2019esercizio delle operazioni di recupero dei crediti esigibili.<\/p>\n<p align=\"JUSTIFY\"><strong>Art. 29)<\/strong> Le funzioni di Segretario e Tesoriere possono essere conferite anche alla stessa persona. Qualora esse siano attribuite a persone diverse, il Regolamento Amministrativo pu\u00f2 prevedere che in caso di impedimento del Tesoriere a svolgere le proprie funzioni, ovvero nell\u2019ipotesi di dimissioni o di revoca del medesimo, le funzioni di questo siano assunte, per il tempo necessario a rimuovere le cause di impedimento, ovvero a procedere a nuova nomina, dal Segretario o dal Vicepresidente. Il Segretario, temporaneamente impedito, ovvero dimissionario o revocato, \u00e8 sostituito con le stesse modalit\u00e0 dal Tesoriere o dal Vicepresidente.<\/p>\n<p align=\"JUSTIFY\"><strong>Patrimonio ed esercizio finanziario<\/strong><\/p>\n<p align=\"JUSTIFY\"><strong>Art. 30)<\/strong> Il patrimonio dell&#8217;Associazione Sportiva Dilettantistica \u00e8 costituito da:<\/p>\n<ul>\n<li>quote di iscrizione e dai corrispettivi per i servizi istituzionali versati dai soci;<\/li>\n<li>eventuali entrate di carattere commerciale;<\/li>\n<li>eventuali contributi e liberalit\u00e0 di privati o enti pubblici;<\/li>\n<li>eventuali beni, mobili ed immobili, di propriet\u00e0 dell&#8217;Associazione Sportiva Dilettantistica o ad essa pervenuti a qualsiasi titolo.<\/li>\n<\/ul>\n<p align=\"JUSTIFY\"><strong>Art. 31)<\/strong> Eventuali avanzi di gestione, fondi, riserve o capitale non potranno essere distribuiti n\u00e9 in forma diretta n\u00e9 indiretta tra i soci, ma dovranno essere utilizzati per il raggiungimento dei fini sportivi istituzionali, salvo che la destinazione o la distribuzione non siano imposte dalla legge.<\/p>\n<p align=\"JUSTIFY\"><strong>Art. 32)<\/strong>\u00a0L\u2019anno sociale e l\u2019esercizio finanziario vanno dal ____________ al\u00a0____________ di ogni anno. Il Consiglio Direttivo dovr\u00e0 predisporre il rendiconto economico e finanziario da sottoporre all\u2019approvazione dell\u2019Assemblea entro quattro mesi dalla chiusura dell\u2019esercizio. Il rendiconto deve essere redatto con chiarezza e deve rappresentare in modo veritiero e corretto la situazione patrimoniale ed economico-finanziaria dell\u2019Associazione, nel rispetto del principio della trasparenza nei confronti degli Associati.<\/p>\n<p align=\"JUSTIFY\">Indipendentemente dalla redazione del rendiconto economico finanziario annuale, l\u2019Associazione, per ogni attivit\u00e0 occasionale di raccolta pubblica di fondi eseguita in concomitanza di celebrazioni, ricorrenze, o campagne di sensibilizzazione, redige entro quattro mesi dalla chiusura dell\u2019esercizio un apposito e separato rendiconto dal quale devono risultare, anche a mezzo di relazione illustrativa, in modo chiaro e trasparente, le entrate e le spese relative a ciascuna di detta celebrazione, ricorrenza o campagna di sensibilizzazione.<\/p>\n<p align=\"JUSTIFY\"><strong>Scioglimento<\/strong><\/p>\n<p align=\"JUSTIFY\"><strong>Art. 33) <\/strong>Lo scioglimento dell\u2019Associazione \u00e8 deliberato dall&#8217;Assemblea straordinaria dei soci su proposta del Consiglio Direttivo, la quale nominer\u00e0 anche i liquidatori. Il patrimonio residuo sar\u00e0 devoluto ad altra Associazione con finalit\u00e0 analoghe o ai fini di pubblica utilit\u00e0, sentito l\u2019organismo di controllo di cui all\u2019art. 3, comma 190 della legge 23.12.96, n. 662, fatta salva diversa destinazione imposta dalla legge.<\/p>\n<p align=\"JUSTIFY\"><strong>Norme finali<\/strong><\/p>\n<p align=\"JUSTIFY\"><strong>Art. 34) <\/strong>La decisione su qualsiasi controversia che potesse sorgere tra gli associati, o tra costoro e l\u2019associazione o gli organi della stessa, eccetto quelle che per legge non sono compromissibili con arbitri, sar\u00e0 deferita al giudizio di tre arbitri, di cui due da nominarsi da ciascuna delle parti contendenti, ed il terzo di comune accordo. In caso di mancato accordo, il Consiglio Direttivo incaricher\u00e0 il presidente del tribunale ove ha sede l\u2019associazione di eseguire la nomina del terzo arbitro.<\/p>\n<p align=\"JUSTIFY\"><strong>Art. 35)<\/strong> Per quanto non espressamente previsto dal presente Statuto si fa espresso rimando alle vigenti norme in materia di associazionismo sportivo dilettantistico, di enti non commerciali e di associazioni senza finalit\u00e0 di lucro.<\/p>\n<p align=\"JUSTIFY\">Il presente Statuto \u00e8 stato approvato dai soci fondatori all&#8217;Atto Costitutivo.<\/p>\n<div><\/div>\n<p align=\"JUSTIFY\">Seguono le firme dei soci fondatori:<\/p>\n<p align=\"JUSTIFY\"><span style=\"color: #000000;\">\u2026\u2026\u2026\u2026\u2026\u2026\u2026\u2026\u2026\u2026\u2026\u2026<\/span><\/p>\n<p align=\"JUSTIFY\"><span style=\"color: #000000;\">\u2026\u2026\u2026\u2026\u2026\u2026\u2026\u2026\u2026\u2026\u2026\u2026<\/span><\/p>\n<p align=\"JUSTIFY\"><span style=\"color: #000000;\">\u2026\u2026\u2026\u2026\u2026\u2026\u2026\u2026\u2026\u2026\u2026\u2026<\/span><\/p>\n","protected":false},"excerpt":{"rendered":"<p><a class=\"ninja_pages_read_more\"  href=\"https:\/\/www.teamartist.com\/blog\/prontuario\/esempio-di-uno-statuto-di-una-associazione-sportiva-dilettantistica\/\"><\/a><\/p>\n","protected":false},"author":1,"featured_media":14504,"parent":109,"menu_order":8,"comment_status":"closed","ping_status":"closed","template":"prontuario.php","format":[],"meta":{"ns_format_proposto":0,"ns_tipologia_proposta":0,"ns_tag_proposti":[],"ns_argomento_proposto":0,"ns_categoria_proposta":0,"ns_check_query_entries":[],"ns_valutazione_query_keywords":[],"ns_pagespeed_results":[],"footnotes":""},"categories":[781],"tags":[871,497],"tipologia":[],"argomento":[],"class_list":["post-243","page","type-page","status-publish","has-post-thumbnail","hentry","category-revisione-statuto","tag-costituire_associazione_sportiva_dilettantistica_-_asd","tag-statuto_associazione"],"_links":{"self":[{"href":"https:\/\/www.teamartist.com\/blog\/wp-json\/wp\/v2\/pages\/243","targetHints":{"allow":["GET"]}}],"collection":[{"href":"https:\/\/www.teamartist.com\/blog\/wp-json\/wp\/v2\/pages"}],"about":[{"href":"https:\/\/www.teamartist.com\/blog\/wp-json\/wp\/v2\/types\/page"}],"author":[{"embeddable":true,"href":"https:\/\/www.teamartist.com\/blog\/wp-json\/wp\/v2\/users\/1"}],"replies":[{"embeddable":true,"href":"https:\/\/www.teamartist.com\/blog\/wp-json\/wp\/v2\/comments?post=243"}],"version-history":[{"count":0,"href":"https:\/\/www.teamartist.com\/blog\/wp-json\/wp\/v2\/pages\/243\/revisions"}],"up":[{"embeddable":true,"href":"https:\/\/www.teamartist.com\/blog\/wp-json\/wp\/v2\/pages\/109"}],"wp:featuredmedia":[{"embeddable":true,"href":"https:\/\/www.teamartist.com\/blog\/wp-json\/wp\/v2\/media\/14504"}],"wp:attachment":[{"href":"https:\/\/www.teamartist.com\/blog\/wp-json\/wp\/v2\/media?parent=243"}],"wp:term":[{"taxonomy":"category","embeddable":true,"href":"https:\/\/www.teamartist.com\/blog\/wp-json\/wp\/v2\/categories?post=243"},{"taxonomy":"post_tag","embeddable":true,"href":"https:\/\/www.teamartist.com\/blog\/wp-json\/wp\/v2\/tags?post=243"},{"taxonomy":"tipologia","embeddable":true,"href":"https:\/\/www.teamartist.com\/blog\/wp-json\/wp\/v2\/tipologia?post=243"},{"taxonomy":"argomento","embeddable":true,"href":"https:\/\/www.teamartist.com\/blog\/wp-json\/wp\/v2\/argomento?post=243"},{"taxonomy":"format","embeddable":true,"href":"https:\/\/www.teamartist.com\/blog\/wp-json\/wp\/v2\/format?post=243"}],"curies":[{"name":"wp","href":"https:\/\/api.w.org\/{rel}","templated":true}]}}