{"id":212,"date":"2012-04-10T14:30:00","date_gmt":"2012-04-10T13:30:00","guid":{"rendered":"http:\/\/www.teamartist.com\/blog\/?page_id=212"},"modified":"2019-11-11T10:47:00","modified_gmt":"2019-11-11T09:47:00","slug":"come-accedere-al-regime-fiscale-agevolato-3","status":"publish","type":"page","link":"https:\/\/www.teamartist.com\/blog\/come-accedere-al-regime-fiscale-agevolato-3\/","title":{"rendered":"Cos&#8217;\u00e8 e come si accede al regime fiscale agevolato 398\/91"},"content":{"rendered":"<h2 style=\"text-align: center;\" align=\"CENTER\">Cos&#8217;\u00e8 e come si accede al regime fiscale agevolato 398\/91<\/h2>\n<p align=\"JUSTIFY\">Il <span lang=\"zxx\"><a href=\"https:\/\/www.teamartist.com\/blog\/regime-fiscale-agevolato-ex-l-39891\/\" target=\"_blank\" rel=\"nofollow noopener noreferrer\">regime fiscale agevolato ex L. 398\/91<\/a>,<\/span> introdotto inizialmente per le <strong>Associazioni Sportive Dilettantistiche<\/strong>, \u00e8 stata poi esteso alle <strong>Pro-Loco<\/strong> e alle <strong>Associazioni senza fini di lucro<\/strong> dal Decreto-Legge n. 417\/1991, art. 9 bis. La successiva Legge n. 350\/2003, all\u2019art. 2 comma 31, ha inoltre stabilito che il regime fiscale agevolato pu\u00f2 essere applicato anche ad <strong>associazioni bandistiche e cori amatoriali, compagnie filodrammatiche, associazioni di musica e danza popolare<\/strong> legalmente costituite senza fini di lucro. Non possono godere di questo regime altre figure tipiche del non profit che non sono giuridicamente delle associazioni, come le fondazioni, i comitati, gli enti religiosi.<\/p>\n<h4 style=\"text-align: center;\" align=\"JUSTIFY\"><strong>LE CONDIZIONI PER ACCEDERE<\/strong><\/h4>\n<p style=\"text-align: justify;\" align=\"JUSTIFY\">Per poter accedere a tale regime fiscale sono necessari alcuni particolari <strong>presupposti<\/strong>:<\/p>\n<ul style=\"text-align: justify;\">\n<li>le Associazioni con periodo d\u2019imposta coincidente con l\u2019anno solare (1\u00b0 gennaio \u2013 31 dicembre) devono aver conseguito nell\u2019anno solare precedente proventi commerciali non superiori a 250.000 euro;<\/li>\n<li>\n<p align=\"JUSTIFY\">le Associazioni\u00a0con periodo d\u2019imposta non coincidente con l\u2019anno solare (ad es. 1\u00b0 luglio \u2013 30 giugno) devono aver conseguito proventi commerciali non superiori a 250.000 euro nel periodo d\u2019imposta precedente;<\/p>\n<\/li>\n<li>\n<p align=\"JUSTIFY\">in caso si tratti di Associazione di nuova costituzione, per una previsione del patrimonio queste devono rapportare il limite di 250.000 euro dei proventi commerciali al periodo intercorrente fra la data di costituzione ed il termine dell&#8217;esercizio, a seconda dei giorni.<\/p>\n<\/li>\n<\/ul>\n<p style=\"text-align: justify;\" align=\"JUSTIFY\">Il <strong>limite dei 250.000 euro<\/strong> \u00e8 da calcolarsi <strong>al netto dell&#8217;IVA<\/strong> e della eventuale imposta sugli intrattenimenti; essendo tale limite riferito ai <strong>proventi commerciali<\/strong>, bisogna escludere le entrate istituzionali e decommercializzate (le quote associative, le erogazioni liberali, i corrispettivi specifici dei soci\/tesserati per l\u2019attivit\u00e0 in diretta attuazione degli scopi istituzionali, ecc.- <span lang=\"zxx\"><a href=\"https:\/\/www.teamartist.com\/blog\/tuir-testo-unico-delle-imposte-sui-redditi\/\" target=\"_blank\" rel=\"nofollow noopener noreferrer\">art.148 TUIR<\/a><\/span>).<\/p>\n<p style=\"text-align: justify;\" align=\"JUSTIFY\">Bisogna inoltre escludere:<\/p>\n<ul style=\"text-align: justify;\">\n<li>\n<p align=\"LEFT\">le plusvalenze patrimoniali (art. 86 TUIR);<\/p>\n<\/li>\n<li>\n<p align=\"LEFT\">i proventi esenti da imposta, quelli soggetti a ritenuta alla fonte a titolo d\u2019imposta (es. interessi dei c\/c) e quelli soggetti ad imposta sostitutiva (es. proventi dei fondi d\u2019investimento) (<span lang=\"zxx\"><a href=\"https:\/\/www.teamartist.com\/blog\/tuir-testo-unico-delle-imposte-sui-redditi\/\" target=\"_blank\" rel=\"nofollow noopener noreferrer\">articolo 143 TUIR<\/a><\/span>);<\/p>\n<\/li>\n<li>\n<p align=\"LEFT\">i proventi derivanti da raccolte fondi pubbliche e occasionali, per un numero complessivo non superiore a 2 eventi all&#8217;anno e per un importo non superiore al limite annuo complessivo di \u20ac 51.645,69 (<span lang=\"zxx\"><a href=\"https:\/\/www.teamartist.com\/blog\/tuir-testo-unico-delle-imposte-sui-redditi\/\" target=\"_blank\" rel=\"nofollow noopener noreferrer\">articolo 143 TUIR<\/a><\/span>);<\/p>\n<\/li>\n<li>\n<p align=\"LEFT\">i contributi pubblici corrisposti da Amministrazioni pubbliche per lo svolgimento convenzionato o in regime di accreditamento di attivit\u00e0 aventi finalit\u00e0 sociali esercitate in conformit\u00e0 ai fini istituzionali degli enti stessi (<span lang=\"zxx\"><a href=\"https:\/\/www.teamartist.com\/blog\/tuir-testo-unico-delle-imposte-sui-redditi\/\" target=\"_blank\" rel=\"nofollow noopener noreferrer\">articolo 143 TUIR<\/a><\/span>)<span lang=\"it-IT\">.<\/span><\/p>\n<\/li>\n<\/ul>\n<p lang=\"it-IT\" style=\"text-align: justify;\" align=\"LEFT\">Bisogna invece includere:<\/p>\n<div id=\"Sezione9\" dir=\"LTR\">\n<ul>\n<li>\n<p align=\"LEFT\">le sopravvenienze attive di cui all\u2019articolo 88 TUIR, relative ad attivit\u00e0 commerciali;<\/p>\n<\/li>\n<li>\n<p align=\"LEFT\">i contributi delle pubbliche amministrazioni per l\u2019esercizio di attivit\u00e0 commerciale.<\/p>\n<\/li>\n<\/ul>\n<\/div>\n<h4 style=\"text-align: center;\" align=\"LEFT\"><span lang=\"it-IT\"><strong>COME SI ESERCITA L&#8217;OPZIONE<\/strong> <\/span><\/h4>\n<p style=\"text-align: justify;\" align=\"LEFT\"><span lang=\"it-IT\">L&#8217;opzione deve essere comunicata all&#8217;<\/span><strong><span lang=\"it-IT\">Ufficio SIAE<\/span><\/strong><span lang=\"it-IT\"><strong> competente<\/strong> per domicilio fiscale\u00a0(che potete trovare<strong> <a title=\"Uffici Siae\" href=\"https:\/\/www.siae.it\/SIAE_InItalia.asp\" target=\"_blank\" rel=\"nofollow noopener noreferrer\">qui<\/a><\/strong>), prima dell&#8217;inizio dell&#8217;anno solare per il quale l&#8217;associazione intende usufruire del regime forfetario, utilizzando<strong> <a title=\"Modulo comunicazione SIAE opzione legge 398\/1991\" href=\"https:\/\/www.siae.it\/documents\/Erario_Modulistica_Opzionelegge398.pdf?520916\" target=\"_blank\" rel=\"nofollow noopener noreferrer\">il modulo scaricabile qui<\/a><\/strong>.<\/span><\/p>\n<p style=\"text-align: justify;\" align=\"LEFT\"><span lang=\"it-IT\">Successivamente occorre comunicare all&#8217;<strong>Ufficio territorialmente competente dell&#8217;<\/strong><\/span><strong><span lang=\"it-IT\">Agenzia delle Entrate<\/span><\/strong><span lang=\"it-IT\">, presentando il <\/span><span lang=\"it-IT\">quadro VO<\/span><span lang=\"it-IT\"> della dichiarazione IVA. A tal fine nel frontespizio del modello UNICO \u00e8 stata prevista un&#8217;apposita casella VO da barrare nel caso venga allegato il citato modello.<\/span><\/p>\n<p style=\"text-align: justify;\" align=\"LEFT\"><span lang=\"it-IT\"><strong>L&#8217;opzione \u00e8 vincolante per<\/strong> <\/span><strong><span lang=\"it-IT\">5 anni<\/span><\/strong><span lang=\"it-IT\">. Se nel periodo d\u2019imposta si supera il limite di 250.000 euro, il regime agevolato cessa automaticamente e, dal mese successivo a quello in cui \u00e8 venuto meno il requisito oggettivo, si passer\u00e0 al regime ordinario.<\/span><\/p>\n<p style=\"text-align: justify;\" align=\"LEFT\"><span lang=\"it-IT\">In sostanza, quando si verifica questa ipotesi, si dovranno considerare, sia per l\u2019Iva che per le imposte sui redditi, due differenti periodi soggetti a diversi regimi tributari:<\/span><\/p>\n<ul>\n<li style=\"text-align: justify;\">\n<p align=\"LEFT\"><span lang=\"it-IT\">nel primo (dall\u2019inizio del periodo d\u2019imposta fino al mese in cui \u00e8 avvenuto il superamento del limite), si applicher\u00e0 il regime agevolato;<\/span><\/p>\n<\/li>\n<li>\n<p style=\"text-align: justify;\" align=\"LEFT\"><span lang=\"it-IT\">nel secondo (dal mese successivo all\u2019avvenuto superamento del limite fino alla fine del periodo d\u2019imposta), si applicher\u00e0 il regime tributario ordinario sia per determinare il reddito che per l\u2019assolvimento dell\u2019Iva e degli adempimenti contabili.<\/span><\/p>\n<\/li>\n<\/ul>\n<h4 style=\"text-align: center;\" align=\"LEFT\"><strong><span lang=\"it-IT\">QUALI SONO LE AGEVOLAZIONI FISCALI E CONTABILI<\/span><\/strong><\/h4>\n<p style=\"text-align: justify;\" align=\"LEFT\"><span lang=\"it-IT\">Le agevolazioni previste per le associazioni che hanno esercitato l&#8217;opzione per il regime di cui alla Legge 398\/91 sono:<\/span><\/p>\n<ul>\n<li style=\"text-align: justify;\">\n<p align=\"LEFT\"><span lang=\"it-IT\">l&#8217;<strong>esonero<\/strong> <\/span><span lang=\"it-IT\">dall&#8217;obbligo di <\/span><strong><span lang=\"it-IT\">tenuta delle scritture contabili<\/span><\/strong><span lang=\"it-IT\"> (libro giornale, libro degli inventari, registri Iva, scritture ausiliarie e di magazzino, registro beni ammortizzabili);<\/span><\/p>\n<\/li>\n<li style=\"text-align: justify;\">\n<p align=\"LEFT\"><span lang=\"it-IT\">l&#8217;<strong>esonero<\/strong> <\/span><span lang=\"it-IT\">dall&#8217;obbligo di <\/span><strong><span lang=\"it-IT\">emissione di scontrini fiscali<\/span><span lang=\"it-IT\"> e\/o <\/span><span lang=\"it-IT\">ricevute fiscali<\/span><\/strong><span lang=\"it-IT\"> per i compensi incassati;<\/span><\/p>\n<\/li>\n<li style=\"text-align: justify;\">\n<p align=\"LEFT\"><span lang=\"it-IT\">l&#8217;<strong>esonero<\/strong><\/span><span lang=\"it-IT\"> dall&#8217;obbligo di <\/span><strong><span lang=\"it-IT\">fatturazione<\/span><span lang=\"it-IT\"> e <\/span><span lang=\"it-IT\">registrazione<\/span><\/strong><span lang=\"it-IT\"> (<\/span><span lang=\"it-IT\">tranne che per sponsorizzazioni, cessione di diritti radio-Tv e pubblicit\u00e0<\/span><span lang=\"it-IT\">); \u00e8 opportuno sottolineare che l&#8217;esonero dall&#8217;emissione della fattura non significa divieto, bens\u00ec una facolt\u00e0 poich\u00e9 il rilascio della fattura rappresenta l&#8217;unico veicolo per la controparte atto a dedurre l&#8217;IVA addebitata;<\/span><\/p>\n<\/li>\n<li style=\"text-align: justify;\">\n<p align=\"LEFT\"><span lang=\"it-IT\">l&#8217;<strong>esonero<\/strong> <\/span><span lang=\"it-IT\">dall&#8217;obbligo di <\/span><span lang=\"it-IT\">presentazione della <strong>dichiarazione annuale IVA<\/strong><\/span><span lang=\"it-IT\">;<\/span><\/p>\n<\/li>\n<li style=\"text-align: justify;\">\n<p align=\"LEFT\"><span lang=\"it-IT\">l&#8217;<strong>esonero<\/strong> <\/span><span lang=\"it-IT\">dall&#8217;obbligo di <\/span><strong><span lang=\"it-IT\">redazione <\/span><span lang=\"it-IT\">dell\u2019inventario <\/span><span lang=\"it-IT\">e del <\/span><span lang=\"it-IT\">bilancio<\/span><\/strong><span lang=\"it-IT\">;<\/span><\/p>\n<\/li>\n<li style=\"text-align: justify;\">\n<p align=\"LEFT\"><span lang=\"it-IT\">la <strong>determinazione forfettaria dell&#8217;IVA<\/strong><\/span><span lang=\"it-IT\">: <\/span><span lang=\"it-IT\">le Associazioni che hanno deciso di avvalersi del regime fiscale agevolato potranno calcolare l&#8217;IVA da versare nella modalit\u00e0 che segue:<\/span><\/p>\n<ul>\n<li>\n<p align=\"JUSTIFY\">50% dell&#8217;IVA incassata per i proventi conseguiti nell&#8217;esercizio di attivit\u00e0 commerciali generiche (ad es. pubblicit\u00e0, sponsorizzazioni, prestazioni di servizi, biglietti per spettacoli);<\/p>\n<\/li>\n<li>\n<p align=\"JUSTIFY\">2\/3 dell&#8217;IVA incassata per la cessione o concessione di diritti televisivi o radiofonici.<\/p>\n<\/li>\n<\/ul>\n<\/li>\n<li>\n<p style=\"text-align: justify;\" align=\"LEFT\"><span lang=\"it-IT\">la <strong>determinazione forfettaria del reddito imponibile<\/strong>: <\/span><span lang=\"it-IT\">il reddito imponibile \u00e8 determinato forfettariamente, applicando cio\u00e8 un <\/span><span lang=\"it-IT\">coefficiente di redditivit\u00e0 <\/span><span lang=\"it-IT\">(attualmente fissato nella misura del <\/span><span lang=\"it-IT\">3%<\/span><span lang=\"it-IT\">) all&#8217;ammontare dei proventi commerciali (al netto d&#8217;IVA) conseguiti nel periodo di imposta; a tale percentuale viene aggiunto l&#8217;intero importo delle plusvalenze patrimoniali.<\/span><\/p>\n<\/li>\n<\/ul>\n<h4 style=\"text-align: center;\" align=\"LEFT\"><strong><span lang=\"it-IT\">QUALI SONO GLI OBBLIGHI FISCALI E CONTABILI<\/span><\/strong><\/h4>\n<p style=\"text-align: justify;\" align=\"LEFT\"><span lang=\"it-IT\">Sussiste invece l&#8217;<\/span><span lang=\"it-IT\">obbligo <\/span><span lang=\"it-IT\">di: <\/span><\/p>\n<ul style=\"text-align: justify;\">\n<li>\n<p align=\"LEFT\"><strong><span lang=\"it-IT\">conservare<\/span><span lang=\"it-IT\"> le <\/span><span lang=\"it-IT\">fatture d&#8217;acquisto<\/span><span lang=\"it-IT\"> e le f<\/span><span lang=\"it-IT\">atture emesse<\/span><\/strong><span lang=\"it-IT\">, che devono inoltre essere <\/span><span lang=\"it-IT\"><strong>numerate<\/strong> in ordine progressivo per anno solare <\/span><span lang=\"it-IT\">(<\/span><a href=\"https:\/\/www.teamartist.com\/blog\/2012\/11\/27\/fatture-emesse-dalle-associazioni-quando-come-facsimile\/\" target=\"_blank\" rel=\"nofollow noopener noreferrer\"><span lang=\"zxx\">leggi il nostro post <\/span><em><span lang=\"zxx\">Le fatture emesse dalle Associazioni: in quali casi e come predisporle<\/span><\/em><\/a>)<span lang=\"it-IT\">;<\/span><\/p>\n<\/li>\n<li>\n<p align=\"LEFT\"><strong><span lang=\"it-IT\">annotare<\/span><\/strong><span lang=\"it-IT\"> anche con un\u2019unica registrazione, entro il giorno 15 del mese successivo, l\u2019ammontare dei <\/span><span lang=\"it-IT\">corrispettivi<\/span><span lang=\"it-IT\"> e di qualsiasi provento conseguiti nell\u2019esercizio di<\/span><strong><span lang=\"it-IT\"> attivit\u00e0 commerciali<\/span><\/strong><span lang=\"it-IT\"> con riferimento al mese precedente (<\/span><a href=\"https:\/\/www.teamartist.com\/blog\/2012\/10\/24\/registro-iva-minori-per-le-associazioni-con-contabilita-3981991\/\" target=\"_blank\" rel=\"nofollow noopener noreferrer\"><span lang=\"zxx\">leggi il nostro post <\/span><em><span lang=\"zxx\">Registro IVA Minori per le Associazioni con contabilit\u00e0 398\/1991<\/span><\/em><\/a><span lang=\"it-IT\">);<\/span><\/p>\n<\/li>\n<li>\n<p align=\"LEFT\"><span lang=\"it-IT\">effettuare il <\/span><strong><span lang=\"it-IT\">versamento trimestrale dell\u2019IVA<\/span><\/strong><span lang=\"it-IT\"> entro il giorno 16 del secondo mese successivo al trimestre di riferimento attraverso il <\/span><span lang=\"it-IT\">Modello F24<\/span><span lang=\"it-IT\">;<\/span><\/p>\n<\/li>\n<li>\n<p align=\"LEFT\"><span lang=\"it-IT\">redigere ed approvare annualmente un <\/span><strong><span lang=\"it-IT\">rendiconto economico e finanziario <\/span><\/strong><span lang=\"it-IT\">(<\/span><a href=\"https:\/\/www.teamartist.com\/blog\/2012\/10\/29\/rendiconto-economico-associazioni\/\" target=\"_blank\" rel=\"nofollow noopener noreferrer\"><span lang=\"zxx\">leggi il nostro post <\/span><em><span lang=\"zxx\">Redazione del Rendiconto Economico annuale di una Associazione<\/span><\/em><\/a>)<span lang=\"it-IT\">;<\/span><\/p>\n<\/li>\n<li>\n<p align=\"LEFT\"><span lang=\"it-IT\">per ogni <\/span><strong><span lang=\"it-IT\">raccolta fondi<\/span><\/strong><span lang=\"it-IT\">, redigere entro quattro mesi dalla chiusura dell\u2019esercizio un <\/span><strong><span lang=\"it-IT\">apposito e separato rendiconto<\/span><\/strong><span lang=\"it-IT\"> dal quale devono risultare, anche a mezzo di una relazione illustrativa, in modo chiaro e trasparente, le entrate e le spese relative alla raccolta fondi organizzata (<a title=\"Alcune modalit\u00e0 di raccolta fondi per le Associazioni: tombole, lotterie e pesche di beneficenza\" href=\"https:\/\/www.teamartist.com\/blog\/2012\/11\/06\/raccolta-fondi-per-associazioni-tombole-lotterie-pesche-beneficenza\/\" target=\"_blank\" rel=\"nofollow noopener noreferrer\">leggi il nostro post<\/a> <em>Alcune modalit\u00e0 di raccolta fondi per le Associazioni: tombole, lotterie e pesche di beneficenza<\/em>);<\/span><\/p>\n<\/li>\n<li>\n<p align=\"LEFT\"><span lang=\"it-IT\">tenere il <\/span><strong><span lang=\"it-IT\">libro soci<\/span><\/strong><span lang=\"it-IT\"> e il <\/span><strong><span lang=\"it-IT\">libro verbali assemblee <\/span><\/strong><span lang=\"it-IT\">(leggi i nostri post <\/span><em><span lang=\"zxx\"><a href=\"https:\/\/www.teamartist.com\/blog\/2012\/04\/17\/il-libro-soci-a-cosa-serve-e-perche-per-associazioni\/\" target=\"_blank\" rel=\"nofollow noopener noreferrer\">Il Libro Soci: a cosa serve e come si fa<\/a><\/span><\/em> e <em><span lang=\"zxx\"><a href=\"https:\/\/www.teamartist.com\/blog\/2012\/09\/24\/libro-registro-verbali-assemblea-soci-direttivo-associazione-come-farlo-e-come-conservarlo\/\" target=\"_blank\" rel=\"nofollow noopener noreferrer\">Libro dei verbali di Assemblea di un\u2019associazione: come farlo e come conservarlo<\/a><\/span><\/em>);<\/p>\n<\/li>\n<li>\n<p align=\"LEFT\"><span lang=\"it-IT\">presentare la <strong>dichiarazione dei reddit<\/strong>i (<\/span><span lang=\"it-IT\">Modello UNICO Enti non commerciali<\/span><span lang=\"it-IT\">) e il <\/span><strong><span lang=\"it-IT\">Modello 770<\/span><\/strong><span lang=\"it-IT\">, nei casi in cui \u00e8 previsto (leggi i nostri post <\/span><em><span lang=\"zxx\"><a href=\"https:\/\/www.teamartist.com\/blog\/2012\/10\/22\/dichiarazione-dei-redditi-il-modello-unico-quando-perche-e-come-va-presentato-dalle-associazioni\/\" target=\"_blank\" rel=\"nofollow noopener noreferrer\">Dichiarazione dei redditi. Il Modello Unico: quando, perch\u00e9 e come va presentato dalle Associazioni<\/a><\/span><\/em> e <a title=\"Il modello 770: quando, perch\u00e8 e come va presentato dalle Associazioni\" href=\"https:\/\/www.teamartist.com\/blog\/2012\/10\/15\/il-modello-770-quando-perche-e-come-va-presentato-dalle-associazioni\/\" target=\"_blank\" rel=\"nofollow noopener noreferrer\"><em><span lang=\"zxx\">Il modello 770: quando, perch\u00e8 e come va presentato dalle Associazioni<\/span><\/em><\/a>).<\/p>\n<\/li>\n<\/ul>\n<p style=\"text-align: justify;\" align=\"LEFT\"><span lang=\"it-IT\">L\u2019art. 37, comma 2, legge 342\/2000 ha inoltre fissato per le ASD un<\/span><span lang=\"it-IT\"> limite pari a Euro 516,46 al di sopra del quale qualsiasi pagamento a favore dell&#8217;Associazione o versamento da essa effettuato dovr\u00e0 obbligatoriamente transitare attraverso il suo conto corrente bancario o postale<\/span><span lang=\"it-IT\">, al fine di ottenere una certificazione del movimento.<\/span><\/p>\n<p>&nbsp;<\/p>\n","protected":false},"excerpt":{"rendered":"<p><a class=\"ninja_pages_read_more\"  href=\"https:\/\/www.teamartist.com\/blog\/come-accedere-al-regime-fiscale-agevolato-3\/\"><\/a><\/p>\n","protected":false},"author":1,"featured_media":14508,"parent":0,"menu_order":26,"comment_status":"closed","ping_status":"closed","template":"prontuario.php","format":[],"meta":{"ns_format_proposto":0,"ns_tipologia_proposta":0,"ns_tag_proposti":[],"ns_argomento_proposto":0,"ns_categoria_proposta":0,"ns_check_query_entries":[],"ns_valutazione_query_keywords":[],"ns_pagespeed_results":[],"footnotes":""},"categories":[749],"tags":[769],"tipologia":[],"argomento":[],"class_list":["post-212","page","type-page","status-publish","has-post-thumbnail","hentry","category-consulenza","tag-il_regime_fiscale_agevolato_per_associazioni_legge_39891_-_cose_e_come_accedervi"],"_links":{"self":[{"href":"https:\/\/www.teamartist.com\/blog\/wp-json\/wp\/v2\/pages\/212","targetHints":{"allow":["GET"]}}],"collection":[{"href":"https:\/\/www.teamartist.com\/blog\/wp-json\/wp\/v2\/pages"}],"about":[{"href":"https:\/\/www.teamartist.com\/blog\/wp-json\/wp\/v2\/types\/page"}],"author":[{"embeddable":true,"href":"https:\/\/www.teamartist.com\/blog\/wp-json\/wp\/v2\/users\/1"}],"replies":[{"embeddable":true,"href":"https:\/\/www.teamartist.com\/blog\/wp-json\/wp\/v2\/comments?post=212"}],"version-history":[{"count":0,"href":"https:\/\/www.teamartist.com\/blog\/wp-json\/wp\/v2\/pages\/212\/revisions"}],"wp:featuredmedia":[{"embeddable":true,"href":"https:\/\/www.teamartist.com\/blog\/wp-json\/wp\/v2\/media\/14508"}],"wp:attachment":[{"href":"https:\/\/www.teamartist.com\/blog\/wp-json\/wp\/v2\/media?parent=212"}],"wp:term":[{"taxonomy":"category","embeddable":true,"href":"https:\/\/www.teamartist.com\/blog\/wp-json\/wp\/v2\/categories?post=212"},{"taxonomy":"post_tag","embeddable":true,"href":"https:\/\/www.teamartist.com\/blog\/wp-json\/wp\/v2\/tags?post=212"},{"taxonomy":"tipologia","embeddable":true,"href":"https:\/\/www.teamartist.com\/blog\/wp-json\/wp\/v2\/tipologia?post=212"},{"taxonomy":"argomento","embeddable":true,"href":"https:\/\/www.teamartist.com\/blog\/wp-json\/wp\/v2\/argomento?post=212"},{"taxonomy":"format","embeddable":true,"href":"https:\/\/www.teamartist.com\/blog\/wp-json\/wp\/v2\/format?post=212"}],"curies":[{"name":"wp","href":"https:\/\/api.w.org\/{rel}","templated":true}]}}