{"id":191,"date":"2012-04-10T13:55:29","date_gmt":"2012-04-10T12:55:29","guid":{"rendered":"http:\/\/www.teamartist.com\/blog\/?page_id=191"},"modified":"2023-11-16T15:57:22","modified_gmt":"2023-11-16T14:57:22","slug":"associazioni-di-volontariato","status":"publish","type":"page","link":"https:\/\/www.teamartist.com\/blog\/prontuario\/associazioni-di-volontariato\/","title":{"rendered":"Organizzazioni di Volontariato (ODV): tutto quello che devi sapere"},"content":{"rendered":"\n<p>Le Organizzazioni di Volontariato hanno una storia complessa con tante modifiche avvenute nel tempo e per chi non se ne occupa a tempo pieno \u00e8 difficile conoscere tutti i dettagli di questo<a href=\"https:\/\/www.teamartist.com\/blog\/2021\/10\/01\/ente-del-terzo-settore-ets-e-runts-cosa-cambia-e-come-adeguarsi\/\"> Ente del Terzo Settore<\/a>. <\/p>\n\n\n\n<p>Ecco perch\u00e9 in questo articolo proveremo a condividere con te tutti i dettagli necessari per costituire un ODV.<\/p>\n\n\n\n<p><strong>Le Organizzazioni di volontariato nascono nel 1991 con la legge n\u00b0266, vengono modificate nel 1997 col decreto legislativo n\u00b0460 per poi essere, oggi,&nbsp;<\/strong><strong>completamente riformate<\/strong><strong>&nbsp;col Codice del Terzo Settore nel 2017 (col decreto legislativo n\u00b0117\/2017).<\/strong><\/p>\n\n\n\n<p>Le OdV quindi, oggi, hanno nuove regole che solo in parte, sono simili e si accompagnano a quelle del passato.<\/p>\n\n\n\n<p>A chi volesse approcciarle il consiglio \u00e8 di studiare unicamente l\u2019ultimo provvedimento (appunto la <strong>Riforma del Terzo Settore del 2017<\/strong>, decreto legislativo n\u00b0117\/2017) perch\u00e9 le norme precedenti si possono considerare ormai abrogate.<\/p>\n\n\n\n<p>===&gt; Scopri di pi\u00f9 sulla riforma del terzo settore con i video-corsi specifici<\/p>\n\n\n\n<p>Partiamo dalla prima questione fondamentale, che approfondiamo nel prossimo paragrafo.&nbsp;<\/p>\n\n\n\n<h2 class=\"wp-block-heading\" id=\"h-che-cos-e-una-odv-organizzazione-di-volontariato\">Che cos\u2019e una OdV &#8211; Organizzazione di Volontariato?<\/h2>\n\n\n\n<p><strong>Tecnicamente \u00e8 un Ente del Terzo Settore (ETS)<\/strong> \u201c(\u2026) costituito per il perseguimento, senza scopo di lucro, di finalit\u00e0 civiche, solidaristiche e di utilit\u00e0 sociale mediante lo svolgimento di una o pi\u00f9 attivit\u00e0 di interesse generale in forma di azione volontaria o di erogazione gratuita di denaro, beni o servizi, o di mutualit\u00e0 o di produzione o scambio di beni o servizi, ed iscritti nel registro unico nazionale del Terzo settore.\u201c secondo l\u2019articolo 4 comma 1 del decreto legislativo n\u00b0117\/2017.<\/p>\n\n\n\n<p>La domanda pi\u00f9 frequente in merito all\u2019organizzazione di volontariato \u00e8 se sia un ente riconosciuto o non riconosciuto. <\/p>\n\n\n\n<p>A questo proposito \u00e8 importante sapere che l\u2019ODV \u00e8 iscritta al <strong>Registro unico nazionale del terzo settore (RUNTS)<\/strong>.<\/p>\n\n\n\n<p>Il RUNTS \u00e8 un registro telematico istituito presso il Ministero del Lavoro e delle Politiche Sociali in attuazione degli artt. 45 e segg. del Codice del Terzo Settore (Decreto Legislativo 3 luglio 2017, n. 117), per assicurare la piena trasparenza degli enti del Terzo settore (ETS) attraverso la pubblicit\u00e0 degli elementi informativi che vi sono iscritti.<\/p>\n\n\n\n<p>L\u2019ODV \u00e8 un ente che deve soddisfare 4 requisiti principali:<\/p>\n\n\n\n<ol class=\"wp-block-list\"><li aria-level=\"1\"><strong>Essere senza scopo di lucro<\/strong> (quindi prevedere il divieto di suddivisione diretto e indiretto degli utili);<\/li><\/ol>\n\n\n\n<ul class=\"wp-block-list\"><li aria-level=\"1\"><strong>Deve avere finalit\u00e0 civiche, solidaristiche e di utilit\u00e0 sociale (come le societ\u00e0 di mutuo soccorso);<\/strong><\/li><\/ul>\n\n\n\n<ol class=\"wp-block-list\"><li aria-level=\"1\"><strong>Deve svolgere una o pi\u00f9 attivit\u00e0 di interesse generale<\/strong> (l\u2019elenco di queste attivit\u00e0 si trova all\u2019articolo 5 del decreto legislativo n\u00b0117\/2017);<\/li><\/ol>\n\n\n\n<ul class=\"wp-block-list\"><li aria-level=\"1\"><strong>Deve svolgere le attivit\u00e0 di cui al punto precedente tramite Volontari;<\/strong><\/li><li aria-level=\"1\">Deve essere iscritta nel RUNTS (il Registro Unico Nazionale del Terzo settore).<\/li><\/ul>\n\n\n\n<p>Ma questo non basta.&nbsp;<\/p>\n\n\n\n<p>Queste regole sono infatti quelle per TUTTI gli ETS &#8211; Enti del Terzo Settore di cui gli OdV costituiscono uno dei possibili sottoinsiemi (gli altri pi\u00f9 noti sono le <strong>APS &#8211; Associazioni di Promozione Sociale<\/strong>, le Fondazioni, le Cooperative Sociali, le Imprese sociali, gli altri Enti del Terzo Settore, gli Enti filantropici eccetera).<\/p>\n\n\n\n<p>Vi sono infatti dei requisiti specifici da rispettare che vediamo nel prossimo paragrafo.<\/p>\n\n\n\n<h2 class=\"wp-block-heading\" id=\"h-quali-sono-i-requisiti-specifici-delle-organizzazioni-di-volontariato-odv\">Quali sono i requisiti specifici delle organizzazioni di volontariato (ODV)<\/h2>\n\n\n\n<p>In questo paragrafo ti riportiamo i requisiti aggiuntivi per <a href=\"https:\/\/www.teamartist.com\/blog\/prontuario\/associazioni-di-volontariato\/come-fondare-una-associazione-di-volontariato\/\"><strong>costituire un ODV<\/strong><\/a><strong>.&nbsp;<\/strong><\/p>\n\n\n\n<p><strong>Quest\u2019ultimi sono ben spiegati agli articoli ai commi 1 e 3 del decreto legislativo n\u00b0117\/2017.<\/strong><\/p>\n\n\n\n<p>Vediamoli insieme.<\/p>\n\n\n\n<p>\u201cArt. 32. Organizzazioni di volontariato&nbsp;<\/p>\n\n\n\n<ol class=\"wp-block-list\"><li>Le organizzazioni di volontariato sono enti del Terzo settore costituiti in forma di associazione, riconosciuta o non riconosciuta, da un numero non inferiore a sette persone fisiche o a tre organizzazioni di volontariato, per lo svolgimento prevalentemente in favore di terzi di una o pi\u00f9 attivit\u00e0 di cui all\u2019articolo 5, avvalendosi in modo prevalente delle prestazioni dei volontari associati.<\/li><\/ol>\n\n\n\n<p>(\u2026)<\/p>\n\n\n\n<ol class=\"wp-block-list\" start=\"3\"><li>La denominazione sociale deve contenere l\u2019indicazione di organizzazione di volontariato o l\u2019acronimo ODV. L\u2019indicazione di organizzazione di volontariato o l\u2019acronimo ODV, ovvero di parole o locuzioni equivalenti o ingannevoli, non pu\u00f2 essere usata da soggetti diversi dalle organizzazioni di volontariato. (\u2026)\u201d<\/li><\/ol>\n\n\n\n<p>Come puoi vedere le OdV devono soddisfare altri 3 requisiti principali:<\/p>\n\n\n\n<ul class=\"wp-block-list\"><li aria-level=\"1\"><strong>Devono essere costituite sotto forma di Associazioni riconosciute o non riconosciute;<\/strong><\/li><li aria-level=\"1\">Devono essere composte o da almeno 7 persone fisiche o da almeno altre 3 ODV;<\/li><li aria-level=\"1\">La denominazione deve contenere l\u2019acronimo ODV.<\/li><\/ul>\n\n\n\n<p>Per ogni ODV, inoltre, \u00e8 sempre previsto uno <a href=\"https:\/\/www.teamartist.com\/blog\/prontuario\/esempio-di-statuto-di-unassociazione-di-volontariato\/\">Statuto<\/a> che deve essere redatto secondo le regole.<\/p>\n\n\n\n<h2 class=\"wp-block-heading\" id=\"h-di-quali-risorse-particolari-puo-avvantaggiarsi-una-odv\">Di quali risorse particolari pu\u00f2 avvantaggiarsi una OdV?<\/h2>\n\n\n\n<p>Anche questo aspetto delle organizzazioni di volontariato \u00e8 definito dal <strong>decreto legislativo n\u00b0117\/2017<\/strong> e in particolare dall\u2019articolo 33 che prevede:<\/p>\n\n\n\n<p>\u201c1. Le organizzazioni di volontariato possono assumere lavoratori dipendenti o avvalersi di prestazioni di lavoro autonomo o di altra natura esclusivamente nei limiti necessari al loro regolare funzionamento oppure nei limiti occorrenti a qualificare o specializzare l\u2019attivit\u00e0 svolta. <strong>In ogni caso, il numero dei lavoratori impiegati nell\u2019attivit\u00e0 non pu\u00f2 essere superiore al cinquanta per cento del numero dei volontari.<\/strong>&nbsp;<\/p>\n\n\n\n<ol class=\"wp-block-list\" start=\"2\"><li>Salvo quanto previsto dal comma 3, <strong>le organizzazioni di volontariato possono trarre le risorse economiche necessarie al loro funzionamento e allo svolgimento della propria attivit\u00e0 da fonti diverse, quali quote associative, contributi pubblici e privati, donazioni e lasciti testamentari, rendite patrimoniali ed attivit\u00e0 di raccolta fondi nonch\u00e9 delle attivit\u00e0 di cui all\u2019articolo 6.<\/strong><\/li><li><strong>Per l\u2019attivit\u00e0 di interesse generale prestata le organizzazioni di volontariato possono ricevere, soltanto il rimborso delle spese effettivamente sostenute e documentate<\/strong>.\u201d<\/li><\/ol>\n\n\n\n<p>Ora che ti \u00e8 chiaro quali sono le regole generiche per la costituzione di un ODV e quali sono i requisiti da rispettare per crearne una, \u00e8 importante approfondire le regole in merito all\u2019ordinamento e all\u2019amministrazione di questi enti del terzo settore.&nbsp;<\/p>\n\n\n\n<p>Approfondiamoli nel prossimo paragrafo.<\/p>\n\n\n\n<h3 class=\"wp-block-heading\" id=\"h-quali-sono-le-regole-previste-per-l-ordinamento-e-l-amministrazione-delle-odv\">Quali sono le regole previste per L\u2019Ordinamento e l\u2019amministrazione delle ODV?<\/h3>\n\n\n\n<p>L\u2019ordinamento delle Organizzazioni di Volontariato \u00e8 definito dal decreto legislativo n\u00b0117\/2017 all\u2019articolo 34 che prevede:<\/p>\n\n\n\n<p>\u201c1. Tutti gli amministratori delle organizzazioni di volontariato sono scelti tra le persone fisiche associate ovvero indicate, tra i propri associati, dalle organizzazioni di volontariato associate. Si applica l\u2019articolo 2382 del codice civile.&nbsp;<\/p>\n\n\n\n<ol class=\"wp-block-list\" start=\"2\"><li>Ai componenti degli organi sociali, ad eccezione di quelli di cui all\u2019articolo 30, comma 5 che siano in possesso dei requisiti di cui all\u2019articolo 2397, secondo comma, del codice civile, non pu\u00f2 essere attribuito alcun compenso, salvo il rimborso delle spese effettivamente sostenute e documentate per l\u2019attivit\u00e0 prestata ai fini dello svolgimento della funzione. \u201c<\/li><\/ol>\n\n\n\n<p>\u00c8 importante sapere anche che gli enti associativi sono tenuti a riconoscere chi sono i loro soci al fine di determinare il conseguimento dei quorum necessari per le assemblee e l&#8217;attribuzione dei diritti inerenti la qualit\u00e0 di socio.&nbsp;<\/p>\n\n\n\n<p>Sebbene la legge non imponga specifici metodi per questo processo, come l&#8217;obbligo di vidimazione o di apposizione di timbri sul libro dei soci, gli enti di solito gestiscono un registro in cui vengono annotati i dettagli fondamentali per l&#8217;identificazione dei soci, come la data di adesione e i versamenti delle quote associative, insieme ad altre informazioni rilevanti. <\/p>\n\n\n\n<p>A questo proposito infatti vi \u00e8 un <strong>Registro dei volontari e libro dei soci <\/strong>che adempie a questo scopo.<\/p>\n\n\n\n<p><strong>In buona sostanza le OdV sono per lo Stato italiano la forma pi\u00f9 \u201cpura\u201d e \u201cnobile\u201d di organizzazione senza scopo di lucro<\/strong>, potremmo dire nel solco delle organizzazioni religiose medievali dei frati poveri. Le attivit\u00e0 devono essere svolte da volontari, quindi da persone aderenti agli enti associati, possibilmente rimettendoci. <\/p>\n\n\n\n<p><strong>In cambio lo Stato consente a questa forma associativa il massimo delle agevolazioni fiscali e crea per loro bandi di finanziamento a fondo perduto dedicati.<\/strong><\/p>\n\n\n\n<p>Oggi questa tipologia associativa con finalit\u00e0 di natura ideale, \u00e8 molto diffusa nell\u2019ambito delle associazioni di primo soccorso (le ambulanze del 118 per intendersi) ma \u00e8 sempre pi\u00f9 rara in tutti gli altri ambiti &#8211; nonostante le <a href=\"https:\/\/www.teamartist.com\/blog\/prontuario\/le-agevolazioni-fiscali-delle-odv\/\">agevolazioni fiscali <\/a>adibite &#8211; proprio perch\u00e9 richiede forme estreme di generosit\u00e0 dai propri partecipanti, creando anche una situazione di discriminazione basata sul reddito (un volontario povero, paradossalmente, potr\u00e0 dedicare meno ore alla propria OdV rispetto a un volontario abbiente).<\/p>\n\n\n\n<p><strong>Da una nostra ricerca statistica risulta infatti che su 10 nuovi Enti del Terzo Settore soltanto 1 scelga questa formula associativa e questo anche perch\u00e9 <\/strong>in merito alla <a href=\"https:\/\/www.teamartist.com\/blog\/prontuario\/associazioni-di-volontariato\/quali-sono-gli-adempimenti-per-le-associazioni-di-volontariato\/\">sicurezza delle ODV<\/a> ci sono molti adempimenti obbligatori a cui un\u2019organizzazione di volontariato deve adempiere. Un aspetto quest\u2019ultimo da non dare per scontato.&nbsp;<\/p>\n\n\n\n<p>Altri ambiti in cui sono diffuse sono le Associazioni che si occupano di raccogliere fondi per la ricerca medica, di assistenza ai malati di determinate patologie oppure per portare aiuti nel terzo mondo.<\/p>\n\n\n\n<h3 class=\"wp-block-heading\" id=\"h-come-gestire-al-meglio-la-tua-odv\">Come gestire al meglio la tua ODV?&nbsp;<\/h3>\n\n\n\n<p><strong>Per tutti questi motivi, vista la complessit\u00e0 insita nella creazione e poi nella conseguente gestione di ogni formula associativa <\/strong>(ivi compresa appunto questa delle OdV)<strong> le scelte sulla trasformazione della propria Associazione <\/strong>(pensiamo alle ONLUS che oggi sono obbligate per legge a trasformarsi o a chiudere cedendo il proprio patrimonio o alle Associazioni no profit generiche che vorrebbero diventare Enti del Terzo Settore) <strong>o sulla creazione di una nuova non dovrebbero avvenire in autonomia ma guidati da un Associazionista competente.&nbsp;<\/strong><\/p>\n\n\n\n<p><a href=\"https:\/\/www.teamartist.com\/blog\/prontuario\/associazioni-di-volontariato\/come-si-gestisce-una-associazione-di-volontariato\/\">Gestire un ODV <\/a>pu\u00f2 divenire complesso, per questo \u00e8 necessario affidarsi a dei professionisti che ti possano aiutare a ogni passaggio. In molti, per esempio, quando costituiscono un ODV non sono a conoscenza dei <a href=\"https:\/\/www.teamartist.com\/blog\/prontuario\/associazioni-di-volontariato\/come-e-quali-finanziamenti-si-possono-ottenere\/\">metodi di finanziamento<\/a> di questo ente, perdendosi cos\u00ec importanti opportunit\u00e0.<\/p>\n\n\n\n<p><strong>TeamArtist a questo scopo ha creato due servizi: \u201cRivedo ETS\u201d per le Associazioni che devono trasformarsi in Enti del Terzo Settore e \u201cProcreo ETS\u201d per chi vuole costituire una nuova Associazione che sia un Ente del Terzo Settore.&nbsp;<\/strong><\/p>\n\n\n\n<p>Entrambi questi servizi includono, oltre agli aspetti formali della preparazione dei documenti necessari e la loro presentazione presso gli uffici pubblici preposti, anche tutta la consulenza dedicata e necessaria a operare la scelta migliore sin dalla definizione della tipologia associativa per capire se divenire ODV, APS, Altro ente del terzo settore.<\/p>\n\n\n\n<p>Se hai trovato questo articolo utile o se hai altre domande, ricordati di lasciare un commento e ti risponderemo al pi\u00f9 presto!<\/p>\n\n\n\n<p>Se ti interessa rimanere aggiornato mensilmente sulle novit\u00e0 e gli argomenti pi\u00f9 importanti relativi al tuo ETS, clicca su questo <a href=\"https:\/\/www.teamartist.com\/amministrazione-e-fisco-no-profit\/\">link<\/a><\/p>\n\n\n\n<p><strong>Aggiornato al 10 novembre 2023<\/strong><\/p>\n","protected":false},"excerpt":{"rendered":"<p><a class=\"ninja_pages_read_more\"  href=\"https:\/\/www.teamartist.com\/blog\/prontuario\/associazioni-di-volontariato\/\"><\/a><\/p>\n","protected":false},"author":1,"featured_media":14523,"parent":109,"menu_order":17,"comment_status":"closed","ping_status":"open","template":"prontuario.php","format":[],"meta":{"ns_format_proposto":0,"ns_tipologia_proposta":0,"ns_tag_proposti":[],"ns_argomento_proposto":0,"ns_categoria_proposta":0,"ns_check_query_entries":[],"ns_valutazione_query_keywords":[],"ns_pagespeed_results":[],"footnotes":""},"categories":[863],"tags":[],"tipologia":[],"argomento":[],"class_list":["post-191","page","type-page","status-publish","has-post-thumbnail","hentry","category-costituireassociazione"],"_links":{"self":[{"href":"https:\/\/www.teamartist.com\/blog\/wp-json\/wp\/v2\/pages\/191","targetHints":{"allow":["GET"]}}],"collection":[{"href":"https:\/\/www.teamartist.com\/blog\/wp-json\/wp\/v2\/pages"}],"about":[{"href":"https:\/\/www.teamartist.com\/blog\/wp-json\/wp\/v2\/types\/page"}],"author":[{"embeddable":true,"href":"https:\/\/www.teamartist.com\/blog\/wp-json\/wp\/v2\/users\/1"}],"replies":[{"embeddable":true,"href":"https:\/\/www.teamartist.com\/blog\/wp-json\/wp\/v2\/comments?post=191"}],"version-history":[{"count":"3","href":"https:\/\/www.teamartist.com\/blog\/wp-json\/wp\/v2\/pages\/191\/revisions"}],"predecessor-version":[{"id":14062,"href":"https:\/\/www.teamartist.com\/blog\/wp-json\/wp\/v2\/pages\/191\/revisions\/14062"}],"up":[{"embeddable":true,"href":"https:\/\/www.teamartist.com\/blog\/wp-json\/wp\/v2\/pages\/109"}],"wp:featuredmedia":[{"embeddable":true,"href":"https:\/\/www.teamartist.com\/blog\/wp-json\/wp\/v2\/media\/14523"}],"wp:attachment":[{"href":"https:\/\/www.teamartist.com\/blog\/wp-json\/wp\/v2\/media?parent=191"}],"wp:term":[{"taxonomy":"category","embeddable":true,"href":"https:\/\/www.teamartist.com\/blog\/wp-json\/wp\/v2\/categories?post=191"},{"taxonomy":"post_tag","embeddable":true,"href":"https:\/\/www.teamartist.com\/blog\/wp-json\/wp\/v2\/tags?post=191"},{"taxonomy":"tipologia","embeddable":true,"href":"https:\/\/www.teamartist.com\/blog\/wp-json\/wp\/v2\/tipologia?post=191"},{"taxonomy":"argomento","embeddable":true,"href":"https:\/\/www.teamartist.com\/blog\/wp-json\/wp\/v2\/argomento?post=191"},{"taxonomy":"format","embeddable":true,"href":"https:\/\/www.teamartist.com\/blog\/wp-json\/wp\/v2\/format?post=191"}],"curies":[{"name":"wp","href":"https:\/\/api.w.org\/{rel}","templated":true}]}}