{"id":122,"date":"2012-04-10T10:14:55","date_gmt":"2012-04-10T09:14:55","guid":{"rendered":"http:\/\/www.teamartist.com\/blog\/?page_id=122"},"modified":"2022-05-05T14:08:56","modified_gmt":"2022-05-05T13:08:56","slug":"fondare-unassociazione-sportiva-dilettantistica","status":"publish","type":"page","link":"https:\/\/www.teamartist.com\/blog\/prontuario\/fondare-unassociazione-sportiva-dilettantistica\/","title":{"rendered":"Come costituire una Associazione Sportiva Dilettantistica"},"content":{"rendered":"<h4 style=\"text-align: center; font-size: 14px;\" align=\"JUSTIFY\"><span style=\"color: #ff0000;\">Attenzione! Sei davvero certo che aprire un&#8217;Associazione Sportiva Dilettantistica sia la soluzione pi\u00f9 intelligente alle tue necessit\u00e0? Se ne sei certo prosegui pure nella lettura di questo post altrimenti scopri quali alternative hai e come decidere se e\u00a0<\/span><a href=\"https:\/\/www.teamartist.com\/costituire-nuova-associazione\/\">quale tipo di associazione costituire<\/a>.<\/h4>\n<p class=\"p1\"><span style=\"color: #ffffff;\">c<\/span><\/p>\n<p class=\"p1\"><span class=\"s1\">Per prima cosa ricordati che perch\u00e9 una Associazione Sportiva Dilettantistica possa godere di tutti i benefici di legge legati a questa particolare categoria di No Profit \u00e8 necessario che si <a href=\"https:\/\/www.teamartist.com\/blog\/2012\/09\/25\/registro-telematico-associazioni-sportive-coni\/\"><span class=\"s2\">iscriva al Registro Telematico del CONI<\/span><\/a>.<\/span><\/p>\n<p class=\"p1\"><span class=\"s1\">Ci\u00f2 \u00e8 possibile soltanto se l\u2019Associazione \u00e8 affiliata ad uno di questi enti nazionali sportivi riconosciuti dal CONI:<\/span><\/p>\n<p class=\"p1\"><span class=\"s1\"><strong>Federazioni Sportive Nazionali (FSN)<\/strong> -&gt; Sono gli enti nazionali italiani che si occupano di soli sport olimpici riconosciuti dal CIO (Comitato Olimpico Internazionale, l\u2019organismo che sovrintende i giochi olimpici)<\/span><\/p>\n<p class=\"p1\"><span class=\"s1\"><strong>\u00a0Discipline Sportive Associate (DSA)<\/strong> -&gt; Sono gli enti nazionali italiani che si occupano di soli sport ancora non olimpici ma che hanno una Federazione internazionale comunque riconosciuta dal CIO.\u00a0<\/span><\/p>\n<p class=\"p1\"><span class=\"s1\"><strong>\u00a0Enti di Promozione Sportiva (EPS)<\/strong> -&gt; Sono enti nazionali italiani nati nel dopoguerra come settori sportivi dei grandi partiti politici di allora. La loro caratteristica \u00e8 di non occuparsi di un solo sport ma di essere multidisciplinari e di essere anche nel\u00a0<a href=\"https:\/\/www.teamartist.com\/blog\/2012\/11\/23\/iscrizione-registro-nazionale-associazioni-promozione-sociale\/\"><span class=\"s2\">Registro delle Associazioni di Promozione Sociale Nazionali<\/span><\/a>. Pu\u00f2 essere utile fare un ragionamento a priori per capire\u00a0<a href=\"https:\/\/www.teamartist.com\/blog\/2012\/04\/10\/enti-sportivi-italiani-a-cosa-servono-e-quale-scegliere\/\"><span class=\"s2\">a quale Ente di Promozione Sportiva Nazionale affiliarsi<\/span><\/a>.<\/span><\/p>\n<p>Se sei sicuro che l&#8217;associazione sportiva dilettantistica sia quello che fa per te allora per prima cosa devi preparare i seguenti documenti:<\/p>\n<p style=\"text-align: left;\" align=\"JUSTIFY\"><span style=\"color: #ffffff;\">c<\/span><\/p>\n<h2 style=\"text-align: center;\" align=\"JUSTIFY\"><span style=\"color: #000000;\">Documenti propedeutici a costituire l&#8217;associazione sportiva<\/span><\/h2>\n<p style=\"text-align: justify;\" align=\"JUSTIFY\">Il primo passo sar\u00e0 redigere l&#8217;Atto Costitutivo e lo Statuto dell&#8217;Associazione. Cosa devono contenere questi due documenti?<\/p>\n<h3 style=\"text-align: justify;\" align=\"JUSTIFY\"><span style=\"font-size: 14pt;\">Atto Costitutivo<\/span><\/h3>\n<p style=\"text-align: justify;\" align=\"JUSTIFY\">L\u2019<strong>Atto<\/strong> <strong>Costitutivo <\/strong>\u00e8 il documento ufficiale, formale e sostanziale con il quale si sancisce la nascita dell\u2019associazione; in esso occorre speci\ufb01care la data e il luogo di costituzione, la denominazione e la sede legale dell\u2019associazione, nonch\u00e9 i dati anagra\ufb01ci dei soci fondatori \ufb01rmatari dell\u2019atto. Puoi decidere di provare a redigere uno\u00a0partendo da\u00a0uno dei nostri <a href=\"https:\/\/www.teamartist.com\/blog\/prontuario\/esempio-di-un-atto-costitutivo-di-una-associazione-sportiva-dilettantistica\/\">esempi di atto costitutivo<\/a>\u00a0per le associazioni sportive dilettantistiche (asd), attenzione per\u00f2 agli errori che potresti fare!<\/p>\n<h3 style=\"text-align: left;\" align=\"JUSTIFY\"><span style=\"color: #000000; font-size: 14pt;\">Statuto<\/span><\/h3>\n<p style=\"text-align: justify;\" align=\"JUSTIFY\">Lo <strong>Statuto<\/strong> \u00e8 il documento che, una volta costituita l&#8217;associazione, ne regola la vita e il funzionamento; pertanto vi si dovranno stabilire:<\/p>\n<ul style=\"text-align: justify;\">\n<li>\n<p align=\"JUSTIFY\">Denominazione e sede;<\/p>\n<\/li>\n<li>\n<p align=\"JUSTIFY\">Scopo e attivit\u00e0;<\/p>\n<\/li>\n<li>\n<p align=\"JUSTIFY\">Durata (anche qualora sia illimitata);<\/p>\n<\/li>\n<li>\n<p align=\"JUSTIFY\">Soci: coordinate per l&#8217;ammissione, diritti e doveri, causalit\u00e0 per la decadenza;<\/p>\n<\/li>\n<li>\n<p align=\"JUSTIFY\">Organi sociali (tra i quali saranno indispensabili l&#8217;Assemblea dei Soci , il Consiglio Direttivo e il Presidente);<\/p>\n<\/li>\n<li>\n<p align=\"JUSTIFY\">Assemblea dei Soci: diritti di partecipazione, coordinate dell&#8217;assemblea generale e straordinaria, validit\u00e0 assembleare;<\/p>\n<\/li>\n<li>\n<p align=\"JUSTIFY\">Consiglio Direttivo: caratteristiche, compiti, modalit\u00e0 di convocazione, procedura per le eventuali dimissioni;<\/p>\n<\/li>\n<li>\n<p align=\"JUSTIFY\">Presidente: compiti;<\/p>\n<\/li>\n<li>\n<p align=\"JUSTIFY\">Patrimonio ed esercizio finanziario;<\/p>\n<\/li>\n<li>\n<p align=\"JUSTIFY\">Coordinate per eventuali modifiche allo Statuto;<\/p>\n<\/li>\n<li>\n<p align=\"JUSTIFY\">Direttive per l&#8217;eventuale scioglimento dell&#8217;Associazione;<\/p>\n<\/li>\n<li>\n<p align=\"JUSTIFY\">Norma di rinvio per ci\u00f2 che non viene espressamente delineato nello Statuto.<\/p>\n<\/li>\n<\/ul>\n<h3><span style=\"font-size: 14pt;\">Costituire l&#8217;associazione con le agevolazioni fiscali<\/span><\/h3>\n<p style=\"text-align: justify;\" align=\"LEFT\">L\u2019<strong>art.148 del Decreto del Presidente della Repubblica n. 917\/86<\/strong> (<span lang=\"zxx\"><a href=\"https:\/\/www.teamartist.com\/blog\/tuir-testo-unico-delle-imposte-sui-redditi\/\" target=\"_blank\" rel=\"noopener nofollow noreferrer\">art. 148 TUIR \u2013 Testo Unico delle Imposte sui Redditi<\/a><\/span>), dispone che, per costituire l&#8217;associazione e godere delle agevolazioni fiscali, <strong>tutti gli enti di tipo associativo <\/strong><strong>devono inserire nei loro statuti<\/strong> (e far\u00a0rispettare) le seguenti clausole:<\/p>\n<p style=\"text-align: justify;\"><em>a)<\/em> <strong>divieto di distribuire anche in modo indiretto, utili o avanzi di gestione<\/strong> nonch\u00e9 fondi, riserve o capitale durante la vita dell\u2019associazione, salvo che la destinazione o la distribuzione non siano imposte dalla legge;<\/p>\n<p style=\"text-align: justify;\"><em>b)<\/em> <strong>obbligo di devolvere il patrimonio dell\u2019ente<\/strong>, in caso di suo scioglimento per qualunque causa, ad altra associazione con finalit\u00e0 analoghe o ai fini di pubblica utilit\u00e0, sentito l\u2019organismo di controllo di cui all\u2019articolo 3, comma 190, della Legge 23 dicembre 1996, n. 662, e salvo diversa destinazione imposta dalla legge;<\/p>\n<p style=\"text-align: justify;\"><em>c)<\/em> disciplina uniforme del rapporto associativo e delle modalit\u00e0 associative volte a garantire l\u2019effettivit\u00e0 del rapporto medesimo, <strong>escludendo espressamente la temporaneit\u00e0 della partecipazione alla vita associativa<\/strong> e <strong>prevedendo per gli associati o partecipanti maggiori d\u2019et\u00e0 il diritto di voto<\/strong> per l\u2019approvazione e le modificazioni dello statuto e dei regolamenti e per la nomina degli organi direttivi dell\u2019associazione;<\/p>\n<p style=\"text-align: justify;\"><em>d)<\/em> <strong>obbligo di redigere e di approvare annualmente un<\/strong> <strong>rendiconto economico e finanziario<\/strong> secondo le disposizioni statutarie;<\/p>\n<p style=\"text-align: justify;\"><em>e)<\/em> <strong>eleggibilit\u00e0 libera degli organi amministrativi<\/strong>, principio del <strong>voto singolo<\/strong> di cui all\u2019articolo 2532, secondo comma, del codice civile, <strong>sovranit\u00e0 dell\u2019assemblea dei soci<\/strong>, associati o partecipanti e i <strong>criteri di loro ammissione ed esclusione<\/strong>, <strong>criteri e idonee forme di pubblicit\u00e0 delle convocazioni assembleari, delle relative deliberazioni, dei bilanci o rendiconti<\/strong>; \u00e8 ammesso il voto per corrispondenza per le associazioni il cui atto costitutivo, anteriore al 1\u00b0 gennaio 1997, preveda tale modalit\u00e0 di voto ai sensi dell\u2019articolo 2532, ultimo comma, del codice civile e semprech\u00e9 le stesse abbiano rilevanza a livello nazionale e siano prive di organizzazione a livello locale;<\/p>\n<p style=\"text-align: justify;\"><em>f)<\/em> <strong>intrasmissibilit\u00e0 della quota<\/strong> o contributo associativo ad eccezione dei trasferimenti a causa di morte e non rivalutabilit\u00e0 della stessa.<\/p>\n<p style=\"text-align: justify;\" align=\"LEFT\">Le ASD inoltre devono, per costituire l&#8217;associazione e godere delle agevolazioni fiscali,\u00a0integrare i <strong>requisiti<\/strong> sopra indicati con quelli previsti dall\u2019<strong>art.90 della <span lang=\"zxx\"><a href=\"https:\/\/www.teamartist.com\/blog\/legge-39891-e-disposizioni-tributarie\/\" target=\"_blank\" rel=\"noopener nofollow noreferrer\">Legge 289\/2002<\/a><\/span><\/strong>, ossia specificare:<\/p>\n<p style=\"text-align: justify;\">1. nella denominazione le finalit\u00e0 sportive dilettantistiche (indicare nella denominazione sociale la dicitura di \u201cAssociazione Sportiva Dilettantistica\u201d);<\/p>\n<p style=\"text-align: justify;\">2. la sede legale;<\/p>\n<p style=\"text-align: justify;\">3. l&#8217;oggetto sociale con riferimento all&#8217;organizzazione di attivit\u00e0 sportive dilettantistiche, compresa l&#8217;attivit\u00e0 didattica;<\/p>\n<p style=\"text-align: justify;\">4. l&#8217;attribuzione della rappresentanza legale dell&#8217;associazione;<\/p>\n<p style=\"text-align: justify;\">5. l&#8217;assenza di fini di lucro e la previsione che i proventi delle attivit\u00e0 non possono, in nessun caso, essere divisi fra gli associati, anche in forme indirette;<\/p>\n<p style=\"text-align: justify;\">6. le norme sull&#8217;ordinamento interno ispirato a principi di democrazia e di uguaglianza dei diritti di tutti gli associati, con la previsione dell&#8217;elettivit\u00e0 delle cariche sociali, fatte salve le societ\u00e0 sportive dilettantistiche (asd) che assumono la forma di societ\u00e0 di capitali o cooperative per le quali si applicano le disposizioni del codice civile;<\/p>\n<p style=\"text-align: justify;\">7. l&#8217;obbligo di redazione di rendiconti economico-finanziari, nonch\u00e9 le modalit\u00e0 di approvazione degli stessi da parte degli organi statutari;<\/p>\n<p style=\"text-align: justify;\">8. le modalit\u00e0 di scioglimento dell&#8217;associazione;<\/p>\n<p style=\"text-align: justify;\">9. l&#8217;obbligo di devoluzione ai fini sportivi del patrimonio in caso di scioglimento delle societ\u00e0 e delle associazioni;<\/p>\n<p style=\"text-align: justify;\">10. \u201c<em>l\u2019obbligo di conformarsi alle norme e alle direttive del CONI nonch\u00e9 agli statuti e ai regolamenti delle Federazioni sportive nazionali e delle discipline sportive associate o dell\u2019ente di promozione sportiva cui la societ\u00e0 o associazione intende affiliarsi<\/em>\u201d, secondo quanto previsto dalla Delibera del Consiglio Nazionale CONI n. 1273 del 15.07.2004.<\/p>\n<p style=\"text-align: justify;\" align=\"LEFT\">Anche in questo caso puoi decidere di provare a redigere il documento\u00a0partendo da\u00a0uno dei nostri <a href=\"https:\/\/www.teamartist.com\/blog\/prontuario\/esempio-di-un-atto-costitutivo-di-una-associazione-sportiva-dilettantistica\/\">esempi di statuto<\/a>\u00a0per le associazioni sportive dilettantistiche (asd). Attenzione, per\u00f2, che lo statuto \u00e8 moltoe pi\u00f9 complicato da scrivere dell&#8217;atto costitutivo, gli errori che potresti fare in questo caso sono MOLTO costosi da sistemare in futuro!<\/p>\n<p style=\"text-align: justify;\" align=\"LEFT\"><a title=\"Perch\u00e8 uno Statuto valido deve essere rivisto da un Professionista?\" href=\"https:\/\/www.teamartist.com\/blog\/2014\/02\/19\/perche-uno-statuto-valido-deve-essere-rivisto-da-un-professionista\/\" target=\"_blank\" rel=\"noopener nofollow noreferrer\"><span lang=\"zxx\">E&#8217; di fondamentale importanza che il vostro Statuto sia a norma di legge! Se avete bisogno, noi possiamo aiutarvi!<\/span><\/a><\/p>\n<p align=\"LEFT\">Una volta redatti lo Statuto e l&#8217;Atto Costitutivo, al fine di poter costituire l&#8217;Associazione ottenendo i benefici fiscali previsti,<strong> \u00e8 necessario registrare questi atti presso l\u2019Ufficio Locale dell\u2019Agenzia delle Entrate<\/strong> (ex Ufficio del Registro) <strong>entro 20 giorni dalla costituzione dell&#8217;Associazione; prima per\u00f2 occorre richiedere il codice fiscale<\/strong>.<\/p>\n<p align=\"LEFT\">Andiamo quindi con ordine.<\/p>\n<h3 style=\"text-align: left;\" align=\"JUSTIFY\"><span style=\"color: #000000; font-size: 14pt;\">Codice Fiscale<\/span><\/h3>\n<p style=\"text-align: justify;\"><strong>Come si richiede il codice fiscale?<\/strong><\/p>\n<p style=\"text-align: justify;\">Per avere il codice fiscale la procedura \u00e8 piuttosto semplice: basta compilare in duplice copia l\u2019apposito <span lang=\"zxx\"><a href=\"https:\/\/www.teamartist.com\/blog\/wp-content\/uploads\/2012\/10\/AA5_modello.pdf\" target=\"_blank\" rel=\"noopener nofollow noreferrer\">modello AA5\/6 <\/a><\/span>(\u201cdomanda di attribuzione codice fiscale, comunicazione variazione dati, avvenuta fusione, concentrazione, trasformazione ed estinzione\u201d) e presentarlo all\u2019Agenzia delle Entrate competente per il territorio in cui ha sede legale l\u2019Associazione (<span lang=\"zxx\"><a href=\"https:\/\/www1.agenziaentrate.gov.it\/strumenti\/mappe\/\" target=\"_blank\" rel=\"noopener nofollow noreferrer\">qui potete trovare l&#8217;ufficio pi\u00f9 vicino a voi<\/a><\/span>). Questa operazione deve essere svolta dal Presidente della Associazione o da un suo delegato.<\/p>\n<p style=\"text-align: justify;\">Il modello pu\u00f2 anche essere inviato per posta (mediante raccomandata), allegando copia fotostatica di un documento di identificazione del rappresentante legale e copia dello Statuto con l&#8217;atto costitutivo. In tal caso il modello si considera presentato nel giorno in cui risulta spedito.<\/p>\n<p style=\"text-align: justify;\"><span style=\"font-style: normal;\"><span style=\"font-weight: normal;\">Se l&#8217;associazione prevede di svolgere attivit\u00e0 commerciale, deve richiedere l\u2019attribuzione del numero di Partita IVA presso l\u2019Ufficio della Agenzia delle Entrate territorialmente competente, che potr\u00e0 avvenire contestualmente alla richiesta del codice fiscale oppure anche successivamente.<\/span><\/span><\/p>\n<p style=\"text-align: justify;\"><a href=\"https:\/\/www.teamartist.com\/blog\/2012\/10\/01\/richiesta-codice-fiscale-partita-iva-associazione\/\" target=\"_blank\" rel=\"noopener nofollow noreferrer\"><span lang=\"zxx\">Leggi in nostro post <\/span><em><span lang=\"zxx\">E\u2019 obbligatorio che una Associazione abbia un codice fiscale o la partita iva?<\/span><\/em><\/a><\/p>\n<p style=\"text-align: left;\" align=\"JUSTIFY\"><span style=\"color: #ffffff;\">c<\/span><\/p>\n<h2 style=\"text-align: center;\" align=\"JUSTIFY\"><span style=\"color: #000000;\">Costituire l&#8217;Associazione<\/span><\/h2>\n<h3 style=\"text-align: justify;\"><span style=\"font-size: 14pt;\"><strong>Come si registrano lo Statuto e l&#8217;Atto Costituivo?<\/strong><\/span><\/h3>\n<p style=\"text-align: justify;\">Se Statuto e Atto Costituivo sono stati redatti da un notaio, sar\u00e0 il notaio stesso ad occuparsi della registrazione degli atti <strong>entro 20 giorni<\/strong> dalla data di stipulazione. Altrimenti, ci si deve recare all\u2019Ufficio Locale (competente per zona rispetto alla sede legale dell\u2019Associazione) dell\u2019Agenzia delle Entrate, con i seguenti documenti:<\/p>\n<ul style=\"text-align: justify;\">\n<li>2 copie dell\u2019atto costitutivo e 2 copie dello statuto, in originale e firmate in calce dai soci fondatori (una copia rester\u00e0 all\u2019Agenzia delle Entrate, una copia verr\u00e0 restituita all\u2019Associazione);<\/li>\n<li>delega (se chi si reca a registrare gli atti non \u00e8 il legale rappresentante dell&#8217;Associazione) e copia della carta di identit\u00e0 del richiedente e del legale rappresentante dell\u2019Associazione;<\/li>\n<li><span lang=\"zxx\"><a href=\"https:\/\/www.agenziaentrate.gov.it\/wps\/wcm\/connect\/0bad0000460a48f8938edf51d5b740d9\/modello+69_mod.pdf?MOD=AJPERES&amp;CACHEID=0bad0000460a48f8938edf51d5b740d9\" target=\"_blank\" rel=\"noopener nofollow noreferrer\">modello 69 <\/a><\/span>compilato;<\/li>\n<li>ricevuta del versamento dell&#8217;imposta di registro di 200,00 euro (da effettuarsi in banca o in posta con <span lang=\"zxx\"><a href=\"https:\/\/www.agenziaentrate.gov.it\/wps\/wcm\/connect\/05424600430d3e10a97bede021424c34\/nuovof23c.pdf?MOD=AJPERES&amp;CACHEID=05424600430d3e10a97bede021424c34\" target=\"_blank\" rel=\"noopener nofollow noreferrer\">modello F23 <\/a><\/span>ed indicando il codice tributo 109T), se dovuta;<\/li>\n<li>\n<p align=\"LEFT\">diverse marche da bollo da 16,00 euro (a seconda della lunghezza degli atti: 1 marca &#8220;ogni 100 righe&#8221;), se dovute.<\/p>\n<\/li>\n<\/ul>\n<p style=\"text-align: justify;\" align=\"LEFT\"><a title=\"Quando e come si devono registrare Statuto e Atto Costitutivo\" href=\"https:\/\/www.teamartist.com\/blog\/2013\/04\/30\/quando-come-registrare-statuto-atto-costitutivo\/\" target=\"_blank\" rel=\"noopener nofollow noreferrer\"><span lang=\"zxx\">Leggi il nostro post <\/span><span lang=\"zxx\"><em>Quando e come si devono registrare Statuto e Atto Costitutivo<\/em>.<\/span><\/a><\/p>\n<h3 style=\"text-align: left;\" align=\"LEFT\"><span style=\"color: #000000; font-size: 14pt;\">MODELLO EAS<\/span><\/h3>\n<p style=\"text-align: justify;\" align=\"LEFT\">Infine, per accedere alle agevolazioni fiscali, <strong>entro 60 giorni<\/strong> dalla costituzione dell&#8217;Associazione bisogner\u00e0 inviare all&#8217;Agenzia delle Entrate (per via telematica) il Modello EAS, ossia la dichiarazione dei dati e delle notizie fiscalmente rilevanti.<\/p>\n<p style=\"text-align: justify;\"><a title=\"Il modello EAS: chi, come, dove e quando lo deve fare\" href=\"https:\/\/www.teamartist.com\/blog\/2012\/09\/21\/il-modello-eas-chi-come-dove-e-quando-lo-deve-fare\/\" target=\"_blank\" rel=\"noopener nofollow noreferrer\"><span lang=\"zxx\">Leggi il nostro post <\/span><em><span lang=\"zxx\">Il modello EAS: chi, come, dove e quando lo deve fare<\/span>.<\/em><\/a><\/p>\n<h3 style=\"text-align: left;\"><span style=\"color: #000000; font-size: 14pt;\">AFFILIAZIONE A EPS e\/o FSN E ISCRIZIONE AL CONI<\/span><\/h3>\n<p style=\"text-align: justify;\"><span lang=\"it-IT\">Ogni <\/span><span lang=\"it-IT\">Associazione Sportiva Dilettantistica<\/span><span lang=\"it-IT\">, per completare l&#8217;iter burocratico che le permetter\u00e0 di godere delle agevolazioni fiscali predisposte dalla Legge, dovr\u00e0 <\/span><span lang=\"it-IT\">registrarsi presso un <\/span><strong><span lang=\"it-IT\">Ente di <\/span><span lang=\"it-IT\">Promozione Sportiva <\/span><\/strong><span lang=\"it-IT\">(<\/span><span lang=\"it-IT\">o una <strong>Federazione Sportiva Nazionale<\/strong><\/span><span lang=\"it-IT\"> di riferimento):<\/span><span lang=\"it-IT\"> solo cos\u00ec otterr\u00e0 il certificato necessario per l&#8217;obbligatoria iscrizione al registro del <\/span><span lang=\"it-IT\">CONI <\/span><span lang=\"it-IT\">(<\/span><span lang=\"it-IT\">Comitato Olimpico Nazionale Italiano<\/span><span lang=\"it-IT\">). <strong>L&#8217;affiliazione \u00e8<\/strong> <\/span><strong><span lang=\"it-IT\">annuale<\/span><\/strong><span lang=\"it-IT\">.<\/span><\/p>\n<p style=\"text-align: justify;\">Leggi il nostro post <em><span lang=\"zxx\"><a href=\"https:\/\/www.teamartist.com\/blog\/2012\/04\/10\/enti-sportivi-italiani-a-cosa-servono-e-quale-scegliere\/\" target=\"_blank\" rel=\"noopener nofollow noreferrer\">Enti di promozione sportiva: a cosa servono e quale scegliere<\/a><\/span><\/em><\/p>\n<p style=\"text-align: justify;\"><span lang=\"it-IT\">Anche<strong> l\u2019iscrizione al Registro del CONI <\/strong><\/span><strong><span lang=\"it-IT\">ha <\/span><span lang=\"it-IT\">validit\u00e0 annuale<\/span><\/strong><span lang=\"it-IT\"> in quanto coincide con quella di affiliazione alla propria EPS\/FSN;<\/span><span lang=\"it-IT\"> l<\/span>\u2019iscrizione \u00e8 effettuabile solo <strong>online<\/strong> sul sito <span lang=\"zxx\"><a href=\"https:\/\/www.coni.it\/\" rel=\"nofollow noopener noreferrer\" target=\"_blank\">www.coni.it<\/a><\/span><span lang=\"it-IT\">, sezione \u201cRegistro delle Societ\u00e0 Sportive\u201d da cui \u00e8 possibile scaricare una guida all&#8217;iscrizione.<\/span><\/p>\n<p style=\"text-align: justify;\" align=\"LEFT\"><span lang=\"it-IT\">Al completamento della procedura di iscrizione online \u00e8 importante stampare la <\/span><strong><span lang=\"it-IT\">dichiarazione sostitutiva <\/span><\/strong><span lang=\"it-IT\">che riepiloga le principali informazioni inserite; tale dichiarazione deve essere firmata dal legale rappresentante e presentata al <\/span><span lang=\"it-IT\"><strong>Comitato Regionale del CONI<\/strong> territorialmente competente<\/span><span lang=\"it-IT\"> indicato in calce al documento stesso. <\/span><span lang=\"it-IT\">Pu\u00f2 essere consegnata a mano oppure trasmessa via fax oppure spedita per posta insieme alla <\/span><span lang=\"it-IT\">copia di un documento d\u2019identit\u00e0 valido e leggibile del sottoscrittore.<\/span><\/p>\n<p style=\"text-align: justify;\" align=\"LEFT\"><span lang=\"it-IT\">Con la <\/span><span lang=\"it-IT\">convalida da parte del Comitato Regionale CONI<\/span><span lang=\"it-IT\"> territorialmente competente, si concretizza la regolare iscrizione al Registro.<\/span><\/p>\n<p style=\"text-align: justify;\" align=\"LEFT\">Leggi il nostro post <em><span lang=\"zxx\"><a href=\"https:\/\/www.teamartist.com\/blog\/2012\/09\/25\/registro-telematico-associazioni-sportive-coni\/\" target=\"_blank\" rel=\"noopener nofollow noreferrer\">Il Registro Telematico delle Associazioni Sportive tenuto dal CONI<\/a><\/span><\/em><\/p>\n","protected":false},"excerpt":{"rendered":"<p><a class=\"ninja_pages_read_more\"  href=\"https:\/\/www.teamartist.com\/blog\/prontuario\/fondare-unassociazione-sportiva-dilettantistica\/\"><\/a><\/p>\n","protected":false},"author":1,"featured_media":9781,"parent":109,"menu_order":1,"comment_status":"closed","ping_status":"open","template":"","format":[],"meta":{"ns_format_proposto":0,"ns_tipologia_proposta":0,"ns_tag_proposti":[],"ns_argomento_proposto":0,"ns_categoria_proposta":0,"ns_check_query_entries":[],"ns_valutazione_query_keywords":[],"ns_pagespeed_results":[],"footnotes":""},"categories":[863],"tags":[871],"tipologia":[],"argomento":[],"class_list":["post-122","page","type-page","status-publish","has-post-thumbnail","hentry","category-costituireassociazione","tag-costituire_associazione_sportiva_dilettantistica_-_asd"],"_links":{"self":[{"href":"https:\/\/www.teamartist.com\/blog\/wp-json\/wp\/v2\/pages\/122","targetHints":{"allow":["GET"]}}],"collection":[{"href":"https:\/\/www.teamartist.com\/blog\/wp-json\/wp\/v2\/pages"}],"about":[{"href":"https:\/\/www.teamartist.com\/blog\/wp-json\/wp\/v2\/types\/page"}],"author":[{"embeddable":true,"href":"https:\/\/www.teamartist.com\/blog\/wp-json\/wp\/v2\/users\/1"}],"replies":[{"embeddable":true,"href":"https:\/\/www.teamartist.com\/blog\/wp-json\/wp\/v2\/comments?post=122"}],"version-history":[{"count":"1","href":"https:\/\/www.teamartist.com\/blog\/wp-json\/wp\/v2\/pages\/122\/revisions"}],"predecessor-version":[{"id":13042,"href":"https:\/\/www.teamartist.com\/blog\/wp-json\/wp\/v2\/pages\/122\/revisions\/13042"}],"up":[{"embeddable":true,"href":"https:\/\/www.teamartist.com\/blog\/wp-json\/wp\/v2\/pages\/109"}],"wp:featuredmedia":[{"embeddable":true,"href":"https:\/\/www.teamartist.com\/blog\/wp-json\/wp\/v2\/media\/9781"}],"wp:attachment":[{"href":"https:\/\/www.teamartist.com\/blog\/wp-json\/wp\/v2\/media?parent=122"}],"wp:term":[{"taxonomy":"category","embeddable":true,"href":"https:\/\/www.teamartist.com\/blog\/wp-json\/wp\/v2\/categories?post=122"},{"taxonomy":"post_tag","embeddable":true,"href":"https:\/\/www.teamartist.com\/blog\/wp-json\/wp\/v2\/tags?post=122"},{"taxonomy":"tipologia","embeddable":true,"href":"https:\/\/www.teamartist.com\/blog\/wp-json\/wp\/v2\/tipologia?post=122"},{"taxonomy":"argomento","embeddable":true,"href":"https:\/\/www.teamartist.com\/blog\/wp-json\/wp\/v2\/argomento?post=122"},{"taxonomy":"format","embeddable":true,"href":"https:\/\/www.teamartist.com\/blog\/wp-json\/wp\/v2\/format?post=122"}],"curies":[{"name":"wp","href":"https:\/\/api.w.org\/{rel}","templated":true}]}}