{"id":111,"date":"2012-04-06T16:20:16","date_gmt":"2012-04-06T15:20:16","guid":{"rendered":"http:\/\/www.teamartist.com\/blog\/?page_id=111"},"modified":"2019-11-11T10:46:45","modified_gmt":"2019-11-11T09:46:45","slug":"fondare-una-associazione-di-promozione-sociale","status":"publish","type":"page","link":"https:\/\/www.teamartist.com\/blog\/prontuario\/fondare-una-associazione-di-promozione-sociale\/","title":{"rendered":"APS &#8211; Associazioni di Promozione Sociale"},"content":{"rendered":"<p align=\"JUSTIFY\">Sono considerate Associazioni di Promozione Sociale le associazioni riconosciute e non riconosciute, i movimenti e i gruppi costituiti al fine di svolgere <strong>attivit\u00e0 di utilit\u00e0 sociale a favore di associati o di terzi<\/strong>, senza finalit\u00e0 di lucro e nel pieno rispetto della libert\u00e0 e dignit\u00e0 degli associati. Sono ad esempio Associazioni di Promozione Sociale le ACLI, l&#8217;ARCI, Legambiente, ecc.<\/p>\n<p style=\"text-align: justify;\">Non sono considerate associazioni di promozione sociale:<\/p>\n<ul style=\"text-align: justify;\">\n<li>i partiti politici, le organizzazioni sindacali, le associazioni dei datori di lavoro, le associazioni professionali e di categoria e tutte le associazioni che hanno come \ufb01nalit\u00e0 la tutela esclusiva di interessi economici degli associati (non sono APS la Cisl, la Cgil, Con\ufb01ndustria, l\u2019Associazione Artigiani, etc.);<\/li>\n<li>\n<p align=\"LEFT\">i circoli privati e le associazioni comunque denominate che dispongono limitazioni con riferimento alle condizioni economiche e discriminazioni di qualsiasi natura in relazione all\u2019ammissione degli associati o prevedono il diritto di trasferimento, a qualsiasi titolo, della quota associativa o che, in\ufb01ne, collegano, in qualsiasi forma, la partecipazione sociale alla titolarit\u00e0 di azioni o quote di natura patrimoniale (non sono APS i Rotary Club).<\/p>\n<\/li>\n<\/ul>\n<p style=\"text-align: justify;\" align=\"LEFT\">Le associazioni di promozione sociale si avvalgono <em>prevalentemente<\/em> delle<strong> attivit\u00e0 prestate in forma volontaria, libera e gratuita<\/strong><strong> dai propri associati<\/strong> per il perseguimento dei \ufb01ni istituzionali ma possono, in caso di particolare necessit\u00e0, assumere lavoratori dipendenti o avvalersi di prestazioni di lavoro autonomo, anche ricorrendo a propri associati.<\/p>\n<p>&nbsp;<\/p>\n","protected":false},"excerpt":{"rendered":"<p><a class=\"ninja_pages_read_more\"  href=\"https:\/\/www.teamartist.com\/blog\/prontuario\/fondare-una-associazione-di-promozione-sociale\/\"><\/a><\/p>\n","protected":false},"author":1,"featured_media":14534,"parent":109,"menu_order":1,"comment_status":"closed","ping_status":"open","template":"prontuario.php","format":[],"meta":{"ns_format_proposto":0,"ns_tipologia_proposta":0,"ns_tag_proposti":[],"ns_argomento_proposto":0,"ns_categoria_proposta":0,"ns_check_query_entries":[],"ns_valutazione_query_keywords":[],"ns_pagespeed_results":[],"footnotes":""},"categories":[863],"tags":[],"tipologia":[],"argomento":[],"class_list":["post-111","page","type-page","status-publish","has-post-thumbnail","hentry","category-costituireassociazione"],"_links":{"self":[{"href":"https:\/\/www.teamartist.com\/blog\/wp-json\/wp\/v2\/pages\/111","targetHints":{"allow":["GET"]}}],"collection":[{"href":"https:\/\/www.teamartist.com\/blog\/wp-json\/wp\/v2\/pages"}],"about":[{"href":"https:\/\/www.teamartist.com\/blog\/wp-json\/wp\/v2\/types\/page"}],"author":[{"embeddable":true,"href":"https:\/\/www.teamartist.com\/blog\/wp-json\/wp\/v2\/users\/1"}],"replies":[{"embeddable":true,"href":"https:\/\/www.teamartist.com\/blog\/wp-json\/wp\/v2\/comments?post=111"}],"version-history":[{"count":0,"href":"https:\/\/www.teamartist.com\/blog\/wp-json\/wp\/v2\/pages\/111\/revisions"}],"up":[{"embeddable":true,"href":"https:\/\/www.teamartist.com\/blog\/wp-json\/wp\/v2\/pages\/109"}],"wp:featuredmedia":[{"embeddable":true,"href":"https:\/\/www.teamartist.com\/blog\/wp-json\/wp\/v2\/media\/14534"}],"wp:attachment":[{"href":"https:\/\/www.teamartist.com\/blog\/wp-json\/wp\/v2\/media?parent=111"}],"wp:term":[{"taxonomy":"category","embeddable":true,"href":"https:\/\/www.teamartist.com\/blog\/wp-json\/wp\/v2\/categories?post=111"},{"taxonomy":"post_tag","embeddable":true,"href":"https:\/\/www.teamartist.com\/blog\/wp-json\/wp\/v2\/tags?post=111"},{"taxonomy":"tipologia","embeddable":true,"href":"https:\/\/www.teamartist.com\/blog\/wp-json\/wp\/v2\/tipologia?post=111"},{"taxonomy":"argomento","embeddable":true,"href":"https:\/\/www.teamartist.com\/blog\/wp-json\/wp\/v2\/argomento?post=111"},{"taxonomy":"format","embeddable":true,"href":"https:\/\/www.teamartist.com\/blog\/wp-json\/wp\/v2\/format?post=111"}],"curies":[{"name":"wp","href":"https:\/\/api.w.org\/{rel}","templated":true}]}}